{"id":2936,"date":"2025-03-04T14:44:13","date_gmt":"2025-03-04T14:44:13","guid":{"rendered":"https:\/\/internationalizare.upg-ploiesti.ro\/?page_id=2936"},"modified":"2025-03-04T15:05:35","modified_gmt":"2025-03-04T15:05:35","slug":"lagence-universitaire-de-la-francophonie-auf","status":"publish","type":"page","link":"https:\/\/internationalizare.upg-ploiesti.ro\/index.php\/programe\/lagence-universitaire-de-la-francophonie-auf\/","title":{"rendered":"L\u2019Agence Universitaire de la Francophonie &#8211; AUF"},"content":{"rendered":"\t\t<div data-elementor-type=\"wp-page\" data-elementor-id=\"2936\" class=\"elementor elementor-2936\">\n\t\t\t\t<div class=\"elementor-element elementor-element-b0b7800 e-flex e-con-boxed e-con e-parent\" data-id=\"b0b7800\" data-element_type=\"container\" data-core-v316-plus=\"true\">\n\t\t\t\t\t<div class=\"e-con-inner\">\n\t\t\t\t<div class=\"elementor-element elementor-element-a04fc36 elementor-widget elementor-widget-ucaddon_post_news_tickers\" data-id=\"a04fc36\" data-element_type=\"widget\" data-widget_type=\"ucaddon_post_news_tickers.default\">\n\t\t\t\t<div class=\"elementor-widget-container\">\n\t\t\t\n<!-- start Post Ticker -->\n\t\t<link id='font-awesome-css' href='https:\/\/internationalizare.upg-ploiesti.ro\/wp-content\/plugins\/unlimited-elements-for-elementor\/assets_libraries\/font-awesome6\/fontawesome-all.min.css' type='text\/css' rel='stylesheet' >\n\t\t<link id='font-awesome-4-shim-css' href='https:\/\/internationalizare.upg-ploiesti.ro\/wp-content\/plugins\/unlimited-elements-for-elementor\/assets_libraries\/font-awesome6\/fontawesome-v4-shims.min.css' type='text\/css' rel='stylesheet' >\n\t\t<link id='bx-slider-css' href='https:\/\/internationalizare.upg-ploiesti.ro\/wp-content\/plugins\/unlimited-elements-for-elementor\/assets_libraries\/bxslider\/jquery.bxslider.min.css' type='text\/css' rel='stylesheet' >\n\t\t<link id='uc_ac_assets_file_uc_news_ticker_css_25667-css' href='https:\/\/internationalizare.upg-ploiesti.ro\/wp-content\/uploads\/ac_assets\/News Tickers\/uc_news_ticker.css' type='text\/css' rel='stylesheet' >\n\n<style>\/* widget: Post Ticker *\/\n\n.uc_news_ticker-holder .uc-item-hidden{\n   display:none;\n}\n\n\n\t\n\n\n\n\n.uc_news_ticker-holder .uc-item-hidden:first-child{\n  display:block;\n}\n\n#uc_post_news_tickers_elementor_a04fc36.uc_news_ticker-holder .flex-container {\n\tbackground: #999999;\n    -webkit-background-clip: padding-box; \n    -moz-background-clip:    padding; \n    background-clip:         padding-box;\n}\n#uc_post_news_tickers_elementor_a04fc36.uc_news_ticker-holder .point-arrow:after{\n\tborder-left-color: #999999;\n}\n\n#uc_post_news_tickers_elementor_a04fc36.uc_news_ticker-holder .uc_ticker-control .uc_ticker-nav a{\n  \tbackground:#555555;\n\tcolor:#ffffff;\n  \tpadding: 0px 20px;\n}\n\n#uc_post_news_tickers_elementor_a04fc36.uc_news_ticker-holder .uc_ticker-control .uc_ticker-nav a:hover{\n  \tbackground:#eeeeee;\n\tcolor:#000000;\n}\n\n<\/style>\n\n<div class=\"uc_news_ticker-holder \" id=\"uc_post_news_tickers_elementor_a04fc36\" >\n\t<div class=\"uc_news_ticker ltr\">\n\t\t\n\t\t<div class=\"uc_diagonal-news-ticker flex-container\">\n\t\t\t<div class=\"uc_ticker-heading \">\n\t\t\t\t<div class=\"uc_heading-content\">Auf<\/div>\n\t\t\t<\/div>\n\n\t\t\t<div class=\"uc_ticker-content\">\n\t\t\t\t<div class=\"uc_ticker-slider uc_slider uc-items-wrapper\">\n\t\t\t\t\t<div class=\"uc_ticker-box uc-item-hidden\">\n  \t<a href=\"https:\/\/internationalizare.upg-ploiesti.ro\/index.php\/stiri\/appel-a-projets-soutien-a-la-recherche-scientifique-francophone\/\"><p class=\"ue_post_title\">APPEL A PROJETS : soutien \u00e0 la recherche scientifique francophone<\/p><\/a>\n    \n  \t<a href=\"https:\/\/internationalizare.upg-ploiesti.ro\/index.php\/stiri\/appel-a-projets-soutien-a-la-recherche-scientifique-francophone\/\"><div class=\"uc_sub-title\">Si vous avez des difficult\u00e9s \u00e0 visualiser cet email,&nbsp;suivez ce lien\n\n\n\n\n\n\n\n\n\n\n&nbsp;Dear Madam,...<\/div><\/a>\n    \n  \t <div class=\"uc_date\">February 27, 2025<\/div>\n    \n  <\/div>\n<div class=\"uc_ticker-box uc-item-hidden\">\n  \t<a href=\"https:\/\/internationalizare.upg-ploiesti.ro\/index.php\/stiri\/conference-internationale-sur-leconomie-circulaire-a-timisoara-roumanie-10-11-07-2025\/\"><p class=\"ue_post_title\">CONFERENCE INTERNATIONALE sur l'\u00e9conomie circulaire \u00e0 Timi\u0219oara, Roumanie 10-11\/07\/2025<\/p><\/a>\n    \n  \t<a href=\"https:\/\/internationalizare.upg-ploiesti.ro\/index.php\/stiri\/conference-internationale-sur-leconomie-circulaire-a-timisoara-roumanie-10-11-07-2025\/\"><div class=\"uc_sub-title\">Dear Madam, Dear Sir,\n\n\nThe West University of Timi\u0219oara, in collaboration with AUF &#8211; ECO and partners,...<\/div><\/a>\n    \n  \t <div class=\"uc_date\">February 20, 2025<\/div>\n    \n  <\/div>\n<div class=\"uc_ticker-box uc-item-hidden\">\n  \t<a href=\"https:\/\/internationalizare.upg-ploiesti.ro\/index.php\/stiri\/colloque-international-francophonies-pratiques-transferts-culturels-mutations\/\"><p class=\"ue_post_title\">COLLOQUE INTERNATIONAL - Francophonies : pratiques, transferts culturels, mutations<\/p><\/a>\n    \n  \t<a href=\"https:\/\/internationalizare.upg-ploiesti.ro\/index.php\/stiri\/colloque-international-francophonies-pratiques-transferts-culturels-mutations\/\"><div class=\"uc_sub-title\">Dear Sir, dear Madam,\n\n\nOn May 23rd and 24th, 2025,&nbsp; the University &#8220;Alexandru Ioan Cuza&#8221;,...<\/div><\/a>\n    \n  \t <div class=\"uc_date\">February 19, 2025<\/div>\n    \n  <\/div>\n<div class=\"uc_ticker-box uc-item-hidden\">\n  \t<a href=\"https:\/\/internationalizare.upg-ploiesti.ro\/index.php\/stiri\/doctorants-appel-a-candidatures-je-publie-mon-article\/\"><p class=\"ue_post_title\">DOCTORANTS. Appel \u00e0 candidatures : \"Je publie mon article!\"<\/p><\/a>\n    \n  \t<a href=\"https:\/\/internationalizare.upg-ploiesti.ro\/index.php\/stiri\/doctorants-appel-a-candidatures-je-publie-mon-article\/\"><div class=\"uc_sub-title\">Madame, Monsieur,\n\n\nDans le cadre de l\u2019Universit\u00e9 d\u2019\u00e9t\u00e9 de la Francophonie organis\u00e9e \u00e0 Rabat (Maroc)...<\/div><\/a>\n    \n  \t <div class=\"uc_date\">February 11, 2025<\/div>\n    \n  <\/div>\n<div class=\"uc_ticker-box uc-item-hidden\">\n  \t<a href=\"https:\/\/internationalizare.upg-ploiesti.ro\/index.php\/stiri\/appel-a-formations-certifiantes-institut-de-la-formation-a-distance-de-la-francophonie\/\"><p class=\"ue_post_title\">APPEL \u00e0 formations certifiantes - Institut de la Formation \u00e0 Distance de la Francophonie<\/p><\/a>\n    \n  \t<a href=\"https:\/\/internationalizare.upg-ploiesti.ro\/index.php\/stiri\/appel-a-formations-certifiantes-institut-de-la-formation-a-distance-de-la-francophonie\/\"><div class=\"uc_sub-title\">Madame, Monsieur,\n\n\nL&#8217;agence Universitaire de la Francophonie et&nbsp;l&#8217;IFIC &#8211; Institut...<\/div><\/a>\n    \n  \t <div class=\"uc_date\">February 3, 2025<\/div>\n    \n  <\/div>\n<div class=\"uc_ticker-box uc-item-hidden\">\n  \t<a href=\"https:\/\/internationalizare.upg-ploiesti.ro\/index.php\/stiri\/etudiants-stages-de-traduction-translation-internship\/\"><p class=\"ue_post_title\">ETUDIANTS : stages de traduction \/ translation internship<\/p><\/a>\n    \n  \t<a href=\"https:\/\/internationalizare.upg-ploiesti.ro\/index.php\/stiri\/etudiants-stages-de-traduction-translation-internship\/\"><div class=\"uc_sub-title\">Bonjour,\n\n\nL\u2019Agence Universitaire de la Francophonie en Europe Centrale et Orientale (AUF &#8211; ECO)...<\/div><\/a>\n    \n  \t <div class=\"uc_date\">January 21, 2025<\/div>\n    \n  <\/div>\n<div class=\"uc_ticker-box uc-item-hidden\">\n  \t<a href=\"https:\/\/internationalizare.upg-ploiesti.ro\/index.php\/stiri\/auf-eco_lancement-concours-video-merci-mon-prof-duniversite\/\"><p class=\"ue_post_title\">AUF-ECO_Lancement Concours vid\u00e9o \u00ab Merci, mon prof d\u2019universit\u00e9 ! \u00bb<\/p><\/a>\n    \n  \t<a href=\"https:\/\/internationalizare.upg-ploiesti.ro\/index.php\/stiri\/auf-eco_lancement-concours-video-merci-mon-prof-duniversite\/\"><div class=\"uc_sub-title\">Ch\u00e8re Madame \/ Cher Monsieur,\n\n\nA l&#8217;occasion de la journ\u00e9e internationale des profs de fran\u00e7ais,...<\/div><\/a>\n    \n  \t <div class=\"uc_date\">November 21, 2024<\/div>\n    \n  <\/div>\n\n\t\t\t\t<\/div>\n              \t\n              \t\t\t\t\t<div class=\"uc_ticker-control\">\n\t\t\t\t\t<span class=\"uc_ticker-nav abx-next\"><\/span>\n\t\t\t\t\t<span class=\"uc_ticker-nav abx-prev\"><\/span>\n\t\t\t\t<\/div>\n              \t              \n              \t                    <svg id=\"bg\" height=\"100%\" width=\"50\" viewBox=\"0 0 150 100\" preserveAspectRatio=\"none\" shape-rendering=\"geometricPrecision\">\n                        <path d=\"M0,0 h0 l40,50 l-40,50 h-100z\" fill=\"#999999\"><\/path>\n                    <\/svg>\n                \n                \t\t\t\t<\/div>\n\t\t<\/div>\n\t\t   \t\n    <\/div>\n<\/div>\n<!-- end Post Ticker -->\t\t<\/div>\n\t\t\t\t<\/div>\n\t\t\t\t\t<\/div>\n\t\t\t\t<\/div>\n\t\t<div class=\"elementor-element elementor-element-7c3c731 e-flex e-con-boxed e-con e-parent\" data-id=\"7c3c731\" data-element_type=\"container\" data-core-v316-plus=\"true\">\n\t\t\t\t\t<div class=\"e-con-inner\">\n\t\t\t\t<div class=\"elementor-element elementor-element-31e588b elementor-widget elementor-widget-EllenBlogPost\" data-id=\"31e588b\" data-element_type=\"widget\" data-widget_type=\"EllenBlogPost.default\">\n\t\t\t\t<div class=\"elementor-widget-container\">\n\t\t\t            <div class=\"container\">\r\n                <div class=\"row justify-content-center\">\r\n                                            <div class=\"col-lg-4 col-md-6\">\r\n                            <div class=\"el-single-blog-post\">\r\n                                <div class=\"image\">\r\n                                    <a href=\"https:\/\/internationalizare.upg-ploiesti.ro\/index.php\/stiri\/appel-a-projets-soutien-a-la-recherche-scientifique-francophone\/\"class=\"d-block\"><img decoding=\"async\" src=\"https:\/\/internationalizare.upg-ploiesti.ro\/wp-content\/uploads\/2025\/03\/auf1.jpg\" alt=\"\"><\/a>\r\n                                <\/div>\r\n\r\n                                <div class=\"content\">\r\n                                    <ul class=\"meta\">\r\n                                        <li>international<\/li>\r\n                                        <li>February 27, 2025<\/li>\r\n                                    <\/ul>\r\n\r\n                                    <h3><a href=\"https:\/\/internationalizare.upg-ploiesti.ro\/index.php\/stiri\/appel-a-projets-soutien-a-la-recherche-scientifique-francophone\/\">APPEL A PROJETS : soutien \u00e0 la recherche scientifique francophone<\/a><\/h3>\r\n                                    <p><p>Si vous avez des difficult\u00e9s \u00e0 visualiser cet email,&nbsp;suivez ce lien &nbsp;Dear Madam, Dear Sir,&nbsp;The Agence Universitaire de la Francophonie en Europe centrale et orientale (AUF-ECO) is launching a multidisciplinary call for projects, focusing on innovation, knowledge transfer, and research related to regional socio-economic priorities, to strengthen the francophone academic response to current challenges.&nbsp;***&nbsp;Madame, Monsieur,&nbsp;L\u2019Agence <\/p>\n<\/p>\r\n                                <\/div>\r\n                            <\/div>\r\n                        <\/div>\r\n                                            <div class=\"col-lg-4 col-md-6\">\r\n                            <div class=\"el-single-blog-post\">\r\n                                <div class=\"image\">\r\n                                    <a href=\"https:\/\/internationalizare.upg-ploiesti.ro\/index.php\/stiri\/conference-internationale-sur-leconomie-circulaire-a-timisoara-roumanie-10-11-07-2025\/\"class=\"d-block\"><img decoding=\"async\" src=\"https:\/\/internationalizare.upg-ploiesti.ro\/wp-content\/uploads\/2025\/03\/iStock-1211762354-e1619006329853-700x464-1.jpg\" alt=\"\"><\/a>\r\n                                <\/div>\r\n\r\n                                <div class=\"content\">\r\n                                    <ul class=\"meta\">\r\n                                        <li>international<\/li>\r\n                                        <li>February 20, 2025<\/li>\r\n                                    <\/ul>\r\n\r\n                                    <h3><a href=\"https:\/\/internationalizare.upg-ploiesti.ro\/index.php\/stiri\/conference-internationale-sur-leconomie-circulaire-a-timisoara-roumanie-10-11-07-2025\/\">CONFERENCE INTERNATIONALE sur l&#8217;\u00e9conomie circulaire \u00e0 Timi\u0219oara, Roumanie 10-11\/07\/2025<\/a><\/h3>\r\n                                    <p><p>Dear Madam, Dear Sir, The West University of Timi\u0219oara, in collaboration with AUF &#8211; ECO and partners, invites researchers, experts, and professionals to submit proposals for the international conference&nbsp;Circular economy \u2013 multidisciplinary perspectives and practical applications, scheduled for the&nbsp;10-11th of July 2025&nbsp;in Timi\u0219oara, Romania. This event will explore circular economy challenges and opportunities through interdisciplinary <\/p>\n<\/p>\r\n                                <\/div>\r\n                            <\/div>\r\n                        <\/div>\r\n                                            <div class=\"col-lg-4 col-md-6\">\r\n                            <div class=\"el-single-blog-post\">\r\n                                <div class=\"image\">\r\n                                    <a href=\"https:\/\/internationalizare.upg-ploiesti.ro\/index.php\/stiri\/colloque-international-francophonies-pratiques-transferts-culturels-mutations\/\"class=\"d-block\"><img decoding=\"async\" src=\"https:\/\/internationalizare.upg-ploiesti.ro\/wp-content\/uploads\/2025\/03\/AAC-JDLFI-30-2025-affiche-700x990-1-700x648.jpg\" alt=\"\"><\/a>\r\n                                <\/div>\r\n\r\n                                <div class=\"content\">\r\n                                    <ul class=\"meta\">\r\n                                        <li>international<\/li>\r\n                                        <li>February 19, 2025<\/li>\r\n                                    <\/ul>\r\n\r\n                                    <h3><a href=\"https:\/\/internationalizare.upg-ploiesti.ro\/index.php\/stiri\/colloque-international-francophonies-pratiques-transferts-culturels-mutations\/\">COLLOQUE INTERNATIONAL &#8211; Francophonies : pratiques, transferts culturels, mutations<\/a><\/h3>\r\n                                    <p><p>Dear Sir, dear Madam, On May 23rd and 24th, 2025,&nbsp; the University &#8220;Alexandru Ioan Cuza&#8221;, Ia\u0219i will host the&nbsp;30th edition of the Journ\u00e9es de la Francophonie, an international conference dedicated to the evolution of the francophone space. Titled &#8220;Francophonies : pratiques, transferts culturels, mutations&#8221;, this event will bring together researchers, teachers, writers, and key figures <\/p>\n<\/p>\r\n                                <\/div>\r\n                            <\/div>\r\n                        <\/div>\r\n                                            <div class=\"col-lg-4 col-md-6\">\r\n                            <div class=\"el-single-blog-post\">\r\n                                <div class=\"image\">\r\n                                    <a href=\"https:\/\/internationalizare.upg-ploiesti.ro\/index.php\/stiri\/doctorants-appel-a-candidatures-je-publie-mon-article\/\"class=\"d-block\"><img decoding=\"async\" src=\"https:\/\/internationalizare.upg-ploiesti.ro\/wp-content\/uploads\/2025\/03\/auf2-715x648.png\" alt=\"\"><\/a>\r\n                                <\/div>\r\n\r\n                                <div class=\"content\">\r\n                                    <ul class=\"meta\">\r\n                                        <li>international<\/li>\r\n                                        <li>February 11, 2025<\/li>\r\n                                    <\/ul>\r\n\r\n                                    <h3><a href=\"https:\/\/internationalizare.upg-ploiesti.ro\/index.php\/stiri\/doctorants-appel-a-candidatures-je-publie-mon-article\/\">DOCTORANTS. Appel \u00e0 candidatures : &#8220;Je publie mon article!&#8221;<\/a><\/h3>\r\n                                    <p><p>Madame, Monsieur, Dans le cadre de l\u2019Universit\u00e9 d\u2019\u00e9t\u00e9 de la Francophonie organis\u00e9e \u00e0 Rabat (Maroc) par&nbsp;Acad\u00e9mie Internationale de la Francophonie Scientifique \u2013 AIFS&nbsp;\u00e0 la fin du mois de novembre 2024, l\u2019Agence Universitaire de la Francophonie lance un dispositif international visant \u00e0 soutenir et accompagner la publication scientifique, en particulier chez les jeunes chercheurs publiant en <\/p>\n<\/p>\r\n                                <\/div>\r\n                            <\/div>\r\n                        <\/div>\r\n                                            <div class=\"col-lg-4 col-md-6\">\r\n                            <div class=\"el-single-blog-post\">\r\n                                <div class=\"image\">\r\n                                    <a href=\"https:\/\/internationalizare.upg-ploiesti.ro\/index.php\/stiri\/appel-a-formations-certifiantes-institut-de-la-formation-a-distance-de-la-francophonie\/\"class=\"d-block\"><img decoding=\"async\" src=\"https:\/\/internationalizare.upg-ploiesti.ro\/wp-content\/uploads\/2025\/03\/Visuel-Site-AAP-768x395-1.jpg\" alt=\"\"><\/a>\r\n                                <\/div>\r\n\r\n                                <div class=\"content\">\r\n                                    <ul class=\"meta\">\r\n                                        <li>international<\/li>\r\n                                        <li>February 3, 2025<\/li>\r\n                                    <\/ul>\r\n\r\n                                    <h3><a href=\"https:\/\/internationalizare.upg-ploiesti.ro\/index.php\/stiri\/appel-a-formations-certifiantes-institut-de-la-formation-a-distance-de-la-francophonie\/\">APPEL \u00e0 formations certifiantes &#8211; Institut de la Formation \u00e0 Distance de la Francophonie<\/a><\/h3>\r\n                                    <p><p>Madame, Monsieur, L&#8217;agence Universitaire de la Francophonie et&nbsp;l&#8217;IFIC &#8211; Institut de la Formation \u00e0 Distance de la&nbsp;Francophonie accompagnent&nbsp;les responsables de formations universitaire pour d\u00e9velopper des&nbsp;formations certifiantes&nbsp;accessibles \u00e0 un public francophone dans le monde entier. Vos candidatures sont attendues jusqu&#8217;au \ud835\udfee\ud835\udff0 \ud835\uddfa\ud835\uddee\ud835\uddff\ud835\ude00 \ud835\udfee\ud835\udfec\ud835\udfee\ud835\udff1 \ud835\uddee\u0300 \ud835\udfee\ud835\udfef\ud835\uddf5\ud835\udff1\ud835\udff5 \ud835\uddf5\ud835\uddf2\ud835\ude02\ud835\uddff\ud835\uddf2 \ud835\uddf1\ud835\uddf2 \ud835\udde7\ud835\ude02\ud835\uddfb\ud835\uddf6\ud835\ude00 (\ud835\udde8\ud835\udde7\ud835\uddd6+\ud835\udfed) Plus d&#8217;infos et d\u00e9p\u00f4t des propositions : <\/p>\n<\/p>\r\n                                <\/div>\r\n                            <\/div>\r\n                        <\/div>\r\n                                            <div class=\"col-lg-4 col-md-6\">\r\n                            <div class=\"el-single-blog-post\">\r\n                                <div class=\"image\">\r\n                                    <a href=\"https:\/\/internationalizare.upg-ploiesti.ro\/index.php\/stiri\/etudiants-stages-de-traduction-translation-internship\/\"class=\"d-block\"><img decoding=\"async\" src=\"https:\/\/internationalizare.upg-ploiesti.ro\/wp-content\/uploads\/2025\/03\/FR-RO-700x587-1.png\" alt=\"\"><\/a>\r\n                                <\/div>\r\n\r\n                                <div class=\"content\">\r\n                                    <ul class=\"meta\">\r\n                                        <li>international<\/li>\r\n                                        <li>January 21, 2025<\/li>\r\n                                    <\/ul>\r\n\r\n                                    <h3><a href=\"https:\/\/internationalizare.upg-ploiesti.ro\/index.php\/stiri\/etudiants-stages-de-traduction-translation-internship\/\">ETUDIANTS : stages de traduction \/ translation internship<\/a><\/h3>\r\n                                    <p><p>Bonjour, L\u2019Agence Universitaire de la Francophonie en Europe Centrale et Orientale (AUF &#8211; ECO) en partenariat avec Radio France Internationale, a le plaisir de vous communiquer le lancement de&nbsp;l&#8217;appel \u00e0 candidatures pour des stages de traduction d&#8217;articles de presse&nbsp;\u00e0 destination des \u00e9tudiantes et \u00e9tudiantes des \u00e9tablissements membres de l&#8217;AUF-ECO. L&#8217;appel est disponible sur notre&nbsp;site&nbsp;:&nbsp;https:\/\/l.auf.org\/stagetradfr&nbsp;&nbsp; Sur&nbsp;Facebook&nbsp;:&nbsp;https:\/\/www.facebook.com\/watch\/?v=1144589560365077 <\/p>\n<\/p>\r\n                                <\/div>\r\n                            <\/div>\r\n                        <\/div>\r\n                                            <div class=\"col-lg-4 col-md-6\">\r\n                            <div class=\"el-single-blog-post\">\r\n                                <div class=\"image\">\r\n                                    <a href=\"https:\/\/internationalizare.upg-ploiesti.ro\/index.php\/stiri\/auf-eco_lancement-concours-video-merci-mon-prof-duniversite\/\"class=\"d-block\"><img decoding=\"async\" src=\"https:\/\/internationalizare.upg-ploiesti.ro\/wp-content\/uploads\/2025\/03\/CONCOURS-Merci-mon-prof_Visuel-700x700-1-700x648.png\" alt=\"\"><\/a>\r\n                                <\/div>\r\n\r\n                                <div class=\"content\">\r\n                                    <ul class=\"meta\">\r\n                                        <li>international<\/li>\r\n                                        <li>November 21, 2024<\/li>\r\n                                    <\/ul>\r\n\r\n                                    <h3><a href=\"https:\/\/internationalizare.upg-ploiesti.ro\/index.php\/stiri\/auf-eco_lancement-concours-video-merci-mon-prof-duniversite\/\">AUF-ECO_Lancement Concours vid\u00e9o \u00ab Merci, mon prof d\u2019universit\u00e9 ! \u00bb<\/a><\/h3>\r\n                                    <p><p>Ch\u00e8re Madame \/ Cher Monsieur, A l&#8217;occasion de la journ\u00e9e internationale des profs de fran\u00e7ais, l&#8217;Agence Universitaire de la Francophonie Europe Centrale et Orientale a le plaisir de vous informer du&nbsp;Lancement du Concours de cr\u00e9ation vid\u00e9o \u00ab Merci, mon prof d\u2019universit\u00e9 ! \u00bb &#8211; AUF Ce concours s&#8217;adresse aux \u00e9tudiants francophones inscrits dans un programme <\/p>\n<\/p>\r\n                                <\/div>\r\n                            <\/div>\r\n                        <\/div>\r\n                                                        <\/div>\r\n            <\/div>\r\n\r\n                            \t\t<\/div>\n\t\t\t\t<\/div>\n\t\t\t\t\t<\/div>\n\t\t\t\t<\/div>\n\t\t\t\t<\/div>\n\t\t","protected":false},"excerpt":{"rendered":"<p>Auf APPEL A PROJETS : soutien \u00e0 la recherche scientifique francophone Si vous avez des difficult\u00e9s \u00e0 visualiser cet email,&nbsp;suivez ce lien &nbsp;Dear Madam,&#8230; February 27, 2025 CONFERENCE INTERNATIONALE sur l&#8217;\u00e9conomie circulaire \u00e0 Timi\u0219oara, Roumanie 10-11\/07\/2025 Dear Madam, Dear Sir, The West University of Timi\u0219oara, in collaboration with AUF &#8211; ECO and partners,&#8230; February 20, <\/p>\n","protected":false},"author":1,"featured_media":0,"parent":1624,"menu_order":0,"comment_status":"closed","ping_status":"closed","template":"","meta":{"footnotes":""},"class_list":["post-2936","page","type-page","status-publish","hentry"],"acf":[],"_links":{"self":[{"href":"https:\/\/internationalizare.upg-ploiesti.ro\/index.php\/wp-json\/wp\/v2\/pages\/2936","targetHints":{"allow":["GET"]}}],"collection":[{"href":"https:\/\/internationalizare.upg-ploiesti.ro\/index.php\/wp-json\/wp\/v2\/pages"}],"about":[{"href":"https:\/\/internationalizare.upg-ploiesti.ro\/index.php\/wp-json\/wp\/v2\/types\/page"}],"author":[{"embeddable":true,"href":"https:\/\/internationalizare.upg-ploiesti.ro\/index.php\/wp-json\/wp\/v2\/users\/1"}],"replies":[{"embeddable":true,"href":"https:\/\/internationalizare.upg-ploiesti.ro\/index.php\/wp-json\/wp\/v2\/comments?post=2936"}],"version-history":[{"count":10,"href":"https:\/\/internationalizare.upg-ploiesti.ro\/index.php\/wp-json\/wp\/v2\/pages\/2936\/revisions"}],"predecessor-version":[{"id":2973,"href":"https:\/\/internationalizare.upg-ploiesti.ro\/index.php\/wp-json\/wp\/v2\/pages\/2936\/revisions\/2973"}],"up":[{"embeddable":true,"href":"https:\/\/internationalizare.upg-ploiesti.ro\/index.php\/wp-json\/wp\/v2\/pages\/1624"}],"wp:attachment":[{"href":"https:\/\/internationalizare.upg-ploiesti.ro\/index.php\/wp-json\/wp\/v2\/media?parent=2936"}],"curies":[{"name":"wp","href":"https:\/\/api.w.org\/{rel}","templated":true}]}}