{"id":2924,"date":"2025-03-04T14:26:34","date_gmt":"2025-03-04T14:26:34","guid":{"rendered":"https:\/\/internationalizare.upg-ploiesti.ro\/?page_id=2924"},"modified":"2025-03-04T14:28:34","modified_gmt":"2025-03-04T14:28:34","slug":"mobilitati-de-formare-profesionala-2024-2025","status":"publish","type":"page","link":"https:\/\/internationalizare.upg-ploiesti.ro\/index.php\/programe\/mobilitati-erasmus-de-formare-profesionala\/mobilitati-de-formare-profesionala-2024-2025\/","title":{"rendered":"Mobilit\u0103\u021bi de formare profesional\u0103 2024-2025"},"content":{"rendered":"\t\t<div data-elementor-type=\"wp-page\" data-elementor-id=\"2924\" class=\"elementor elementor-2924\">\n\t\t\t\t<div class=\"elementor-element elementor-element-f586802 e-flex e-con-boxed e-con e-parent\" data-id=\"f586802\" data-element_type=\"container\" data-core-v316-plus=\"true\">\n\t\t\t\t\t<div class=\"e-con-inner\">\n\t\t<div class=\"elementor-element elementor-element-8f86fd1 e-flex e-con-boxed e-con e-child\" data-id=\"8f86fd1\" data-element_type=\"container\">\n\t\t\t\t\t<div class=\"e-con-inner\">\n\t\t<div class=\"elementor-element elementor-element-f2197b4 e-flex e-con-boxed e-con e-child\" data-id=\"f2197b4\" data-element_type=\"container\">\n\t\t\t\t\t<div class=\"e-con-inner\">\n\t\t\t\t<div class=\"elementor-element elementor-element-ede1c72 elementor-widget elementor-widget-ucaddon_title_hero\" data-id=\"ede1c72\" data-element_type=\"widget\" data-widget_type=\"ucaddon_title_hero.default\">\n\t\t\t\t<div class=\"elementor-widget-container\">\n\t\t\t\n<!-- start Title Hero -->\n<style>\/* widget: Title Hero *\/\n\n#uc_title_hero_elementor_ede1c72 *{\n\tbox-sizing: border-box;\n}\n#uc_title_hero_elementor_ede1c72{\n\tposition:relative;\n\toverflow:hidden;\n    display:flex;\n    justify-content:center;\n  \talign-items:center;\n    flex-direction: column;\n    background-blend-mode: normal;\n}\n\n#uc_title_hero_elementor_ede1c72 .ue_title_hero_container{\n\n    text-align:center;\n    position:relative;\n    z-index:1;\n}\n#uc_title_hero_elementor_ede1c72 .ue_title{\n\n\tdisplay:inline-block;\n}\n\n#uc_title_hero_elementor_ede1c72 a{\n    display: inline-block;\n\ttext-decoration:none;\n}\n\n#uc_title_hero_elementor_ede1c72 .ue_title_hero_overlay\n{\n  position:absolute;\n  top:0;\n  bottom:0;\n  left:0;\n  right:0;\n}\n\n.ue_title\n{\n  font-size:52px;\n}\n\n<\/style>\n\n<div class=\"ue_title_hero\" id=\"uc_title_hero_elementor_ede1c72\">\n    <div class=\"ue_title_hero_overlay\"><\/div>\n    <div class=\"ue_title_hero_container\">\n      \t    \t<div class=\"ue_title\">DOSAR MOBILITATE FORMARE PROFESIONAL\u0102<\/div>\n        <div><\/div>\n              \n        <div class=\"ue_text\"><\/div>\t\n      \n            <\/div>\n<\/div>\n<!-- end Title Hero -->\t\t<\/div>\n\t\t\t\t<\/div>\n\t\t<div class=\"elementor-element elementor-element-95ea2f9 e-flex e-con-boxed e-con e-child\" data-id=\"95ea2f9\" data-element_type=\"container\">\n\t\t\t\t\t<div class=\"e-con-inner\">\n\t\t\t\t<div class=\"elementor-element elementor-element-349a980 elementor-widget elementor-widget-heading\" data-id=\"349a980\" data-element_type=\"widget\" data-widget_type=\"heading.default\">\n\t\t\t\t<div class=\"elementor-widget-container\">\n\t\t\t<style>\/*! elementor - v3.20.0 - 10-04-2024 *\/\n.elementor-heading-title{padding:0;margin:0;line-height:1}.elementor-widget-heading .elementor-heading-title[class*=elementor-size-]>a{color:inherit;font-size:inherit;line-height:inherit}.elementor-widget-heading .elementor-heading-title.elementor-size-small{font-size:15px}.elementor-widget-heading .elementor-heading-title.elementor-size-medium{font-size:19px}.elementor-widget-heading .elementor-heading-title.elementor-size-large{font-size:29px}.elementor-widget-heading .elementor-heading-title.elementor-size-xl{font-size:39px}.elementor-widget-heading .elementor-heading-title.elementor-size-xxl{font-size:59px}<\/style><h2 class=\"elementor-heading-title elementor-size-default\">Se depun la Decanat urmatoarele acte care vor constitui dosarul candidatului:\n<\/h2>\t\t<\/div>\n\t\t\t\t<\/div>\n\t\t<div class=\"elementor-element elementor-element-67bab4e e-flex e-con-boxed e-con e-child\" data-id=\"67bab4e\" data-element_type=\"container\">\n\t\t\t\t\t<div class=\"e-con-inner\">\n\t\t\t\t<div class=\"elementor-element elementor-element-2ea07b1 elementor-icon-list--layout-traditional elementor-list-item-link-full_width elementor-widget elementor-widget-icon-list\" data-id=\"2ea07b1\" data-element_type=\"widget\" data-widget_type=\"icon-list.default\">\n\t\t\t\t<div class=\"elementor-widget-container\">\n\t\t\t<link rel=\"stylesheet\" href=\"https:\/\/internationalizare.upg-ploiesti.ro\/wp-content\/plugins\/elementor\/assets\/css\/widget-icon-list.min.css\">\t\t<ul class=\"elementor-icon-list-items\">\n\t\t\t\t\t\t\t<li class=\"elementor-icon-list-item\">\n\t\t\t\t\t\t\t\t\t\t\t<span class=\"elementor-icon-list-icon\">\n\t\t\t\t\t\t\t<i aria-hidden=\"true\" class=\"fas fa-check\"><\/i>\t\t\t\t\t\t<\/span>\n\t\t\t\t\t\t\t\t\t\t<span class=\"elementor-icon-list-text\">CV + LISTA DE LUCRARI<\/span>\n\t\t\t\t\t\t\t\t\t<\/li>\n\t\t\t\t\t\t\t\t<li class=\"elementor-icon-list-item\">\n\t\t\t\t\t\t\t\t\t\t\t<span class=\"elementor-icon-list-icon\">\n\t\t\t\t\t\t\t<i aria-hidden=\"true\" class=\"fas fa-check\"><\/i>\t\t\t\t\t\t<\/span>\n\t\t\t\t\t\t\t\t\t\t<span class=\"elementor-icon-list-text\">EXTRAS DE CONT<\/span>\n\t\t\t\t\t\t\t\t\t<\/li>\n\t\t\t\t\t\t\t\t<li class=\"elementor-icon-list-item\">\n\t\t\t\t\t\t\t\t\t\t\t<span class=\"elementor-icon-list-icon\">\n\t\t\t\t\t\t\t<i aria-hidden=\"true\" class=\"fas fa-check\"><\/i>\t\t\t\t\t\t<\/span>\n\t\t\t\t\t\t\t\t\t\t<span class=\"elementor-icon-list-text\">CARTE DE IDENTITATE-COPIE<\/span>\n\t\t\t\t\t\t\t\t\t<\/li>\n\t\t\t\t\t\t\t\t<li class=\"elementor-icon-list-item\">\n\t\t\t\t\t\t\t\t\t\t\t<a href=\"https:\/\/internationalizare.upg-ploiesti.ro\/wp-content\/uploads\/2024\/04\/F_155_Cerere_deplasare_strainatate_Anexa1.doc\">\n\n\t\t\t\t\t\t\t\t\t\t\t\t<span class=\"elementor-icon-list-icon\">\n\t\t\t\t\t\t\t<i aria-hidden=\"true\" class=\"fas fa-check\"><\/i>\t\t\t\t\t\t<\/span>\n\t\t\t\t\t\t\t\t\t\t<span class=\"elementor-icon-list-text\">Cererea de deplasare extern\u0103 semnat\u0103 \u015fi aprobat\u0103 de Decan \u015fi Directorul de Departament (din care s\u0103 rezulte inclusiv acoperirea activit\u0103\u0163ilor didactice din \u0163ar\u0103) cu cel putin 15 zile \u00eenainte de plecare, care ulterior va merge spre aprobare catre Consiliul de Administratie al UPG Ploiesti.<\/span>\n\t\t\t\t\t\t\t\t\t\t\t<\/a>\n\t\t\t\t\t\t\t\t\t<\/li>\n\t\t\t\t\t\t\t\t<li class=\"elementor-icon-list-item\">\n\t\t\t\t\t\t\t\t\t\t\t<a href=\"https:\/\/internationalizare.upg-ploiesti.ro\/wp-content\/uploads\/2024\/04\/Mobility-invite.doc\">\n\n\t\t\t\t\t\t\t\t\t\t\t\t<span class=\"elementor-icon-list-icon\">\n\t\t\t\t\t\t\t<i aria-hidden=\"true\" class=\"fas fa-check\"><\/i>\t\t\t\t\t\t<\/span>\n\t\t\t\t\t\t\t\t\t\t<span class=\"elementor-icon-list-text\">Invita\u0163ia din partea universit\u0103\u0163ii partenere cuprinde: numele \u015fi prenumele cadrului didactic (personalului academic) \u015fi perioada de deplasare (date exacte zi\/lun\u0103\/an) \u00een cadrul programului ERASMUS+.<\/span>\n\t\t\t\t\t\t\t\t\t\t\t<\/a>\n\t\t\t\t\t\t\t\t\t<\/li>\n\t\t\t\t\t\t\t\t<li class=\"elementor-icon-list-item\">\n\t\t\t\t\t\t\t\t\t\t\t<span class=\"elementor-icon-list-icon\">\n\t\t\t\t\t\t\t<i aria-hidden=\"true\" class=\"fas fa-check\"><\/i>\t\t\t\t\t\t<\/span>\n\t\t\t\t\t\t\t\t\t\t<span class=\"elementor-icon-list-text\">Programul de training- discutat in prealabil cu Centrul de Relatii Internationale - va respecta si va sustine  strategia de internationalizare a UPG Ploiesti<\/span>\n\t\t\t\t\t\t\t\t\t<\/li>\n\t\t\t\t\t\t<\/ul>\n\t\t\t\t<\/div>\n\t\t\t\t<\/div>\n\t\t\t\t\t<\/div>\n\t\t\t\t<\/div>\n\t\t\t\t\t<\/div>\n\t\t\t\t<\/div>\n\t\t\t\t\t<\/div>\n\t\t\t\t<\/div>\n\t\t\t\t\t<\/div>\n\t\t\t\t<\/div>\n\t\t\t\t\t<\/div>\n\t\t\t\t<\/div>\n\t\t<div class=\"elementor-element elementor-element-7ee0a7e e-flex e-con-boxed e-con e-parent\" data-id=\"7ee0a7e\" data-element_type=\"container\" data-core-v316-plus=\"true\">\n\t\t\t\t\t<div class=\"e-con-inner\">\n\t\t\t\t\t<\/div>\n\t\t\t\t<\/div>\n\t\t\t\t<\/div>\n\t\t","protected":false},"excerpt":{"rendered":"<p>DOSAR MOBILITATE FORMARE PROFESIONAL\u0102 Se depun la Decanat urmatoarele acte care vor constitui dosarul candidatului: CV + LISTA DE LUCRARI EXTRAS DE CONT CARTE DE IDENTITATE-COPIE Cererea de deplasare extern\u0103 semnat\u0103 \u015fi aprobat\u0103 de Decan \u015fi Directorul de Departament (din care s\u0103 rezulte inclusiv acoperirea activit\u0103\u0163ilor didactice din \u0163ar\u0103) cu cel putin 15 zile \u00eenainte <\/p>\n","protected":false},"author":1,"featured_media":0,"parent":1802,"menu_order":0,"comment_status":"closed","ping_status":"closed","template":"","meta":{"footnotes":""},"class_list":["post-2924","page","type-page","status-publish","hentry"],"acf":[],"_links":{"self":[{"href":"https:\/\/internationalizare.upg-ploiesti.ro\/index.php\/wp-json\/wp\/v2\/pages\/2924","targetHints":{"allow":["GET"]}}],"collection":[{"href":"https:\/\/internationalizare.upg-ploiesti.ro\/index.php\/wp-json\/wp\/v2\/pages"}],"about":[{"href":"https:\/\/internationalizare.upg-ploiesti.ro\/index.php\/wp-json\/wp\/v2\/types\/page"}],"author":[{"embeddable":true,"href":"https:\/\/internationalizare.upg-ploiesti.ro\/index.php\/wp-json\/wp\/v2\/users\/1"}],"replies":[{"embeddable":true,"href":"https:\/\/internationalizare.upg-ploiesti.ro\/index.php\/wp-json\/wp\/v2\/comments?post=2924"}],"version-history":[{"count":4,"href":"https:\/\/internationalizare.upg-ploiesti.ro\/index.php\/wp-json\/wp\/v2\/pages\/2924\/revisions"}],"predecessor-version":[{"id":2931,"href":"https:\/\/internationalizare.upg-ploiesti.ro\/index.php\/wp-json\/wp\/v2\/pages\/2924\/revisions\/2931"}],"up":[{"embeddable":true,"href":"https:\/\/internationalizare.upg-ploiesti.ro\/index.php\/wp-json\/wp\/v2\/pages\/1802"}],"wp:attachment":[{"href":"https:\/\/internationalizare.upg-ploiesti.ro\/index.php\/wp-json\/wp\/v2\/media?parent=2924"}],"curies":[{"name":"wp","href":"https:\/\/api.w.org\/{rel}","templated":true}]}}