{"id":2561,"date":"2024-04-13T10:53:20","date_gmt":"2024-04-13T10:53:20","guid":{"rendered":"https:\/\/internationalizare.upg-ploiesti.ro\/?page_id=2561"},"modified":"2024-04-13T12:05:43","modified_gmt":"2024-04-13T12:05:43","slug":"mobilitati-studenti-2023-2024","status":"publish","type":"page","link":"https:\/\/internationalizare.upg-ploiesti.ro\/index.php\/programe\/studenti-erasmus-mobilitati-studenti\/mobilitati-studenti-2023-2024\/","title":{"rendered":"Mobilit\u0103\u021bi studen\u021bi &#8211; 2023-2024"},"content":{"rendered":"\t\t<div data-elementor-type=\"wp-page\" data-elementor-id=\"2561\" class=\"elementor elementor-2561\">\n\t\t\t\t\t\t<section class=\"elementor-section elementor-top-section elementor-element elementor-element-3a65976 elementor-section-boxed elementor-section-height-default elementor-section-height-default\" data-id=\"3a65976\" data-element_type=\"section\">\n\t\t\t\t\t\t<div class=\"elementor-container elementor-column-gap-default\">\n\t\t\t\t\t<div class=\"elementor-column elementor-col-100 elementor-top-column elementor-element elementor-element-0bfcd61\" data-id=\"0bfcd61\" data-element_type=\"column\">\n\t\t\t<div class=\"elementor-widget-wrap elementor-element-populated\">\n\t\t\t\t<div class=\"elementor-element elementor-element-62a6d37 e-flex e-con-boxed e-con e-parent\" data-id=\"62a6d37\" data-element_type=\"container\" data-core-v316-plus=\"true\">\n\t\t\t\t\t<div class=\"e-con-inner\">\n\t\t<div class=\"elementor-element elementor-element-2709462 e-flex e-con-boxed e-con e-child\" data-id=\"2709462\" data-element_type=\"container\">\n\t\t\t\t\t<div class=\"e-con-inner\">\n\t\t\t\t<div class=\"elementor-element elementor-element-0591fcd elementor-widget elementor-widget-ucaddon_title_hero\" data-id=\"0591fcd\" data-element_type=\"widget\" data-widget_type=\"ucaddon_title_hero.default\">\n\t\t\t\t<div class=\"elementor-widget-container\">\n\t\t\t\n<!-- start Title Hero -->\n<style>\/* widget: Title Hero *\/\n\n#uc_title_hero_elementor_0591fcd *{\n\tbox-sizing: border-box;\n}\n#uc_title_hero_elementor_0591fcd{\n\tposition:relative;\n\toverflow:hidden;\n    display:flex;\n    justify-content:center;\n  \talign-items:center;\n    flex-direction: column;\n    background-blend-mode: normal;\n}\n\n#uc_title_hero_elementor_0591fcd .ue_title_hero_container{\n\n    text-align:center;\n    position:relative;\n    z-index:1;\n}\n#uc_title_hero_elementor_0591fcd .ue_title{\n\n\tdisplay:inline-block;\n}\n\n#uc_title_hero_elementor_0591fcd a{\n    display: inline-block;\n\ttext-decoration:none;\n}\n\n#uc_title_hero_elementor_0591fcd .ue_title_hero_overlay\n{\n  position:absolute;\n  top:0;\n  bottom:0;\n  left:0;\n  right:0;\n}\n\n.ue_title\n{\n  font-size:52px;\n}\n\n<\/style>\n\n<div class=\"ue_title_hero\" id=\"uc_title_hero_elementor_0591fcd\">\n    <div class=\"ue_title_hero_overlay\"><\/div>\n    <div class=\"ue_title_hero_container\">\n      \t    \t<div class=\"ue_title\">LOCURI DISPONIBILE<\/div>\n        <div><\/div>\n              \n        <div class=\"ue_text\"><\/div>\t\n      \n            <\/div>\n<\/div>\n<!-- end Title Hero -->\t\t<\/div>\n\t\t\t\t<\/div>\n\t\t\t\t\t<\/div>\n\t\t\t\t<\/div>\n\t\t\t\t\t<\/div>\n\t\t\t\t<\/div>\n\t\t\t\t\t<\/div>\n\t\t<\/div>\n\t\t\t\t\t<\/div>\n\t\t<\/section>\n\t\t<div class=\"elementor-element elementor-element-b4bb105 e-flex e-con-boxed e-con e-parent\" data-id=\"b4bb105\" data-element_type=\"container\" data-core-v316-plus=\"true\">\n\t\t\t\t\t<div class=\"e-con-inner\">\n\t\t<div class=\"elementor-element elementor-element-aa46e13 e-flex e-con-boxed e-con e-child\" data-id=\"aa46e13\" data-element_type=\"container\">\n\t\t\t\t\t<div class=\"e-con-inner\">\n\t\t\t\t<div class=\"elementor-element elementor-element-9fdb034 e-n-tabs-mobile elementor-widget elementor-widget-n-tabs\" data-id=\"9fdb034\" data-element_type=\"widget\" data-settings=\"{&quot;horizontal_scroll&quot;:&quot;disable&quot;}\" data-widget_type=\"nested-tabs.default\">\n\t\t\t\t<div class=\"elementor-widget-container\">\n\t\t\t\t\t<div class=\"e-n-tabs\" data-widget-number=\"167\" aria-label=\"Tabs. Open items with Enter or Space, close with Escape and navigate using the Arrow keys.\">\n\t\t\t<div class=\"e-n-tabs-heading\" role=\"tablist\">\n\t\t\t\t\t\t\t<button id=\"e-n-tabs-title-1671\" class=\"e-n-tab-title\" aria-selected=\"true\" data-tab-index=\"1\" role=\"tab\" tabindex=\"0\" aria-controls=\"e-n-tab-content-1671\" style=\"--n-tabs-title-order: 1;\">\n\t\t\t\t<span class=\"e-n-tab-icon\">\n\t\t\t\t\t\t\t\t\t\t\t\t\t\t<\/span>\n\t\t\t\t<span class=\"e-n-tab-title-text\">\n\t\t\t\t\tSTUDIU DE LUNG\u0102 DURAT\u0102\t\t\t\t<\/span>\n\t\t\t<\/button>\n\t\t\t\t\t<button id=\"e-n-tabs-title-1672\" class=\"e-n-tab-title\" aria-selected=\"false\" data-tab-index=\"2\" role=\"tab\" tabindex=\"-1\" aria-controls=\"e-n-tab-content-1672\" style=\"--n-tabs-title-order: 2;\">\n\t\t\t\t<span class=\"e-n-tab-icon\">\n\t\t\t\t\t\t\t\t\t\t\t\t\t\t<\/span>\n\t\t\t\t<span class=\"e-n-tab-title-text\">\n\t\t\t\t\tSTUDIU DE SCURTA DURAT\u0102 \t\t\t\t<\/span>\n\t\t\t<\/button>\n\t\t\t\t\t<button id=\"e-n-tabs-title-1673\" class=\"e-n-tab-title\" aria-selected=\"false\" data-tab-index=\"3\" role=\"tab\" tabindex=\"-1\" aria-controls=\"e-n-tab-content-1673\" style=\"--n-tabs-title-order: 3;\">\n\t\t\t\t<span class=\"e-n-tab-icon\">\n\t\t\t\t\t\t\t\t\t\t\t\t\t\t<\/span>\n\t\t\t\t<span class=\"e-n-tab-title-text\">\n\t\t\t\t\tPRACTIC\u0102\t\t\t\t<\/span>\n\t\t\t<\/button>\n\t\t\t\t\t<\/div>\n\t\t\t<div class=\"e-n-tabs-content\">\n\t\t\t\t<div id=\"e-n-tab-content-1671\" role=\"tabpanel\" aria-labelledby=\"e-n-tabs-title-1671\" data-tab-index=\"1\" style=\"--n-tabs-title-order: 1;\" class=\"e-active elementor-element elementor-element-94cfca7 e-con-full e-flex e-con e-child\" data-id=\"94cfca7\" data-element_type=\"container\">\n\t\t<div class=\"elementor-element elementor-element-faa4f2d e-con-full e-flex e-con e-child\" data-id=\"faa4f2d\" data-element_type=\"container\">\n\t\t\t\t<\/div>\n\t\t<div class=\"elementor-element elementor-element-80ef481 e-con-full e-flex e-con e-child\" data-id=\"80ef481\" data-element_type=\"container\">\n\t\t\t\t<div class=\"elementor-element elementor-element-2877536 elementor-widget elementor-widget-text-editor\" data-id=\"2877536\" data-element_type=\"widget\" data-widget_type=\"text-editor.default\">\n\t\t\t\t<div class=\"elementor-widget-container\">\n\t\t\t<style>\/*! elementor - v3.20.0 - 10-04-2024 *\/\n.elementor-widget-text-editor.elementor-drop-cap-view-stacked .elementor-drop-cap{background-color:#69727d;color:#fff}.elementor-widget-text-editor.elementor-drop-cap-view-framed .elementor-drop-cap{color:#69727d;border:3px solid;background-color:transparent}.elementor-widget-text-editor:not(.elementor-drop-cap-view-default) .elementor-drop-cap{margin-top:8px}.elementor-widget-text-editor:not(.elementor-drop-cap-view-default) .elementor-drop-cap-letter{width:1em;height:1em}.elementor-widget-text-editor .elementor-drop-cap{float:left;text-align:center;line-height:1;font-size:50px}.elementor-widget-text-editor .elementor-drop-cap-letter{display:inline-block}<\/style>\t\t\t\t<ul>\n<li>10 LOCURI FACULTATEA IME<\/li>\n<li>10 LOCURI FACULTATEA IPG<\/li>\n<li>10 LOCURI FACULTATEA TPP<\/li>\n<li>10 LOCURI FACULTATEA SE<\/li>\n<li>10 LOCURI FACULTATEA LS<\/li>\n<\/ul>\t\t\t\t\t\t<\/div>\n\t\t\t\t<\/div>\n\t\t\t\t<\/div>\n\t\t<div class=\"elementor-element elementor-element-2285a67 e-con-full e-flex e-con e-child\" data-id=\"2285a67\" data-element_type=\"container\">\n\t\t\t\t<\/div>\n\t\t\t\t<\/div>\n\t\t<div id=\"e-n-tab-content-1672\" role=\"tabpanel\" aria-labelledby=\"e-n-tabs-title-1672\" data-tab-index=\"2\" style=\"--n-tabs-title-order: 2;\" class=\" elementor-element elementor-element-029de6d e-con-full e-flex e-con e-child\" data-id=\"029de6d\" data-element_type=\"container\">\n\t\t<div class=\"elementor-element elementor-element-b7115af e-con-full e-flex e-con e-child\" data-id=\"b7115af\" data-element_type=\"container\">\n\t\t\t\t<\/div>\n\t\t<div class=\"elementor-element elementor-element-5792644 e-con-full e-flex e-con e-child\" data-id=\"5792644\" data-element_type=\"container\">\n\t\t\t\t<div class=\"elementor-element elementor-element-b7311f9 elementor-widget elementor-widget-text-editor\" data-id=\"b7311f9\" data-element_type=\"widget\" data-widget_type=\"text-editor.default\">\n\t\t\t\t<div class=\"elementor-widget-container\">\n\t\t\t\t\t\t\t<ul>\n<li>15 LOCURI\/1 DEPLASARE FACULTATEA IME<\/li>\n<li>15 LOCURI\/1 DEPLASARE FACULTATEA IPG<\/li>\n<li>15 LOCURI\/1 DEPLASARE FACULTATEA TPP<\/li>\n<li>15 LOCURI\/1 DEPLASARE FACULTATEA SE<\/li>\n<li>15 LOCURI\/1 DEPLASARE FACULTATEA LS<\/li>\n<\/ul>\t\t\t\t\t\t<\/div>\n\t\t\t\t<\/div>\n\t\t\t\t<\/div>\n\t\t<div class=\"elementor-element elementor-element-55a0685 e-con-full e-flex e-con e-child\" data-id=\"55a0685\" data-element_type=\"container\">\n\t\t\t\t<\/div>\n\t\t\t\t<\/div>\n\t\t<div id=\"e-n-tab-content-1673\" role=\"tabpanel\" aria-labelledby=\"e-n-tabs-title-1673\" data-tab-index=\"3\" style=\"--n-tabs-title-order: 3;\" class=\" elementor-element elementor-element-02f2c6e e-con-full e-flex e-con e-child\" data-id=\"02f2c6e\" data-element_type=\"container\">\n\t\t<div class=\"elementor-element elementor-element-d6df8fd e-con-full e-flex e-con e-child\" data-id=\"d6df8fd\" data-element_type=\"container\">\n\t\t\t\t<\/div>\n\t\t<div class=\"elementor-element elementor-element-b02b7c0 e-con-full e-flex e-con e-child\" data-id=\"b02b7c0\" data-element_type=\"container\">\n\t\t\t\t<div class=\"elementor-element elementor-element-4e0afa6 elementor-widget elementor-widget-text-editor\" data-id=\"4e0afa6\" data-element_type=\"widget\" data-widget_type=\"text-editor.default\">\n\t\t\t\t<div class=\"elementor-widget-container\">\n\t\t\t\t\t\t\t<ul>\n<li>8 LOCURI FACULTATEA IME<\/li>\n<li>8 LOCURI FACULTATEA IPG<\/li>\n<li>8 LOCURI FACULTATEA TPP<\/li>\n<li>8 LOCURI FACULTATEA SE<\/li>\n<li>8 LOCURI FACULTATEA LS<\/li>\n<\/ul>\t\t\t\t\t\t<\/div>\n\t\t\t\t<\/div>\n\t\t\t\t<\/div>\n\t\t<div class=\"elementor-element elementor-element-af7e071 e-con-full e-flex e-con e-child\" data-id=\"af7e071\" data-element_type=\"container\">\n\t\t\t\t<\/div>\n\t\t\t\t<\/div>\n\t\t\t\t\t<\/div>\n\t\t<\/div>\n\t\t\t\t<\/div>\n\t\t\t\t<\/div>\n\t\t\t\t\t<\/div>\n\t\t\t\t<\/div>\n\t\t\t\t\t<\/div>\n\t\t\t\t<\/div>\n\t\t<div class=\"elementor-element elementor-element-814d58a e-flex e-con-boxed e-con e-parent\" data-id=\"814d58a\" data-element_type=\"container\" data-core-v316-plus=\"true\">\n\t\t\t\t\t<div class=\"e-con-inner\">\n\t\t<div class=\"elementor-element elementor-element-027f0f5 e-flex e-con-boxed e-con e-child\" data-id=\"027f0f5\" data-element_type=\"container\">\n\t\t\t\t\t<div class=\"e-con-inner\">\n\t\t\t\t<div class=\"elementor-element elementor-element-6e43687 elementor-widget elementor-widget-ucaddon_title_hero\" data-id=\"6e43687\" data-element_type=\"widget\" data-widget_type=\"ucaddon_title_hero.default\">\n\t\t\t\t<div class=\"elementor-widget-container\">\n\t\t\t\n<!-- start Title Hero -->\n<style>\/* widget: Title Hero *\/\n\n#uc_title_hero_elementor_6e43687 *{\n\tbox-sizing: border-box;\n}\n#uc_title_hero_elementor_6e43687{\n\tposition:relative;\n\toverflow:hidden;\n    display:flex;\n    justify-content:center;\n  \talign-items:center;\n    flex-direction: column;\n    background-blend-mode: normal;\n}\n\n#uc_title_hero_elementor_6e43687 .ue_title_hero_container{\n\n    text-align:center;\n    position:relative;\n    z-index:1;\n}\n#uc_title_hero_elementor_6e43687 .ue_title{\n\n\tdisplay:inline-block;\n}\n\n#uc_title_hero_elementor_6e43687 a{\n    display: inline-block;\n\ttext-decoration:none;\n}\n\n#uc_title_hero_elementor_6e43687 .ue_title_hero_overlay\n{\n  position:absolute;\n  top:0;\n  bottom:0;\n  left:0;\n  right:0;\n}\n\n.ue_title\n{\n  font-size:52px;\n}\n\n<\/style>\n\n<div class=\"ue_title_hero\" id=\"uc_title_hero_elementor_6e43687\">\n    <div class=\"ue_title_hero_overlay\"><\/div>\n    <div class=\"ue_title_hero_container\">\n      \t    \t<div class=\"ue_title\">CONDI\u021aII DE PARTICIPARE<\/div>\n        <div><\/div>\n              \n        <div class=\"ue_text\"><\/div>\t\n      \n            <\/div>\n<\/div>\n<!-- end Title Hero -->\t\t<\/div>\n\t\t\t\t<\/div>\n\t\t\t\t\t<\/div>\n\t\t\t\t<\/div>\n\t\t\t\t\t<\/div>\n\t\t\t\t<\/div>\n\t\t<div class=\"elementor-element elementor-element-c13a7c0 e-flex e-con-boxed e-con e-parent\" data-id=\"c13a7c0\" data-element_type=\"container\" data-core-v316-plus=\"true\">\n\t\t\t\t\t<div class=\"e-con-inner\">\n\t\t<div class=\"elementor-element elementor-element-e72a8c8 e-con-full e-flex e-con e-child\" data-id=\"e72a8c8\" data-element_type=\"container\">\n\t\t\t\t<div class=\"elementor-element elementor-element-d37f5d2 elementor-widget elementor-widget-ucaddon_circle_number_widget\" data-id=\"d37f5d2\" data-element_type=\"widget\" data-widget_type=\"ucaddon_circle_number_widget.default\">\n\t\t\t\t<div class=\"elementor-widget-container\">\n\t\t\t\n<!-- start Number Box -->\n<style>\/* widget: Number Box *\/\n\n#uc_circle_number_widget_elementor_d37f5d2 .circle_number_widget_layout\n{\n  display:flex;\n  }\n#uc_circle_number_widget_elementor_d37f5d2 .circle_number_widget\n{\n  display:inline-flex;\n  align-items:center;\n  justify-content:center;\n  position:relative;\n  transform:rotate(0deg);\n  animation: pulseuc_circle_number_widget_elementor_d37f5d2 1.5s infinite;  box-shadow: 0 0 0 0 #02CFF1;}\n\n#uc_circle_number_widget_elementor_d37f5d2 .circle_number_text\n{\n  transform:rotate(-0deg);\n}\n\n\n\n\n\n#uc_circle_number_widget_elementor_d37f5d2 .ue-number-container, #uc_circle_number_widget_elementor_d37f5d2 .ue-spacing\n{\n  flex-grow:0;\n  flex-shrink:0;\n}\n\n.circle_number_widget\n{\n  font-size:32px;\n}\n.ue-title\n{\n  font-size:21px;\n}\n\n\n@keyframes pulseuc_circle_number_widget_elementor_d37f5d2 {\n\t 0% {\n\t\ttransform: scale(0.95);\n\t\tbox-shadow: 0 0 0 0 #02CFF1;\n\t}\n\t\n\t70% {\n\t\ttransform: scale(1);\n\t\tbox-shadow: 0 0 0 20px #02CFF1;\n\t}\n\t\n\t100% {\n\t\ttransform: scale(0.95);\n\t\tbox-shadow: 0 0 0 0 #02CFF1;\n\t}\n}\n\n<\/style>\n\n<div id=\"uc_circle_number_widget_elementor_d37f5d2\" class=\"circle_number_widget_container\">\n  \n        <div class=\"circle_number_widget_layout\">\n      \n    <div class=\"ue-number-container elementor-animation-pop\"> \n    <div class=\"circle_number_widget\">\n      <div class=\"circle_number_text\">01<\/div>\n    <\/div>\n    <\/div>\n    \n        \n    <div class=\"ue-widget-content\">\n        <div class=\"ue-description\">S\u0103 fii student \u00eenmatriculat la o universitatea Petrol-Gaze din Ploiesti.<\/div>    <\/div>\n  \n  \n    <\/div>\n    <\/div>\n<!-- end Number Box -->\t\t<\/div>\n\t\t\t\t<\/div>\n\t\t\t\t<\/div>\n\t\t<div class=\"elementor-element elementor-element-0ececdc e-con-full e-flex e-con e-child\" data-id=\"0ececdc\" data-element_type=\"container\">\n\t\t\t\t<div class=\"elementor-element elementor-element-474a2cd elementor-widget elementor-widget-ucaddon_circle_number_widget\" data-id=\"474a2cd\" data-element_type=\"widget\" data-widget_type=\"ucaddon_circle_number_widget.default\">\n\t\t\t\t<div class=\"elementor-widget-container\">\n\t\t\t\n<!-- start Number Box -->\n<style>\/* widget: Number Box *\/\n\n#uc_circle_number_widget_elementor_474a2cd .circle_number_widget_layout\n{\n  display:flex;\n  }\n#uc_circle_number_widget_elementor_474a2cd .circle_number_widget\n{\n  display:inline-flex;\n  align-items:center;\n  justify-content:center;\n  position:relative;\n  transform:rotate(0deg);\n  animation: pulseuc_circle_number_widget_elementor_474a2cd 1.5s infinite;  box-shadow: 0 0 0 0 #02CFF1;}\n\n#uc_circle_number_widget_elementor_474a2cd .circle_number_text\n{\n  transform:rotate(-0deg);\n}\n\n\n\n\n\n#uc_circle_number_widget_elementor_474a2cd .ue-number-container, #uc_circle_number_widget_elementor_474a2cd .ue-spacing\n{\n  flex-grow:0;\n  flex-shrink:0;\n}\n\n.circle_number_widget\n{\n  font-size:32px;\n}\n.ue-title\n{\n  font-size:21px;\n}\n\n\n@keyframes pulseuc_circle_number_widget_elementor_474a2cd {\n\t 0% {\n\t\ttransform: scale(0.95);\n\t\tbox-shadow: 0 0 0 0 #02CFF1;\n\t}\n\t\n\t70% {\n\t\ttransform: scale(1);\n\t\tbox-shadow: 0 0 0 20px #02CFF1;\n\t}\n\t\n\t100% {\n\t\ttransform: scale(0.95);\n\t\tbox-shadow: 0 0 0 0 #02CFF1;\n\t}\n}\n\n<\/style>\n\n<div id=\"uc_circle_number_widget_elementor_474a2cd\" class=\"circle_number_widget_container\">\n  \n        <div class=\"circle_number_widget_layout\">\n      \n    <div class=\"ue-number-container elementor-animation-pop\"> \n    <div class=\"circle_number_widget\">\n      <div class=\"circle_number_text\">02<\/div>\n    <\/div>\n    <\/div>\n    \n        \n    <div class=\"ue-widget-content\">\n        <div class=\"ue-description\">S\u0103 fii la cel pu\u021bin un an de studiu la momentul \u00eenceperii mobilit\u0103\u021bii (pentru licen\u021b\u0103).<\/div>    <\/div>\n  \n  \n    <\/div>\n    <\/div>\n<!-- end Number Box -->\t\t<\/div>\n\t\t\t\t<\/div>\n\t\t\t\t<\/div>\n\t\t<div class=\"elementor-element elementor-element-0427a93 e-con-full e-flex e-con e-child\" data-id=\"0427a93\" data-element_type=\"container\">\n\t\t\t\t<div class=\"elementor-element elementor-element-9efb4de elementor-widget elementor-widget-ucaddon_circle_number_widget\" data-id=\"9efb4de\" data-element_type=\"widget\" data-widget_type=\"ucaddon_circle_number_widget.default\">\n\t\t\t\t<div class=\"elementor-widget-container\">\n\t\t\t\n<!-- start Number Box -->\n<style>\/* widget: Number Box *\/\n\n#uc_circle_number_widget_elementor_9efb4de .circle_number_widget_layout\n{\n  display:flex;\n  }\n#uc_circle_number_widget_elementor_9efb4de .circle_number_widget\n{\n  display:inline-flex;\n  align-items:center;\n  justify-content:center;\n  position:relative;\n  transform:rotate(0deg);\n  animation: pulseuc_circle_number_widget_elementor_9efb4de 1.5s infinite;  box-shadow: 0 0 0 0 #02CFF1;}\n\n#uc_circle_number_widget_elementor_9efb4de .circle_number_text\n{\n  transform:rotate(-0deg);\n}\n\n\n\n\n\n#uc_circle_number_widget_elementor_9efb4de .ue-number-container, #uc_circle_number_widget_elementor_9efb4de .ue-spacing\n{\n  flex-grow:0;\n  flex-shrink:0;\n}\n\n.circle_number_widget\n{\n  font-size:32px;\n}\n.ue-title\n{\n  font-size:21px;\n}\n\n\n@keyframes pulseuc_circle_number_widget_elementor_9efb4de {\n\t 0% {\n\t\ttransform: scale(0.95);\n\t\tbox-shadow: 0 0 0 0 #02CFF1;\n\t}\n\t\n\t70% {\n\t\ttransform: scale(1);\n\t\tbox-shadow: 0 0 0 20px #02CFF1;\n\t}\n\t\n\t100% {\n\t\ttransform: scale(0.95);\n\t\tbox-shadow: 0 0 0 0 #02CFF1;\n\t}\n}\n\n<\/style>\n\n<div id=\"uc_circle_number_widget_elementor_9efb4de\" class=\"circle_number_widget_container\">\n  \n        <div class=\"circle_number_widget_layout\">\n      \n    <div class=\"ue-number-container elementor-animation-pop\"> \n    <div class=\"circle_number_widget\">\n      <div class=\"circle_number_text\">03<\/div>\n    <\/div>\n    <\/div>\n    \n        \n    <div class=\"ue-widget-content\">\n        <div class=\"ue-description\">S\u0103 ai un certificat de competen\u021b\u0103 lingvistic\u0103 relevant (nivel minim B2).<\/div>    <\/div>\n  \n  \n    <\/div>\n    <\/div>\n<!-- end Number Box -->\t\t<\/div>\n\t\t\t\t<\/div>\n\t\t\t\t<\/div>\n\t\t\t\t\t<\/div>\n\t\t\t\t<\/div>\n\t\t<div class=\"elementor-element elementor-element-4169193 e-flex e-con-boxed e-con e-parent\" data-id=\"4169193\" data-element_type=\"container\" data-core-v316-plus=\"true\">\n\t\t\t\t\t<div class=\"e-con-inner\">\n\t\t<div class=\"elementor-element elementor-element-f2da44f e-flex e-con-boxed e-con e-child\" data-id=\"f2da44f\" data-element_type=\"container\">\n\t\t\t\t\t<div class=\"e-con-inner\">\n\t\t\t\t<div class=\"elementor-element elementor-element-30c6b8d elementor-widget elementor-widget-ucaddon_title_hero\" data-id=\"30c6b8d\" data-element_type=\"widget\" data-widget_type=\"ucaddon_title_hero.default\">\n\t\t\t\t<div class=\"elementor-widget-container\">\n\t\t\t\n<!-- start Title Hero -->\n<style>\/* widget: Title Hero *\/\n\n#uc_title_hero_elementor_30c6b8d *{\n\tbox-sizing: border-box;\n}\n#uc_title_hero_elementor_30c6b8d{\n\tposition:relative;\n\toverflow:hidden;\n    display:flex;\n    justify-content:center;\n  \talign-items:center;\n    flex-direction: column;\n    background-blend-mode: normal;\n}\n\n#uc_title_hero_elementor_30c6b8d .ue_title_hero_container{\n\n    text-align:center;\n    position:relative;\n    z-index:1;\n}\n#uc_title_hero_elementor_30c6b8d .ue_title{\n\n\tdisplay:inline-block;\n}\n\n#uc_title_hero_elementor_30c6b8d a{\n    display: inline-block;\n\ttext-decoration:none;\n}\n\n#uc_title_hero_elementor_30c6b8d .ue_title_hero_overlay\n{\n  position:absolute;\n  top:0;\n  bottom:0;\n  left:0;\n  right:0;\n}\n\n.ue_title\n{\n  font-size:52px;\n}\n\n<\/style>\n\n<div class=\"ue_title_hero\" id=\"uc_title_hero_elementor_30c6b8d\">\n    <div class=\"ue_title_hero_overlay\"><\/div>\n    <div class=\"ue_title_hero_container\">\n      \t    \t<div class=\"ue_title\">Calendarul selec\u021biei<\/div>\n        <div><\/div>\n              \n        <div class=\"ue_text\"><\/div>\t\n      \n            <\/div>\n<\/div>\n<!-- end Title Hero -->\t\t<\/div>\n\t\t\t\t<\/div>\n\t\t\t\t\t<\/div>\n\t\t\t\t<\/div>\n\t\t\t\t\t<\/div>\n\t\t\t\t<\/div>\n\t\t<div class=\"elementor-element elementor-element-000d60c e-flex e-con-boxed e-con e-parent\" data-id=\"000d60c\" data-element_type=\"container\" data-core-v316-plus=\"true\">\n\t\t\t\t\t<div class=\"e-con-inner\">\n\t\t<div class=\"elementor-element elementor-element-96920c1 e-flex e-con-boxed e-con e-child\" data-id=\"96920c1\" data-element_type=\"container\">\n\t\t\t\t\t<div class=\"e-con-inner\">\n\t\t\t\t<div class=\"elementor-element elementor-element-00b6954 elementor-widget elementor-widget-ucaddon_title_hero\" data-id=\"00b6954\" data-element_type=\"widget\" data-widget_type=\"ucaddon_title_hero.default\">\n\t\t\t\t<div class=\"elementor-widget-container\">\n\t\t\t\n<!-- start Title Hero -->\n<style>\/* widget: Title Hero *\/\n\n#uc_title_hero_elementor_00b6954 *{\n\tbox-sizing: border-box;\n}\n#uc_title_hero_elementor_00b6954{\n\tposition:relative;\n\toverflow:hidden;\n    display:flex;\n    justify-content:center;\n  \talign-items:center;\n    flex-direction: column;\n    background-blend-mode: normal;\n}\n\n#uc_title_hero_elementor_00b6954 .ue_title_hero_container{\n\n    text-align:center;\n    position:relative;\n    z-index:1;\n}\n#uc_title_hero_elementor_00b6954 .ue_title{\n\n\tdisplay:inline-block;\n}\n\n#uc_title_hero_elementor_00b6954 a{\n    display: inline-block;\n\ttext-decoration:none;\n}\n\n#uc_title_hero_elementor_00b6954 .ue_title_hero_overlay\n{\n  position:absolute;\n  top:0;\n  bottom:0;\n  left:0;\n  right:0;\n}\n\n.ue_title\n{\n  font-size:52px;\n}\n\n<\/style>\n\n<div class=\"ue_title_hero\" id=\"uc_title_hero_elementor_00b6954\">\n    <div class=\"ue_title_hero_overlay\"><\/div>\n    <div class=\"ue_title_hero_container\">\n      \t    \t<div class=\"ue_title\">Dosarul de candidatur\u0103<\/div>\n        <div><\/div>\n              \n        <div class=\"ue_text\"><\/div>\t\n      \n            <\/div>\n<\/div>\n<!-- end Title Hero -->\t\t<\/div>\n\t\t\t\t<\/div>\n\t\t\t\t\t<\/div>\n\t\t\t\t<\/div>\n\t\t\t\t\t<\/div>\n\t\t\t\t<\/div>\n\t\t<div class=\"elementor-element elementor-element-cddfc2a e-flex e-con-boxed e-con e-parent\" data-id=\"cddfc2a\" data-element_type=\"container\" data-core-v316-plus=\"true\">\n\t\t\t\t\t<div class=\"e-con-inner\">\n\t\t\t\t<div class=\"elementor-element elementor-element-973ee20 elementor-widget elementor-widget-text-editor\" data-id=\"973ee20\" data-element_type=\"widget\" data-widget_type=\"text-editor.default\">\n\t\t\t\t<div class=\"elementor-widget-container\">\n\t\t\t\t\t\t\t<ul>\n<li data-sourcepos=\"22:5-22:30\">Fi\u0219a tip a candidatului.<\/li>\n<li data-sourcepos=\"23:5-23:23\">Curriculum vitae.<\/li>\n<li data-sourcepos=\"24:5-24:27\">Transcrierea notelor.<\/li>\n<li data-sourcepos=\"25:5-25:45\">Certificatul de competen\u021b\u0103 lingvistic\u0103.<\/li>\n<li data-sourcepos=\"26:5-26:29\">Scrisoare de motiva\u021bie.<\/li>\n<li data-sourcepos=\"27:5-27:36\">Recomandare de la un profesor.<\/li>\n<\/ul>\t\t\t\t\t\t<\/div>\n\t\t\t\t<\/div>\n\t\t\t\t\t<\/div>\n\t\t\t\t<\/div>\n\t\t\t\t<\/div>\n\t\t","protected":false},"excerpt":{"rendered":"<p>LOCURI DISPONIBILE STUDIU DE LUNG\u0102 DURAT\u0102 STUDIU DE SCURTA DURAT\u0102 PRACTIC\u0102 10 LOCURI FACULTATEA IME 10 LOCURI FACULTATEA IPG 10 LOCURI FACULTATEA TPP 10 LOCURI FACULTATEA SE 10 LOCURI FACULTATEA LS 15 LOCURI\/1 DEPLASARE FACULTATEA IME 15 LOCURI\/1 DEPLASARE FACULTATEA IPG 15 LOCURI\/1 DEPLASARE FACULTATEA TPP 15 LOCURI\/1 DEPLASARE FACULTATEA SE 15 LOCURI\/1 DEPLASARE FACULTATEA <\/p>\n","protected":false},"author":1,"featured_media":0,"parent":1657,"menu_order":0,"comment_status":"closed","ping_status":"closed","template":"","meta":{"footnotes":""},"class_list":["post-2561","page","type-page","status-publish","hentry"],"acf":[],"_links":{"self":[{"href":"https:\/\/internationalizare.upg-ploiesti.ro\/index.php\/wp-json\/wp\/v2\/pages\/2561","targetHints":{"allow":["GET"]}}],"collection":[{"href":"https:\/\/internationalizare.upg-ploiesti.ro\/index.php\/wp-json\/wp\/v2\/pages"}],"about":[{"href":"https:\/\/internationalizare.upg-ploiesti.ro\/index.php\/wp-json\/wp\/v2\/types\/page"}],"author":[{"embeddable":true,"href":"https:\/\/internationalizare.upg-ploiesti.ro\/index.php\/wp-json\/wp\/v2\/users\/1"}],"replies":[{"embeddable":true,"href":"https:\/\/internationalizare.upg-ploiesti.ro\/index.php\/wp-json\/wp\/v2\/comments?post=2561"}],"version-history":[{"count":70,"href":"https:\/\/internationalizare.upg-ploiesti.ro\/index.php\/wp-json\/wp\/v2\/pages\/2561\/revisions"}],"predecessor-version":[{"id":2696,"href":"https:\/\/internationalizare.upg-ploiesti.ro\/index.php\/wp-json\/wp\/v2\/pages\/2561\/revisions\/2696"}],"up":[{"embeddable":true,"href":"https:\/\/internationalizare.upg-ploiesti.ro\/index.php\/wp-json\/wp\/v2\/pages\/1657"}],"wp:attachment":[{"href":"https:\/\/internationalizare.upg-ploiesti.ro\/index.php\/wp-json\/wp\/v2\/media?parent=2561"}],"curies":[{"name":"wp","href":"https:\/\/api.w.org\/{rel}","templated":true}]}}