{"id":1834,"date":"2022-04-21T13:10:46","date_gmt":"2022-04-21T13:10:46","guid":{"rendered":"https:\/\/internationalizare.upg-ploiesti.ro\/?page_id=1834"},"modified":"2025-03-04T15:17:40","modified_gmt":"2025-03-04T15:17:40","slug":"regulamente-si-proceduri","status":"publish","type":"page","link":"https:\/\/internationalizare.upg-ploiesti.ro\/index.php\/relatii-internationale\/regulamente-si-proceduri\/","title":{"rendered":"Regulamente \u0219i proceduri"},"content":{"rendered":"\t\t<div data-elementor-type=\"wp-page\" data-elementor-id=\"1834\" class=\"elementor elementor-1834\">\n\t\t\t\t\t\t<section class=\"elementor-section elementor-top-section elementor-element elementor-element-09eaaa5 elementor-section-boxed elementor-section-height-default elementor-section-height-default\" data-id=\"09eaaa5\" data-element_type=\"section\">\n\t\t\t\t\t\t<div class=\"elementor-container elementor-column-gap-default\">\n\t\t\t\t\t<div class=\"elementor-column elementor-col-100 elementor-top-column elementor-element elementor-element-987c769\" data-id=\"987c769\" data-element_type=\"column\">\n\t\t\t<div class=\"elementor-widget-wrap elementor-element-populated\">\n\t\t\t\t\t\t<div class=\"elementor-element elementor-element-21e89c9 elementor-tabs-view-horizontal elementor-widget elementor-widget-tabs\" data-id=\"21e89c9\" data-element_type=\"widget\" data-widget_type=\"tabs.default\">\n\t\t\t\t<div class=\"elementor-widget-container\">\n\t\t\t<style>\/*! elementor - v3.20.0 - 10-04-2024 *\/\n.elementor-widget-tabs.elementor-tabs-view-vertical .elementor-tabs-wrapper{width:25%;flex-shrink:0}.elementor-widget-tabs.elementor-tabs-view-vertical .elementor-tab-desktop-title.elementor-active{border-right-style:none}.elementor-widget-tabs.elementor-tabs-view-vertical .elementor-tab-desktop-title.elementor-active:after,.elementor-widget-tabs.elementor-tabs-view-vertical .elementor-tab-desktop-title.elementor-active:before{height:999em;width:0;right:0;border-right-style:solid}.elementor-widget-tabs.elementor-tabs-view-vertical .elementor-tab-desktop-title.elementor-active:before{top:0;transform:translateY(-100%)}.elementor-widget-tabs.elementor-tabs-view-vertical .elementor-tab-desktop-title.elementor-active:after{top:100%}.elementor-widget-tabs.elementor-tabs-view-horizontal .elementor-tab-desktop-title{display:table-cell}.elementor-widget-tabs.elementor-tabs-view-horizontal .elementor-tab-desktop-title.elementor-active{border-bottom-style:none}.elementor-widget-tabs.elementor-tabs-view-horizontal .elementor-tab-desktop-title.elementor-active:after,.elementor-widget-tabs.elementor-tabs-view-horizontal .elementor-tab-desktop-title.elementor-active:before{bottom:0;height:0;width:999em;border-bottom-style:solid}.elementor-widget-tabs.elementor-tabs-view-horizontal .elementor-tab-desktop-title.elementor-active:before{right:100%}.elementor-widget-tabs.elementor-tabs-view-horizontal .elementor-tab-desktop-title.elementor-active:after{left:100%}.elementor-widget-tabs .elementor-tab-content,.elementor-widget-tabs .elementor-tab-title,.elementor-widget-tabs .elementor-tab-title:after,.elementor-widget-tabs .elementor-tab-title:before,.elementor-widget-tabs .elementor-tabs-content-wrapper{border:1px #d5d8dc}.elementor-widget-tabs .elementor-tabs{text-align:left}.elementor-widget-tabs .elementor-tabs-wrapper{overflow:hidden}.elementor-widget-tabs .elementor-tab-title{cursor:pointer;outline:var(--focus-outline,none)}.elementor-widget-tabs .elementor-tab-desktop-title{position:relative;padding:20px 25px;font-weight:700;line-height:1;border:solid transparent}.elementor-widget-tabs .elementor-tab-desktop-title.elementor-active{border-color:#d5d8dc}.elementor-widget-tabs .elementor-tab-desktop-title.elementor-active:after,.elementor-widget-tabs .elementor-tab-desktop-title.elementor-active:before{display:block;content:\"\";position:absolute}.elementor-widget-tabs .elementor-tab-desktop-title:focus-visible{border:1px solid #000}.elementor-widget-tabs .elementor-tab-mobile-title{padding:10px;cursor:pointer}.elementor-widget-tabs .elementor-tab-content{padding:20px;display:none}@media (max-width:767px){.elementor-tabs .elementor-tab-content,.elementor-tabs .elementor-tab-title{border-style:solid solid none}.elementor-tabs .elementor-tabs-wrapper{display:none}.elementor-tabs .elementor-tabs-content-wrapper{border-bottom-style:solid}.elementor-tabs .elementor-tab-content{padding:10px}}@media (min-width:768px){.elementor-widget-tabs.elementor-tabs-view-vertical .elementor-tabs{display:flex}.elementor-widget-tabs.elementor-tabs-view-vertical .elementor-tabs-wrapper{flex-direction:column}.elementor-widget-tabs.elementor-tabs-view-vertical .elementor-tabs-content-wrapper{flex-grow:1;border-style:solid solid solid none}.elementor-widget-tabs.elementor-tabs-view-horizontal .elementor-tab-content{border-style:none solid solid}.elementor-widget-tabs.elementor-tabs-alignment-center .elementor-tabs-wrapper,.elementor-widget-tabs.elementor-tabs-alignment-end .elementor-tabs-wrapper,.elementor-widget-tabs.elementor-tabs-alignment-stretch .elementor-tabs-wrapper{display:flex}.elementor-widget-tabs.elementor-tabs-alignment-center .elementor-tabs-wrapper{justify-content:center}.elementor-widget-tabs.elementor-tabs-alignment-end .elementor-tabs-wrapper{justify-content:flex-end}.elementor-widget-tabs.elementor-tabs-alignment-stretch.elementor-tabs-view-horizontal .elementor-tab-title{width:100%}.elementor-widget-tabs.elementor-tabs-alignment-stretch.elementor-tabs-view-vertical .elementor-tab-title{height:100%}.elementor-tabs .elementor-tab-mobile-title{display:none}}<\/style>\t\t<div class=\"elementor-tabs\">\n\t\t\t<div class=\"elementor-tabs-wrapper\" role=\"tablist\" >\n\t\t\t\t\t\t\t\t\t<div id=\"elementor-tab-title-3551\" class=\"elementor-tab-title elementor-tab-desktop-title\" aria-selected=\"true\" data-tab=\"1\" role=\"tab\" tabindex=\"0\" aria-controls=\"elementor-tab-content-3551\" aria-expanded=\"false\">Regulamente<\/div>\n\t\t\t\t\t\t\t\t\t<div id=\"elementor-tab-title-3552\" class=\"elementor-tab-title elementor-tab-desktop-title\" aria-selected=\"false\" data-tab=\"2\" role=\"tab\" tabindex=\"-1\" aria-controls=\"elementor-tab-content-3552\" aria-expanded=\"false\">Strategii<\/div>\n\t\t\t\t\t\t\t\t\t<div id=\"elementor-tab-title-3553\" class=\"elementor-tab-title elementor-tab-desktop-title\" aria-selected=\"false\" data-tab=\"3\" role=\"tab\" tabindex=\"-1\" aria-controls=\"elementor-tab-content-3553\" aria-expanded=\"false\">Proceduri<\/div>\n\t\t\t\t\t\t\t<\/div>\n\t\t\t<div class=\"elementor-tabs-content-wrapper\" role=\"tablist\" aria-orientation=\"vertical\">\n\t\t\t\t\t\t\t\t\t<div class=\"elementor-tab-title elementor-tab-mobile-title\" aria-selected=\"true\" data-tab=\"1\" role=\"tab\" tabindex=\"0\" aria-controls=\"elementor-tab-content-3551\" aria-expanded=\"false\">Regulamente<\/div>\n\t\t\t\t\t<div id=\"elementor-tab-content-3551\" class=\"elementor-tab-content elementor-clearfix\" data-tab=\"1\" role=\"tabpanel\" aria-labelledby=\"elementor-tab-title-3551\" tabindex=\"0\" hidden=\"false\"><p><a href=\"https:\/\/internationalizare.upg-ploiesti.ro\/wp-content\/uploads\/2025\/03\/09-ROF_CENTRU_REL_INT_CRI_FINAL_0.pdf\"><strong>R 09-20 REGULAMENT PRIVIND ORGANIZAREA \u0218I FUNC\u021aIONAREA CENTRULUI DE RELA\u021aII INTERNA\u021aIONALE DIN UNIVERSITATEA PETROL-GAZE DIN PLOIE\u0218TI<\/strong><\/a><\/p><p><a href=\"https:\/\/internationalizare.upg-ploiesti.ro\/wp-content\/uploads\/2025\/03\/R-04.15_Regulament_ECTS.pdf\"><strong>R 04-15 REGULAMENTUL DE ORGANIZARE A PROCESULUI DE \u00ceNV\u0102\u0162\u0102M\u00c2NT PE BAZA SISTEMULUI DE CREDITE TRANSFERABILE LA UNIVERSITATEA PETROL-GAZE DIN PLOIE\u015eTI<\/strong><\/a><\/p><p><a href=\"https:\/\/internationalizare.upg-ploiesti.ro\/wp-content\/uploads\/2025\/03\/08-REGULAM_RECUN_PER_STUD_ERASMUS_FINAL_0.pdf\"><strong>R 08-08 REGULAMENT PRIVIND ORGANIZAREA, DESF\u0102\u0218URAREA \u0218I RECUNOA\u0218TEREA PERIOADELOR DE MOBILITATE EFECTUATE DE STUDEN\u021aI \u00ceN CADRUL PROGRAMULUI ERASMUS+<\/strong><\/a><\/p><p><a href=\"https:\/\/internationalizare.upg-ploiesti.ro\/wp-content\/uploads\/2025\/03\/28-Metodologie-proiecte-europene_.pdf\"><strong>R 01-28 Metodologia de evaluare, avizare \u0219i monitorizare a proiectelor cu finan\u021bare european\u0103 (Cu excep\u021bia proiectelor ERASMUS)<\/strong><\/a><\/p><\/div>\n\t\t\t\t\t\t\t\t\t<div class=\"elementor-tab-title elementor-tab-mobile-title\" aria-selected=\"false\" data-tab=\"2\" role=\"tab\" tabindex=\"-1\" aria-controls=\"elementor-tab-content-3552\" aria-expanded=\"false\">Strategii<\/div>\n\t\t\t\t\t<div id=\"elementor-tab-content-3552\" class=\"elementor-tab-content elementor-clearfix\" data-tab=\"2\" role=\"tabpanel\" aria-labelledby=\"elementor-tab-title-3552\" tabindex=\"0\" hidden=\"hidden\"><p><a href=\"https:\/\/internationalizare.upg-ploiesti.ro\/wp-content\/uploads\/2024\/11\/strategia-internationalizare_nov_24.pdf\"><strong>Strategia de Interna\u0163ionalizare \u015fi Cooperare Global\u0103 a Universit\u0103\u0163ii Petrol-Gaze din Ploie\u0219ti<\/strong><\/a><\/p><\/div>\n\t\t\t\t\t\t\t\t\t<div class=\"elementor-tab-title elementor-tab-mobile-title\" aria-selected=\"false\" data-tab=\"3\" role=\"tab\" tabindex=\"-1\" aria-controls=\"elementor-tab-content-3553\" aria-expanded=\"false\">Proceduri<\/div>\n\t\t\t\t\t<div id=\"elementor-tab-content-3553\" class=\"elementor-tab-content elementor-clearfix\" data-tab=\"3\" role=\"tabpanel\" aria-labelledby=\"elementor-tab-title-3553\" tabindex=\"0\" hidden=\"hidden\"><p data-sourcepos=\"3:1-3:17\"><a href=\"https:\/\/internationalizare.upg-ploiesti.ro\/wp-content\/uploads\/2025\/03\/po-07.46.pdf\"><strong>PO 07.46\u00a0<\/strong><strong>PROCEDUR\u0102 OPERA\u021aIONAL\u0102\u00a0<\/strong><strong>SELEC\u021aIA \u0218I PARTICIPAREA PERSONALULUI ANGAJAT LA MOBILIT\u0102\u021aILE EFECTUATE \u00ceN CADRUL PROGRAMULUI ERASMUS+<\/strong><\/a><\/p><\/div>\n\t\t\t\t\t\t\t<\/div>\n\t\t<\/div>\n\t\t\t\t<\/div>\n\t\t\t\t<\/div>\n\t\t\t\t\t<\/div>\n\t\t<\/div>\n\t\t\t\t\t<\/div>\n\t\t<\/section>\n\t\t\t\t<\/div>\n\t\t","protected":false},"excerpt":{"rendered":"<p>Regulamente Strategii Proceduri Regulamente R 09-20 REGULAMENT PRIVIND ORGANIZAREA \u0218I FUNC\u021aIONAREA CENTRULUI DE RELA\u021aII INTERNA\u021aIONALE DIN UNIVERSITATEA PETROL-GAZE DIN PLOIE\u0218TI R 04-15 REGULAMENTUL DE ORGANIZARE A PROCESULUI DE \u00ceNV\u0102\u0162\u0102M\u00c2NT PE BAZA SISTEMULUI DE CREDITE TRANSFERABILE LA UNIVERSITATEA PETROL-GAZE DIN PLOIE\u015eTI R 08-08 REGULAMENT PRIVIND ORGANIZAREA, DESF\u0102\u0218URAREA \u0218I RECUNOA\u0218TEREA PERIOADELOR DE MOBILITATE EFECTUATE DE STUDEN\u021aI \u00ceN <\/p>\n","protected":false},"author":1,"featured_media":0,"parent":1620,"menu_order":0,"comment_status":"closed","ping_status":"closed","template":"","meta":{"footnotes":""},"class_list":["post-1834","page","type-page","status-publish","hentry"],"acf":[],"_links":{"self":[{"href":"https:\/\/internationalizare.upg-ploiesti.ro\/index.php\/wp-json\/wp\/v2\/pages\/1834","targetHints":{"allow":["GET"]}}],"collection":[{"href":"https:\/\/internationalizare.upg-ploiesti.ro\/index.php\/wp-json\/wp\/v2\/pages"}],"about":[{"href":"https:\/\/internationalizare.upg-ploiesti.ro\/index.php\/wp-json\/wp\/v2\/types\/page"}],"author":[{"embeddable":true,"href":"https:\/\/internationalizare.upg-ploiesti.ro\/index.php\/wp-json\/wp\/v2\/users\/1"}],"replies":[{"embeddable":true,"href":"https:\/\/internationalizare.upg-ploiesti.ro\/index.php\/wp-json\/wp\/v2\/comments?post=1834"}],"version-history":[{"count":40,"href":"https:\/\/internationalizare.upg-ploiesti.ro\/index.php\/wp-json\/wp\/v2\/pages\/1834\/revisions"}],"predecessor-version":[{"id":2982,"href":"https:\/\/internationalizare.upg-ploiesti.ro\/index.php\/wp-json\/wp\/v2\/pages\/1834\/revisions\/2982"}],"up":[{"embeddable":true,"href":"https:\/\/internationalizare.upg-ploiesti.ro\/index.php\/wp-json\/wp\/v2\/pages\/1620"}],"wp:attachment":[{"href":"https:\/\/internationalizare.upg-ploiesti.ro\/index.php\/wp-json\/wp\/v2\/media?parent=1834"}],"curies":[{"name":"wp","href":"https:\/\/api.w.org\/{rel}","templated":true}]}}