{"id":1802,"date":"2022-04-21T12:42:20","date_gmt":"2022-04-21T12:42:20","guid":{"rendered":"https:\/\/internationalizare.upg-ploiesti.ro\/?page_id=1802"},"modified":"2026-02-06T09:54:13","modified_gmt":"2026-02-06T09:54:13","slug":"mobilitati-erasmus-de-formare-profesionala","status":"publish","type":"page","link":"https:\/\/internationalizare.upg-ploiesti.ro\/index.php\/programe\/mobilitati-erasmus-de-formare-profesionala\/","title":{"rendered":"Mobilit\u0103\u021bi Erasmus de formare profesional\u0103"},"content":{"rendered":"\t\t<div data-elementor-type=\"wp-page\" data-elementor-id=\"1802\" class=\"elementor elementor-1802\">\n\t\t\t\t<div class=\"elementor-element elementor-element-05cb871 e-flex e-con-boxed e-con e-parent\" data-id=\"05cb871\" data-element_type=\"container\" data-core-v316-plus=\"true\">\n\t\t\t\t\t<div class=\"e-con-inner\">\n\t\t\t\t<div class=\"elementor-element elementor-element-351f95e elementor-widget elementor-widget-heading\" data-id=\"351f95e\" data-element_type=\"widget\" data-widget_type=\"heading.default\">\n\t\t\t\t<div class=\"elementor-widget-container\">\n\t\t\t<style>\/*! elementor - v3.20.0 - 10-04-2024 *\/\n.elementor-heading-title{padding:0;margin:0;line-height:1}.elementor-widget-heading .elementor-heading-title[class*=elementor-size-]>a{color:inherit;font-size:inherit;line-height:inherit}.elementor-widget-heading .elementor-heading-title.elementor-size-small{font-size:15px}.elementor-widget-heading .elementor-heading-title.elementor-size-medium{font-size:19px}.elementor-widget-heading .elementor-heading-title.elementor-size-large{font-size:29px}.elementor-widget-heading .elementor-heading-title.elementor-size-xl{font-size:39px}.elementor-widget-heading .elementor-heading-title.elementor-size-xxl{font-size:59px}<\/style><h2 class=\"elementor-heading-title elementor-size-default\">Beneficii<\/h2>\t\t<\/div>\n\t\t\t\t<\/div>\n\t\t\t\t<div class=\"elementor-element elementor-element-61a1acd elementor-widget elementor-widget-ucaddon_uc_material_bullets\" data-id=\"61a1acd\" data-element_type=\"widget\" data-widget_type=\"ucaddon_uc_material_bullets.default\">\n\t\t\t\t<div class=\"elementor-widget-container\">\n\t\t\t\n<!-- start Icon Bullets -->\n\t\t<link id='font-awesome-css' href='https:\/\/internationalizare.upg-ploiesti.ro\/wp-content\/plugins\/unlimited-elements-for-elementor\/assets_libraries\/font-awesome6\/fontawesome-all.min.css' type='text\/css' rel='stylesheet' >\n\t\t<link id='font-awesome-4-shim-css' href='https:\/\/internationalizare.upg-ploiesti.ro\/wp-content\/plugins\/unlimited-elements-for-elementor\/assets_libraries\/font-awesome6\/fontawesome-v4-shims.min.css' type='text\/css' rel='stylesheet' >\n\n<style>\/* widget: Icon Bullets *\/\n\n\r\n@keyframes uc_uc_material_bullets_elementor_61a1acd__item-animation {\r\n  0% {\r\n            \r\n        \t        \tfilter: blur(10px);\r\n\t\t\t\r\n    \t    opacity: 0;\r\n  }\r\n  100% {\r\n            \r\n        \t            filter: blur(0px);\r\n            \r\n    \t\topacity: 1;\r\n  }\r\n}\r\n\r\n\r\n#uc_uc_material_bullets_elementor_61a1acd .uc_material_bullets_row{\r\n\topacity:0;\r\n}\r\n\r\n\r\n#uc_uc_material_bullets_elementor_61a1acd .uc-entrance-animate {\r\n  opacity:1;\r\n}\r\n\r\n#uc_uc_material_bullets_elementor_61a1acd .uc-entrance-animate {\r\n\tanimation: uc_uc_material_bullets_elementor_61a1acd__item-animation 0.372s cubic-bezier(0.470, 0.000, 0.745, 0.715) both;\r\n}\r\n\r\n\t\t\t\n\n#uc_uc_material_bullets_elementor_61a1acd *{\n\t-webkit-box-sizing: border-box;\n\t-moz-box-sizing: border-box;\n\tbox-sizing: border-box;\n}\n\n#uc_uc_material_bullets_elementor_61a1acd .uc-bullet-active{\n}\n\n#uc_uc_material_bullets_elementor_61a1acd .ue-icon-wrapper{\n\tdisplay: flex;\n}\n\n#uc_uc_material_bullets_elementor_61a1acd .ue-icon\n{\n  display:flex;\n  align-items:center;\n  justify-content:center;\n  flex-grow:0;\n  flex-shrink:0;\n  line-height:1em;\n  transition:0.3s;\n}\n\n#uc_uc_material_bullets_elementor_61a1acd .ue-icon svg\n{\n  height:1em;\n  width:1em;\n}\n\n\n#uc_uc_material_bullets_elementor_61a1acd .uc_material_bullets_row\n{\n\tfont-weight:400;\n\toverflow:hidden;\n\tdisplay:flex;\n\tposition:relative;\n\ttext-align:left;\n\twidth:100%;\n   \n    transition:0.3s;\n}\n\n\n#uc_uc_material_bullets_elementor_61a1acd .uc_material_bullets_row a.ue-item-link\n{\n  position:absolute;\n  display:block;\n  top:0;\n  right:0;\n  left:0;\n  bottom:0;\n}\n\n#uc_uc_material_bullets_elementor_61a1acd .uc_material_bullets_row:last-child\n{\n\tmargin-bottom:0px !important;\n}\n\n\n#uc_uc_material_bullets_elementor_61a1acd .uc_material_bullets_row \n{\n\tposition:relative;\n\tvertical-align:middle;\n}\n\n#uc_uc_material_bullets_elementor_61a1acd .uc_material_bullets_row .uc_content_box\n{\n\tdisplay:flex;\n    flex-direction:column;\n    justify-content:center;\n    align-items: flex-start;\n    flex-grow:1;\n}\n\n#uc_uc_material_bullets_elementor_61a1acd .ue-bullets\n{\n  display:grid;\n}\n\n#uc_uc_material_bullets_elementor_61a1acd .ue-text, #uc_uc_material_bullets_elementor_61a1acd .ue-title, #uc_uc_material_bullets_elementor_61a1acd .ue-seperator\n{\n  width:100%;\n}\n\n#uc_uc_material_bullets_elementor_61a1acd .ue-seperator-line\n{\n  display:inline-block;\n  font-size:0px;\n}\n\n#uc_uc_material_bullets_elementor_61a1acd .ue-seperator\n{\n  font-size:0px;\n}\n\n#uc_uc_material_bullets_elementor_61a1acd.uc-remote-parent .uc_material_bullets_row\n{\n  cursor:pointer;\n}\n\n.ue-title\n{\n  font-size:21px;\n  margin:0;\n}\n\n<\/style>\n\n<div class=\"uc_material_bullets  \"  id=\"uc_uc_material_bullets_elementor_61a1acd\"  >   \t\n    \t<div class=\"ue-bullets uc-items-wrapper\">\n          \t<div class=\"uc_material_bullets_row elementor-repeater-item-dcbd7a8\">\n  <div class=\"ue-icon-wrapper\">\n              <div class=\"ue-icon\">\n                    <i class='fas fa-leaf'><\/i>                    \t\n\n                \n              <\/div>\n  <\/div>\n  <div class=\"uc_content_box uc_ceal\">\n    <div class=\"ue-title\">Dezvoltarea profesional\u0103:<\/div>\n    \n    \t\n    \n    <div class=\"ue-text\">Dob\u00e2ndirea de noi cuno\u0219tin\u021be \u0219i abilit\u0103\u021bi, familiarizarea cu practicile din alte \u021b\u0103ri, cre\u0219terea \u00eencrederii \u00een sine \u0219i a abilit\u0103\u021bilor de adaptare la medii noi.\n<\/div>\t\n  <\/div>\n    \t\n<\/div>\n<div class=\"uc_material_bullets_row elementor-repeater-item-3e47a4c\">\n  <div class=\"ue-icon-wrapper\">\n              <div class=\"ue-icon\">\n                    <i class='fas fa-leaf'><\/i>                    \t\n\n                \n              <\/div>\n  <\/div>\n  <div class=\"uc_content_box uc_ceal\">\n    <div class=\"ue-title\">Dezvoltarea personal\u0103:<\/div>\n    \n    \t\n    \n    <div class=\"ue-text\">\u00cembun\u0103t\u0103\u021birea abilit\u0103\u021bilor de comunicare \u0219i interculturale, dezvoltarea rela\u021biilor interpersonale \u0219i a re\u021belei de contacte profesionale, cre\u0219terea gradului de satisfac\u021bie profesional\u0103 \u0219i a motiva\u021biei.\n<\/div>\t\n  <\/div>\n    \t\n<\/div>\n<div class=\"uc_material_bullets_row elementor-repeater-item-a09d66f\">\n  <div class=\"ue-icon-wrapper\">\n              <div class=\"ue-icon\">\n                    <i class='fas fa-leaf'><\/i>                    \t\n\n                \n              <\/div>\n  <\/div>\n  <div class=\"uc_content_box uc_ceal\">\n    <div class=\"ue-title\">\u00cembun\u0103t\u0103\u021birea carierei: <\/div>\n    \n    \t\n    \n    <div class=\"ue-text\">Dezvoltarea profilului profesional, acces la resurse \u0219i echipamente moderne din cadrul institu\u021biilor de \u00eenv\u0103\u021b\u0103m\u00e2nt partenere.\n\n<\/div>\t\n  <\/div>\n    \t\n<\/div>\n\n      <\/div>\n<\/div>\n<!-- end Icon Bullets -->\t\t<\/div>\n\t\t\t\t<\/div>\n\t\t\t\t\t<\/div>\n\t\t\t\t<\/div>\n\t\t<div class=\"elementor-element elementor-element-3f4af38 e-flex e-con-boxed e-con e-parent\" data-id=\"3f4af38\" data-element_type=\"container\" data-core-v316-plus=\"true\">\n\t\t\t\t\t<div class=\"e-con-inner\">\n\t\t<div class=\"elementor-element elementor-element-aff2cba e-flex e-con-boxed e-con e-child\" data-id=\"aff2cba\" data-element_type=\"container\">\n\t\t\t\t\t<div class=\"e-con-inner\">\n\t\t<div class=\"elementor-element elementor-element-e8caf7b e-con-full e-flex e-con e-child\" data-id=\"e8caf7b\" data-element_type=\"container\">\n\t\t\t\t<div class=\"elementor-element elementor-element-92d63a4 elementor-widget elementor-widget-ucaddon_blox_icon_button_number_box\" data-id=\"92d63a4\" data-element_type=\"widget\" data-widget_type=\"ucaddon_blox_icon_button_number_box.default\">\n\t\t\t\t<div class=\"elementor-widget-container\">\n\t\t\t\n<!-- start Icon Number Box -->\n\n<style>\/* widget: Icon Number Box *\/\n\n#uc_blox_icon_button_number_box_elementor_92d63a4\n{\n  position:relative;\n  transition:0.3s;\n  overflow:hidden;\n  display:flex;\n  flex-direction:column;\n}\n\n#uc_blox_icon_button_number_box_elementor_92d63a4:hover\n{\n  z-index:1;\n}\n\n#uc_blox_icon_button_number_box_elementor_92d63a4 .blox_icon_button_number_box_number\n{\n  position:absolute;\n  right:0px;\n  top:0px;\n\n}\n\n#uc_blox_icon_button_number_box_elementor_92d63a4 .ue-icon-wrapper\n{\n  display:inline-flex;\n  justify-content:center;\n  align-items:center;\n  line-height:1em;\n}\n\n#uc_blox_icon_button_number_box_elementor_92d63a4 .ue-icon-wrapper svg\n{\n  height:1em;\n  width:1em;\n}\n\n.ue-title\n{\n  font-size:32px;\n}\n\n\n#uc_blox_icon_button_number_box_elementor_92d63a4 .ue-btn\n{\n  text-decoration:none;\n  transition:0.3s;\n}\n\n#uc_blox_icon_button_number_box_elementor_92d63a4 .ue-box-btn-wrapper\n{\n  margin-top:auto;\n  position:relative;\n}\n\n#uc_blox_icon_button_number_box_elementor_92d63a4 .ue-box-content-wrapper\n{\n  position:relative;\n}\n\n#uc_blox_icon_button_number_box_elementor_92d63a4 .ue-box-overlay\n{\n  position:absolute;\n  top:0;\n  bottom:0;\n  right:0;\n  left:0;\n}\n\n<\/style>\n\n<div class=\"blox_icon_button_number_box ue-box elementor-animation-shrink\" id=\"uc_blox_icon_button_number_box_elementor_92d63a4\">\n  \n  <div class=\"ue-box-overlay\"><\/div>\n  \n  <div class=\"ue-box-content-wrapper\">\n    <div class=\"blox_icon_button_number_box_number\">2023-2024<\/div>\n    <div class=\"ue-icon-wrapper\"><i class='fab fa-researchgate'><\/i><\/div>\n    <div class=\"ue-title\">MOBILITATI DE FORMARE<\/div>\n    <div class=\"ue-text\">Programul Erasmus+ sus\u021bine dezvoltarea profesional\u0103 a personalului din domeniul educa\u021biei prin stagii de formare \u00een str\u0103in\u0103tate. <\/div>\n  <\/div>\n  \n    <div class=\"ue-box-btn-wrapper\">\n  <a class=\"blox_icon_button_number_box_link ue-btn ue_box_button\" href=\"https:\/\/internationalizare.upg-ploiesti.ro\/index.php\/programe\/mobilitati-erasmus-de-formare-profesionala\/mobilitati-de-formare-profesionala-2023-2024\/\" >Descoper\u0103<\/a>\n  <\/div>\n    \n<\/div>\n<!-- end Icon Number Box -->\t\t<\/div>\n\t\t\t\t<\/div>\n\t\t\t\t<\/div>\n\t\t<div class=\"elementor-element elementor-element-d53325f e-con-full e-flex e-con e-child\" data-id=\"d53325f\" data-element_type=\"container\">\n\t\t\t\t<div class=\"elementor-element elementor-element-3b3f08a elementor-widget elementor-widget-ucaddon_blox_icon_button_number_box\" data-id=\"3b3f08a\" data-element_type=\"widget\" data-widget_type=\"ucaddon_blox_icon_button_number_box.default\">\n\t\t\t\t<div class=\"elementor-widget-container\">\n\t\t\t\n<!-- start Icon Number Box -->\n\n<style>\/* widget: Icon Number Box *\/\n\n#uc_blox_icon_button_number_box_elementor_3b3f08a\n{\n  position:relative;\n  transition:0.3s;\n  overflow:hidden;\n  display:flex;\n  flex-direction:column;\n}\n\n#uc_blox_icon_button_number_box_elementor_3b3f08a:hover\n{\n  z-index:1;\n}\n\n#uc_blox_icon_button_number_box_elementor_3b3f08a .blox_icon_button_number_box_number\n{\n  position:absolute;\n  right:0px;\n  top:0px;\n\n}\n\n#uc_blox_icon_button_number_box_elementor_3b3f08a .ue-icon-wrapper\n{\n  display:inline-flex;\n  justify-content:center;\n  align-items:center;\n  line-height:1em;\n}\n\n#uc_blox_icon_button_number_box_elementor_3b3f08a .ue-icon-wrapper svg\n{\n  height:1em;\n  width:1em;\n}\n\n.ue-title\n{\n  font-size:32px;\n}\n\n\n#uc_blox_icon_button_number_box_elementor_3b3f08a .ue-btn\n{\n  text-decoration:none;\n  transition:0.3s;\n}\n\n#uc_blox_icon_button_number_box_elementor_3b3f08a .ue-box-btn-wrapper\n{\n  margin-top:auto;\n  position:relative;\n}\n\n#uc_blox_icon_button_number_box_elementor_3b3f08a .ue-box-content-wrapper\n{\n  position:relative;\n}\n\n#uc_blox_icon_button_number_box_elementor_3b3f08a .ue-box-overlay\n{\n  position:absolute;\n  top:0;\n  bottom:0;\n  right:0;\n  left:0;\n}\n\n<\/style>\n\n<div class=\"blox_icon_button_number_box ue-box elementor-animation-shrink\" id=\"uc_blox_icon_button_number_box_elementor_3b3f08a\">\n  \n  <div class=\"ue-box-overlay\"><\/div>\n  \n  <div class=\"ue-box-content-wrapper\">\n    <div class=\"blox_icon_button_number_box_number\">2024-2025<\/div>\n    <div class=\"ue-icon-wrapper\"><i class='fab fa-researchgate'><\/i><\/div>\n    <div class=\"ue-title\">MOBILITATI DE FORMARE<\/div>\n    <div class=\"ue-text\">Programul Erasmus+ sus\u021bine dezvoltarea profesional\u0103 a personalului din domeniul educa\u021biei prin stagii de formare \u00een str\u0103in\u0103tate. <\/div>\n  <\/div>\n  \n    <div class=\"ue-box-btn-wrapper\">\n  <a class=\"blox_icon_button_number_box_link ue-btn ue_box_button\" href=\"https:\/\/internationalizare.upg-ploiesti.ro\/index.php\/programe\/mobilitati-erasmus-de-formare-profesionala\/mobilitati-de-formare-profesionala-2024-2025\/\" >Descoper\u0103<\/a>\n  <\/div>\n    \n<\/div>\n<!-- end Icon Number Box -->\t\t<\/div>\n\t\t\t\t<\/div>\n\t\t\t\t<\/div>\n\t\t<div class=\"elementor-element elementor-element-5c364e7 e-con-full e-flex e-con e-child\" data-id=\"5c364e7\" data-element_type=\"container\">\n\t\t\t\t<div class=\"elementor-element elementor-element-c9cbd88 elementor-widget elementor-widget-ucaddon_blox_icon_button_number_box\" data-id=\"c9cbd88\" data-element_type=\"widget\" data-widget_type=\"ucaddon_blox_icon_button_number_box.default\">\n\t\t\t\t<div class=\"elementor-widget-container\">\n\t\t\t\n<!-- start Icon Number Box -->\n\n<style>\/* widget: Icon Number Box *\/\n\n#uc_blox_icon_button_number_box_elementor_c9cbd88\n{\n  position:relative;\n  transition:0.3s;\n  overflow:hidden;\n  display:flex;\n  flex-direction:column;\n}\n\n#uc_blox_icon_button_number_box_elementor_c9cbd88:hover\n{\n  z-index:1;\n}\n\n#uc_blox_icon_button_number_box_elementor_c9cbd88 .blox_icon_button_number_box_number\n{\n  position:absolute;\n  right:0px;\n  top:0px;\n\n}\n\n#uc_blox_icon_button_number_box_elementor_c9cbd88 .ue-icon-wrapper\n{\n  display:inline-flex;\n  justify-content:center;\n  align-items:center;\n  line-height:1em;\n}\n\n#uc_blox_icon_button_number_box_elementor_c9cbd88 .ue-icon-wrapper svg\n{\n  height:1em;\n  width:1em;\n}\n\n.ue-title\n{\n  font-size:32px;\n}\n\n\n#uc_blox_icon_button_number_box_elementor_c9cbd88 .ue-btn\n{\n  text-decoration:none;\n  transition:0.3s;\n}\n\n#uc_blox_icon_button_number_box_elementor_c9cbd88 .ue-box-btn-wrapper\n{\n  margin-top:auto;\n  position:relative;\n}\n\n#uc_blox_icon_button_number_box_elementor_c9cbd88 .ue-box-content-wrapper\n{\n  position:relative;\n}\n\n#uc_blox_icon_button_number_box_elementor_c9cbd88 .ue-box-overlay\n{\n  position:absolute;\n  top:0;\n  bottom:0;\n  right:0;\n  left:0;\n}\n\n<\/style>\n\n<div class=\"blox_icon_button_number_box ue-box elementor-animation-shrink\" id=\"uc_blox_icon_button_number_box_elementor_c9cbd88\">\n  \n  <div class=\"ue-box-overlay\"><\/div>\n  \n  <div class=\"ue-box-content-wrapper\">\n    <div class=\"blox_icon_button_number_box_number\">2025-2026<\/div>\n    <div class=\"ue-icon-wrapper\"><i class='fab fa-researchgate'><\/i><\/div>\n    <div class=\"ue-title\">MOBILITATI DE FORMARE<\/div>\n    <div class=\"ue-text\">Programul Erasmus+ sus\u021bine dezvoltarea profesional\u0103 a personalului din domeniul educa\u021biei prin stagii de formare \u00een str\u0103in\u0103tate. <\/div>\n  <\/div>\n  \n    <div class=\"ue-box-btn-wrapper\">\n  <a class=\"blox_icon_button_number_box_link ue-btn ue_box_button\" href=\"https:\/\/internationalizare.upg-ploiesti.ro\/index.php\/programe\/mobilitati-erasmus-de-formare-profesionala\/mobilitati-de-formare-profesionala-2025-2026\/\" >Descoper\u0103<\/a>\n  <\/div>\n    \n<\/div>\n<!-- end Icon Number Box -->\t\t<\/div>\n\t\t\t\t<\/div>\n\t\t\t\t<\/div>\n\t\t\t\t\t<\/div>\n\t\t\t\t<\/div>\n\t\t\t\t\t<\/div>\n\t\t\t\t<\/div>\n\t\t\t\t<\/div>\n\t\t","protected":false},"excerpt":{"rendered":"<p>Beneficii Dezvoltarea profesional\u0103: Dob\u00e2ndirea de noi cuno\u0219tin\u021be \u0219i abilit\u0103\u021bi, familiarizarea cu practicile din alte \u021b\u0103ri, cre\u0219terea \u00eencrederii \u00een sine \u0219i a abilit\u0103\u021bilor de adaptare la medii noi. Dezvoltarea personal\u0103: \u00cembun\u0103t\u0103\u021birea abilit\u0103\u021bilor de comunicare \u0219i interculturale, dezvoltarea rela\u021biilor interpersonale \u0219i a re\u021belei de contacte profesionale, cre\u0219terea gradului de satisfac\u021bie profesional\u0103 \u0219i a motiva\u021biei. \u00cembun\u0103t\u0103\u021birea carierei: Dezvoltarea <\/p>\n","protected":false},"author":1,"featured_media":0,"parent":1624,"menu_order":0,"comment_status":"closed","ping_status":"closed","template":"","meta":{"footnotes":""},"class_list":["post-1802","page","type-page","status-publish","hentry"],"acf":[],"_links":{"self":[{"href":"https:\/\/internationalizare.upg-ploiesti.ro\/index.php\/wp-json\/wp\/v2\/pages\/1802","targetHints":{"allow":["GET"]}}],"collection":[{"href":"https:\/\/internationalizare.upg-ploiesti.ro\/index.php\/wp-json\/wp\/v2\/pages"}],"about":[{"href":"https:\/\/internationalizare.upg-ploiesti.ro\/index.php\/wp-json\/wp\/v2\/types\/page"}],"author":[{"embeddable":true,"href":"https:\/\/internationalizare.upg-ploiesti.ro\/index.php\/wp-json\/wp\/v2\/users\/1"}],"replies":[{"embeddable":true,"href":"https:\/\/internationalizare.upg-ploiesti.ro\/index.php\/wp-json\/wp\/v2\/comments?post=1802"}],"version-history":[{"count":19,"href":"https:\/\/internationalizare.upg-ploiesti.ro\/index.php\/wp-json\/wp\/v2\/pages\/1802\/revisions"}],"predecessor-version":[{"id":3007,"href":"https:\/\/internationalizare.upg-ploiesti.ro\/index.php\/wp-json\/wp\/v2\/pages\/1802\/revisions\/3007"}],"up":[{"embeddable":true,"href":"https:\/\/internationalizare.upg-ploiesti.ro\/index.php\/wp-json\/wp\/v2\/pages\/1624"}],"wp:attachment":[{"href":"https:\/\/internationalizare.upg-ploiesti.ro\/index.php\/wp-json\/wp\/v2\/media?parent=1802"}],"curies":[{"name":"wp","href":"https:\/\/api.w.org\/{rel}","templated":true}]}}