{"id":1661,"date":"2022-04-21T10:02:31","date_gmt":"2022-04-21T10:02:31","guid":{"rendered":"https:\/\/internationalizare.upg-ploiesti.ro\/?page_id=1661"},"modified":"2026-02-06T09:48:38","modified_gmt":"2026-02-06T09:48:38","slug":"programul-erasmus-mobilitati-cadre-didactice","status":"publish","type":"page","link":"https:\/\/internationalizare.upg-ploiesti.ro\/index.php\/programe\/programul-erasmus-mobilitati-cadre-didactice\/","title":{"rendered":"Programul ERASMUS \u2013 mobilit\u0103\u021bi cadre didactice"},"content":{"rendered":"\t\t<div data-elementor-type=\"wp-page\" data-elementor-id=\"1661\" class=\"elementor elementor-1661\">\n\t\t\t\t<div class=\"elementor-element elementor-element-b6031a5 e-flex e-con-boxed e-con e-parent\" data-id=\"b6031a5\" data-element_type=\"container\" data-core-v316-plus=\"true\">\n\t\t\t\t\t<div class=\"e-con-inner\">\n\t\t\t\t<div class=\"elementor-element elementor-element-59d8bd7 elementor-widget elementor-widget-heading\" data-id=\"59d8bd7\" data-element_type=\"widget\" data-widget_type=\"heading.default\">\n\t\t\t\t<div class=\"elementor-widget-container\">\n\t\t\t<style>\/*! elementor - v3.20.0 - 10-04-2024 *\/\n.elementor-heading-title{padding:0;margin:0;line-height:1}.elementor-widget-heading .elementor-heading-title[class*=elementor-size-]>a{color:inherit;font-size:inherit;line-height:inherit}.elementor-widget-heading .elementor-heading-title.elementor-size-small{font-size:15px}.elementor-widget-heading .elementor-heading-title.elementor-size-medium{font-size:19px}.elementor-widget-heading .elementor-heading-title.elementor-size-large{font-size:29px}.elementor-widget-heading .elementor-heading-title.elementor-size-xl{font-size:39px}.elementor-widget-heading .elementor-heading-title.elementor-size-xxl{font-size:59px}<\/style><h2 class=\"elementor-heading-title elementor-size-default\">Beneficii<\/h2>\t\t<\/div>\n\t\t\t\t<\/div>\n\t\t\t\t<div class=\"elementor-element elementor-element-cf58fb1 elementor-widget elementor-widget-ucaddon_uc_material_bullets\" data-id=\"cf58fb1\" data-element_type=\"widget\" data-widget_type=\"ucaddon_uc_material_bullets.default\">\n\t\t\t\t<div class=\"elementor-widget-container\">\n\t\t\t\n<!-- start Icon Bullets -->\n\t\t<link id='font-awesome-css' href='https:\/\/internationalizare.upg-ploiesti.ro\/wp-content\/plugins\/unlimited-elements-for-elementor\/assets_libraries\/font-awesome6\/fontawesome-all.min.css' type='text\/css' rel='stylesheet' >\n\t\t<link id='font-awesome-4-shim-css' href='https:\/\/internationalizare.upg-ploiesti.ro\/wp-content\/plugins\/unlimited-elements-for-elementor\/assets_libraries\/font-awesome6\/fontawesome-v4-shims.min.css' type='text\/css' rel='stylesheet' >\n\n<style>\/* widget: Icon Bullets *\/\n\n\r\n@keyframes uc_uc_material_bullets_elementor_cf58fb1__item-animation {\r\n  0% {\r\n            \r\n        \t        \tfilter: blur(10px);\r\n\t\t\t\r\n    \t    opacity: 0;\r\n  }\r\n  100% {\r\n            \r\n        \t            filter: blur(0px);\r\n            \r\n    \t\topacity: 1;\r\n  }\r\n}\r\n\r\n\r\n#uc_uc_material_bullets_elementor_cf58fb1 .uc_material_bullets_row{\r\n\topacity:0;\r\n}\r\n\r\n\r\n#uc_uc_material_bullets_elementor_cf58fb1 .uc-entrance-animate {\r\n  opacity:1;\r\n}\r\n\r\n#uc_uc_material_bullets_elementor_cf58fb1 .uc-entrance-animate {\r\n\tanimation: uc_uc_material_bullets_elementor_cf58fb1__item-animation 0.372s cubic-bezier(0.470, 0.000, 0.745, 0.715) both;\r\n}\r\n\r\n\t\t\t\n\n#uc_uc_material_bullets_elementor_cf58fb1 *{\n\t-webkit-box-sizing: border-box;\n\t-moz-box-sizing: border-box;\n\tbox-sizing: border-box;\n}\n\n#uc_uc_material_bullets_elementor_cf58fb1 .uc-bullet-active{\n}\n\n#uc_uc_material_bullets_elementor_cf58fb1 .ue-icon-wrapper{\n\tdisplay: flex;\n}\n\n#uc_uc_material_bullets_elementor_cf58fb1 .ue-icon\n{\n  display:flex;\n  align-items:center;\n  justify-content:center;\n  flex-grow:0;\n  flex-shrink:0;\n  line-height:1em;\n  transition:0.3s;\n}\n\n#uc_uc_material_bullets_elementor_cf58fb1 .ue-icon svg\n{\n  height:1em;\n  width:1em;\n}\n\n\n#uc_uc_material_bullets_elementor_cf58fb1 .uc_material_bullets_row\n{\n\tfont-weight:400;\n\toverflow:hidden;\n\tdisplay:flex;\n\tposition:relative;\n\ttext-align:left;\n\twidth:100%;\n   \n    transition:0.3s;\n}\n\n\n#uc_uc_material_bullets_elementor_cf58fb1 .uc_material_bullets_row a.ue-item-link\n{\n  position:absolute;\n  display:block;\n  top:0;\n  right:0;\n  left:0;\n  bottom:0;\n}\n\n#uc_uc_material_bullets_elementor_cf58fb1 .uc_material_bullets_row:last-child\n{\n\tmargin-bottom:0px !important;\n}\n\n\n#uc_uc_material_bullets_elementor_cf58fb1 .uc_material_bullets_row \n{\n\tposition:relative;\n\tvertical-align:middle;\n}\n\n#uc_uc_material_bullets_elementor_cf58fb1 .uc_material_bullets_row .uc_content_box\n{\n\tdisplay:flex;\n    flex-direction:column;\n    justify-content:center;\n    align-items: flex-start;\n    flex-grow:1;\n}\n\n#uc_uc_material_bullets_elementor_cf58fb1 .ue-bullets\n{\n  display:grid;\n}\n\n#uc_uc_material_bullets_elementor_cf58fb1 .ue-text, #uc_uc_material_bullets_elementor_cf58fb1 .ue-title, #uc_uc_material_bullets_elementor_cf58fb1 .ue-seperator\n{\n  width:100%;\n}\n\n#uc_uc_material_bullets_elementor_cf58fb1 .ue-seperator-line\n{\n  display:inline-block;\n  font-size:0px;\n}\n\n#uc_uc_material_bullets_elementor_cf58fb1 .ue-seperator\n{\n  font-size:0px;\n}\n\n#uc_uc_material_bullets_elementor_cf58fb1.uc-remote-parent .uc_material_bullets_row\n{\n  cursor:pointer;\n}\n\n.ue-title\n{\n  font-size:21px;\n  margin:0;\n}\n\n<\/style>\n\n<div class=\"uc_material_bullets  \"  id=\"uc_uc_material_bullets_elementor_cf58fb1\"  >   \t\n    \t<div class=\"ue-bullets uc-items-wrapper\">\n          \t<div class=\"uc_material_bullets_row elementor-repeater-item-dcbd7a8\">\n  <div class=\"ue-icon-wrapper\">\n              <div class=\"ue-icon\">\n                    <i class='fas fa-leaf'><\/i>                    \t\n\n                \n              <\/div>\n  <\/div>\n  <div class=\"uc_content_box uc_ceal\">\n    <div class=\"ue-title\">Dezvoltarea profesional\u0103:<\/div>\n    \n    \t\n    \n    <div class=\"ue-text\"> dob\u00e2ndirea de noi cuno\u0219tin\u021be \u0219i abilit\u0103\u021bi, actualizarea metodologiilor de predare, familiarizarea cu sistemele de \u00eenv\u0103\u021b\u0103m\u00e2nt din alte \u021b\u0103ri.<\/div>\t\n  <\/div>\n    \t\n<\/div>\n<div class=\"uc_material_bullets_row elementor-repeater-item-3e47a4c\">\n  <div class=\"ue-icon-wrapper\">\n              <div class=\"ue-icon\">\n                    <i class='fas fa-leaf'><\/i>                    \t\n\n                \n              <\/div>\n  <\/div>\n  <div class=\"uc_content_box uc_ceal\">\n    <div class=\"ue-title\">Dezvoltarea personal\u0103:<\/div>\n    \n    \t\n    \n    <div class=\"ue-text\"> cre\u0219terea \u00eencrederii \u00een sine, \u00eembun\u0103t\u0103\u021birea abilit\u0103\u021bilor de comunicare \u0219i interculturale, extinderea re\u021belei de contacte profesionale.<\/div>\t\n  <\/div>\n    \t\n<\/div>\n<div class=\"uc_material_bullets_row elementor-repeater-item-a09d66f\">\n  <div class=\"ue-icon-wrapper\">\n              <div class=\"ue-icon\">\n                    <i class='fas fa-leaf'><\/i>                    \t\n\n                \n              <\/div>\n  <\/div>\n  <div class=\"uc_content_box uc_ceal\">\n    <div class=\"ue-title\">\u00cembun\u0103t\u0103\u021birea calit\u0103\u021bii educa\u021biei: <\/div>\n    \n    \t\n    \n    <div class=\"ue-text\">implementarea de noi practici didactice \u0219i introducerea de elemente de \u00eenv\u0103\u021bare intercultural\u0103 \u00een programele de predare.\n\n<\/div>\t\n  <\/div>\n    \t\n<\/div>\n\n      <\/div>\n<\/div>\n<!-- end Icon Bullets -->\t\t<\/div>\n\t\t\t\t<\/div>\n\t\t\t\t\t<\/div>\n\t\t\t\t<\/div>\n\t\t<div class=\"elementor-element elementor-element-3e45f10 e-flex e-con-boxed e-con e-parent\" data-id=\"3e45f10\" data-element_type=\"container\" data-core-v316-plus=\"true\">\n\t\t\t\t\t<div class=\"e-con-inner\">\n\t\t<div class=\"elementor-element elementor-element-1ccade2 e-con-full e-flex e-con e-child\" data-id=\"1ccade2\" data-element_type=\"container\">\n\t\t\t\t<div class=\"elementor-element elementor-element-fc80d35 elementor-widget elementor-widget-ucaddon_blox_icon_button_number_box\" data-id=\"fc80d35\" data-element_type=\"widget\" data-widget_type=\"ucaddon_blox_icon_button_number_box.default\">\n\t\t\t\t<div class=\"elementor-widget-container\">\n\t\t\t\n<!-- start Icon Number Box -->\n\n<style>\/* widget: Icon Number Box *\/\n\n#uc_blox_icon_button_number_box_elementor_fc80d35\n{\n  position:relative;\n  transition:0.3s;\n  overflow:hidden;\n  display:flex;\n  flex-direction:column;\n}\n\n#uc_blox_icon_button_number_box_elementor_fc80d35:hover\n{\n  z-index:1;\n}\n\n#uc_blox_icon_button_number_box_elementor_fc80d35 .blox_icon_button_number_box_number\n{\n  position:absolute;\n  right:0px;\n  top:0px;\n\n}\n\n#uc_blox_icon_button_number_box_elementor_fc80d35 .ue-icon-wrapper\n{\n  display:inline-flex;\n  justify-content:center;\n  align-items:center;\n  line-height:1em;\n}\n\n#uc_blox_icon_button_number_box_elementor_fc80d35 .ue-icon-wrapper svg\n{\n  height:1em;\n  width:1em;\n}\n\n.ue-title\n{\n  font-size:32px;\n}\n\n\n#uc_blox_icon_button_number_box_elementor_fc80d35 .ue-btn\n{\n  text-decoration:none;\n  transition:0.3s;\n}\n\n#uc_blox_icon_button_number_box_elementor_fc80d35 .ue-box-btn-wrapper\n{\n  margin-top:auto;\n  position:relative;\n}\n\n#uc_blox_icon_button_number_box_elementor_fc80d35 .ue-box-content-wrapper\n{\n  position:relative;\n}\n\n#uc_blox_icon_button_number_box_elementor_fc80d35 .ue-box-overlay\n{\n  position:absolute;\n  top:0;\n  bottom:0;\n  right:0;\n  left:0;\n}\n\n<\/style>\n\n<div class=\"blox_icon_button_number_box ue-box elementor-animation-shrink\" id=\"uc_blox_icon_button_number_box_elementor_fc80d35\">\n  \n  <div class=\"ue-box-overlay\"><\/div>\n  \n  <div class=\"ue-box-content-wrapper\">\n    <div class=\"blox_icon_button_number_box_number\">2023-2024<\/div>\n    <div class=\"ue-icon-wrapper\"><i class='fab fa-leanpub'><\/i><\/div>\n    <div class=\"ue-title\">MOBILITATI DE PREDARE<\/div>\n    <div class=\"ue-text\">Programul Erasmus+ ofer\u0103 cadrelor didactice din UPG Ploie\u0219ti oportunitatea de a desf\u0103\u0219ura stagii de predare la universit\u0103\u021bi partenere<\/div>\n  <\/div>\n  \n    <div class=\"ue-box-btn-wrapper\">\n  <a class=\"blox_icon_button_number_box_link ue-btn ue_box_button\" href=\"https:\/\/internationalizare.upg-ploiesti.ro\/index.php\/programe\/programul-erasmus-mobilitati-cadre-didactice\/mobilitati-cadre-didactice-2023-2024\/\" >Descoper\u0103<\/a>\n  <\/div>\n    \n<\/div>\n<!-- end Icon Number Box -->\t\t<\/div>\n\t\t\t\t<\/div>\n\t\t\t\t<\/div>\n\t\t<div class=\"elementor-element elementor-element-6309ea8 e-con-full e-flex e-con e-child\" data-id=\"6309ea8\" data-element_type=\"container\">\n\t\t\t\t<div class=\"elementor-element elementor-element-cbf919b elementor-widget elementor-widget-ucaddon_blox_icon_button_number_box\" data-id=\"cbf919b\" data-element_type=\"widget\" data-widget_type=\"ucaddon_blox_icon_button_number_box.default\">\n\t\t\t\t<div class=\"elementor-widget-container\">\n\t\t\t\n<!-- start Icon Number Box -->\n\n<style>\/* widget: Icon Number Box *\/\n\n#uc_blox_icon_button_number_box_elementor_cbf919b\n{\n  position:relative;\n  transition:0.3s;\n  overflow:hidden;\n  display:flex;\n  flex-direction:column;\n}\n\n#uc_blox_icon_button_number_box_elementor_cbf919b:hover\n{\n  z-index:1;\n}\n\n#uc_blox_icon_button_number_box_elementor_cbf919b .blox_icon_button_number_box_number\n{\n  position:absolute;\n  right:0px;\n  top:0px;\n\n}\n\n#uc_blox_icon_button_number_box_elementor_cbf919b .ue-icon-wrapper\n{\n  display:inline-flex;\n  justify-content:center;\n  align-items:center;\n  line-height:1em;\n}\n\n#uc_blox_icon_button_number_box_elementor_cbf919b .ue-icon-wrapper svg\n{\n  height:1em;\n  width:1em;\n}\n\n.ue-title\n{\n  font-size:32px;\n}\n\n\n#uc_blox_icon_button_number_box_elementor_cbf919b .ue-btn\n{\n  text-decoration:none;\n  transition:0.3s;\n}\n\n#uc_blox_icon_button_number_box_elementor_cbf919b .ue-box-btn-wrapper\n{\n  margin-top:auto;\n  position:relative;\n}\n\n#uc_blox_icon_button_number_box_elementor_cbf919b .ue-box-content-wrapper\n{\n  position:relative;\n}\n\n#uc_blox_icon_button_number_box_elementor_cbf919b .ue-box-overlay\n{\n  position:absolute;\n  top:0;\n  bottom:0;\n  right:0;\n  left:0;\n}\n\n<\/style>\n\n<div class=\"blox_icon_button_number_box ue-box elementor-animation-shrink\" id=\"uc_blox_icon_button_number_box_elementor_cbf919b\">\n  \n  <div class=\"ue-box-overlay\"><\/div>\n  \n  <div class=\"ue-box-content-wrapper\">\n    <div class=\"blox_icon_button_number_box_number\">2024-2025<\/div>\n    <div class=\"ue-icon-wrapper\"><i class='fab fa-leanpub'><\/i><\/div>\n    <div class=\"ue-title\">MOBILITATI DE PREDARE<\/div>\n    <div class=\"ue-text\">Programul Erasmus+ ofer\u0103 cadrelor didactice din UPG Ploie\u0219ti oportunitatea de a desf\u0103\u0219ura stagii de predare la universit\u0103\u021bi partenere<\/div>\n  <\/div>\n  \n    <div class=\"ue-box-btn-wrapper\">\n  <a class=\"blox_icon_button_number_box_link ue-btn ue_box_button\" href=\"https:\/\/internationalizare.upg-ploiesti.ro\/index.php\/programe\/programul-erasmus-mobilitati-cadre-didactice\/mobilitati-cadre-didactice-2024-2025\/\" >Descoper\u0103<\/a>\n  <\/div>\n    \n<\/div>\n<!-- end Icon Number Box -->\t\t<\/div>\n\t\t\t\t<\/div>\n\t\t\t\t<\/div>\n\t\t<div class=\"elementor-element elementor-element-35d1b12 e-con-full e-flex e-con e-child\" data-id=\"35d1b12\" data-element_type=\"container\">\n\t\t\t\t<div class=\"elementor-element elementor-element-164a78b elementor-widget elementor-widget-ucaddon_blox_icon_button_number_box\" data-id=\"164a78b\" data-element_type=\"widget\" data-widget_type=\"ucaddon_blox_icon_button_number_box.default\">\n\t\t\t\t<div class=\"elementor-widget-container\">\n\t\t\t\n<!-- start Icon Number Box -->\n\n<style>\/* widget: Icon Number Box *\/\n\n#uc_blox_icon_button_number_box_elementor_164a78b\n{\n  position:relative;\n  transition:0.3s;\n  overflow:hidden;\n  display:flex;\n  flex-direction:column;\n}\n\n#uc_blox_icon_button_number_box_elementor_164a78b:hover\n{\n  z-index:1;\n}\n\n#uc_blox_icon_button_number_box_elementor_164a78b .blox_icon_button_number_box_number\n{\n  position:absolute;\n  right:0px;\n  top:0px;\n\n}\n\n#uc_blox_icon_button_number_box_elementor_164a78b .ue-icon-wrapper\n{\n  display:inline-flex;\n  justify-content:center;\n  align-items:center;\n  line-height:1em;\n}\n\n#uc_blox_icon_button_number_box_elementor_164a78b .ue-icon-wrapper svg\n{\n  height:1em;\n  width:1em;\n}\n\n.ue-title\n{\n  font-size:32px;\n}\n\n\n#uc_blox_icon_button_number_box_elementor_164a78b .ue-btn\n{\n  text-decoration:none;\n  transition:0.3s;\n}\n\n#uc_blox_icon_button_number_box_elementor_164a78b .ue-box-btn-wrapper\n{\n  margin-top:auto;\n  position:relative;\n}\n\n#uc_blox_icon_button_number_box_elementor_164a78b .ue-box-content-wrapper\n{\n  position:relative;\n}\n\n#uc_blox_icon_button_number_box_elementor_164a78b .ue-box-overlay\n{\n  position:absolute;\n  top:0;\n  bottom:0;\n  right:0;\n  left:0;\n}\n\n<\/style>\n\n<div class=\"blox_icon_button_number_box ue-box elementor-animation-shrink\" id=\"uc_blox_icon_button_number_box_elementor_164a78b\">\n  \n  <div class=\"ue-box-overlay\"><\/div>\n  \n  <div class=\"ue-box-content-wrapper\">\n    <div class=\"blox_icon_button_number_box_number\">2025-2026<\/div>\n    <div class=\"ue-icon-wrapper\"><i class='fab fa-leanpub'><\/i><\/div>\n    <div class=\"ue-title\">MOBILITATI DE PREDARE<\/div>\n    <div class=\"ue-text\">Programul Erasmus+ ofer\u0103 cadrelor didactice din UPG Ploie\u0219ti oportunitatea de a desf\u0103\u0219ura stagii de predare la universit\u0103\u021bi partenere<\/div>\n  <\/div>\n  \n    <div class=\"ue-box-btn-wrapper\">\n  <a class=\"blox_icon_button_number_box_link ue-btn ue_box_button\" href=\"https:\/\/internationalizare.upg-ploiesti.ro\/index.php\/mobilitati-cadre-didactice-2025-2026\/\" >Descoper\u0103<\/a>\n  <\/div>\n    \n<\/div>\n<!-- end Icon Number Box -->\t\t<\/div>\n\t\t\t\t<\/div>\n\t\t\t\t<\/div>\n\t\t\t\t\t<\/div>\n\t\t\t\t<\/div>\n\t\t\t\t<\/div>\n\t\t","protected":false},"excerpt":{"rendered":"<p>Beneficii Dezvoltarea profesional\u0103: dob\u00e2ndirea de noi cuno\u0219tin\u021be \u0219i abilit\u0103\u021bi, actualizarea metodologiilor de predare, familiarizarea cu sistemele de \u00eenv\u0103\u021b\u0103m\u00e2nt din alte \u021b\u0103ri. Dezvoltarea personal\u0103: cre\u0219terea \u00eencrederii \u00een sine, \u00eembun\u0103t\u0103\u021birea abilit\u0103\u021bilor de comunicare \u0219i interculturale, extinderea re\u021belei de contacte profesionale. \u00cembun\u0103t\u0103\u021birea calit\u0103\u021bii educa\u021biei: implementarea de noi practici didactice \u0219i introducerea de elemente de \u00eenv\u0103\u021bare intercultural\u0103 \u00een programele <\/p>\n","protected":false},"author":1,"featured_media":0,"parent":1624,"menu_order":0,"comment_status":"closed","ping_status":"closed","template":"","meta":{"footnotes":""},"class_list":["post-1661","page","type-page","status-publish","hentry"],"acf":[],"_links":{"self":[{"href":"https:\/\/internationalizare.upg-ploiesti.ro\/index.php\/wp-json\/wp\/v2\/pages\/1661","targetHints":{"allow":["GET"]}}],"collection":[{"href":"https:\/\/internationalizare.upg-ploiesti.ro\/index.php\/wp-json\/wp\/v2\/pages"}],"about":[{"href":"https:\/\/internationalizare.upg-ploiesti.ro\/index.php\/wp-json\/wp\/v2\/types\/page"}],"author":[{"embeddable":true,"href":"https:\/\/internationalizare.upg-ploiesti.ro\/index.php\/wp-json\/wp\/v2\/users\/1"}],"replies":[{"embeddable":true,"href":"https:\/\/internationalizare.upg-ploiesti.ro\/index.php\/wp-json\/wp\/v2\/comments?post=1661"}],"version-history":[{"count":47,"href":"https:\/\/internationalizare.upg-ploiesti.ro\/index.php\/wp-json\/wp\/v2\/pages\/1661\/revisions"}],"predecessor-version":[{"id":2999,"href":"https:\/\/internationalizare.upg-ploiesti.ro\/index.php\/wp-json\/wp\/v2\/pages\/1661\/revisions\/2999"}],"up":[{"embeddable":true,"href":"https:\/\/internationalizare.upg-ploiesti.ro\/index.php\/wp-json\/wp\/v2\/pages\/1624"}],"wp:attachment":[{"href":"https:\/\/internationalizare.upg-ploiesti.ro\/index.php\/wp-json\/wp\/v2\/media?parent=1661"}],"curies":[{"name":"wp","href":"https:\/\/api.w.org\/{rel}","templated":true}]}}