{"id":1628,"date":"2022-04-21T09:36:09","date_gmt":"2022-04-21T09:36:09","guid":{"rendered":"https:\/\/internationalizare.upg-ploiesti.ro\/?page_id=1628"},"modified":"2025-03-05T07:37:18","modified_gmt":"2025-03-05T07:37:18","slug":"proiecte","status":"publish","type":"page","link":"https:\/\/internationalizare.upg-ploiesti.ro\/index.php\/proiecte\/","title":{"rendered":"Proiecte"},"content":{"rendered":"\t\t<div data-elementor-type=\"wp-page\" data-elementor-id=\"1628\" class=\"elementor elementor-1628\">\n\t\t\t\t<div class=\"elementor-element elementor-element-29e8e47 e-flex e-con-boxed e-con e-parent\" data-id=\"29e8e47\" data-element_type=\"container\" data-core-v316-plus=\"true\">\n\t\t\t\t\t<div class=\"e-con-inner\">\n\t\t\t\t<div class=\"elementor-element elementor-element-6e1462a elementor-widget elementor-widget-heading\" data-id=\"6e1462a\" data-element_type=\"widget\" data-widget_type=\"heading.default\">\n\t\t\t\t<div class=\"elementor-widget-container\">\n\t\t\t<style>\/*! elementor - v3.20.0 - 10-04-2024 *\/\n.elementor-heading-title{padding:0;margin:0;line-height:1}.elementor-widget-heading .elementor-heading-title[class*=elementor-size-]>a{color:inherit;font-size:inherit;line-height:inherit}.elementor-widget-heading .elementor-heading-title.elementor-size-small{font-size:15px}.elementor-widget-heading .elementor-heading-title.elementor-size-medium{font-size:19px}.elementor-widget-heading .elementor-heading-title.elementor-size-large{font-size:29px}.elementor-widget-heading .elementor-heading-title.elementor-size-xl{font-size:39px}.elementor-widget-heading .elementor-heading-title.elementor-size-xxl{font-size:59px}<\/style><h2 class=\"elementor-heading-title elementor-size-default\"><a href=\"http:\/\/hybridenergy.upg-ploiesti.ro\/\">FDI - INTERNATIONALIZARE<\/a><\/h2>\t\t<\/div>\n\t\t\t\t<\/div>\n\t\t\t\t\t<\/div>\n\t\t\t\t<\/div>\n\t\t<div class=\"elementor-element elementor-element-4c33306 e-flex e-con-boxed e-con e-parent\" data-id=\"4c33306\" data-element_type=\"container\" data-core-v316-plus=\"true\">\n\t\t\t\t\t<div class=\"e-con-inner\">\n\t\t\t\t\t<\/div>\n\t\t\t\t<\/div>\n\t\t<div class=\"elementor-element elementor-element-c7f5fd8 e-flex e-con-boxed e-con e-parent\" data-id=\"c7f5fd8\" data-element_type=\"container\" data-core-v316-plus=\"true\">\n\t\t\t\t\t<div class=\"e-con-inner\">\n\t\t\t\t<div class=\"elementor-element elementor-element-2db5ced elementor-widget-divider--view-line elementor-widget elementor-widget-divider\" data-id=\"2db5ced\" data-element_type=\"widget\" data-widget_type=\"divider.default\">\n\t\t\t\t<div class=\"elementor-widget-container\">\n\t\t\t<style>\/*! elementor - v3.20.0 - 10-04-2024 *\/\n.elementor-widget-divider{--divider-border-style:none;--divider-border-width:1px;--divider-color:#0c0d0e;--divider-icon-size:20px;--divider-element-spacing:10px;--divider-pattern-height:24px;--divider-pattern-size:20px;--divider-pattern-url:none;--divider-pattern-repeat:repeat-x}.elementor-widget-divider .elementor-divider{display:flex}.elementor-widget-divider .elementor-divider__text{font-size:15px;line-height:1;max-width:95%}.elementor-widget-divider .elementor-divider__element{margin:0 var(--divider-element-spacing);flex-shrink:0}.elementor-widget-divider .elementor-icon{font-size:var(--divider-icon-size)}.elementor-widget-divider .elementor-divider-separator{display:flex;margin:0;direction:ltr}.elementor-widget-divider--view-line_icon .elementor-divider-separator,.elementor-widget-divider--view-line_text .elementor-divider-separator{align-items:center}.elementor-widget-divider--view-line_icon .elementor-divider-separator:after,.elementor-widget-divider--view-line_icon .elementor-divider-separator:before,.elementor-widget-divider--view-line_text .elementor-divider-separator:after,.elementor-widget-divider--view-line_text .elementor-divider-separator:before{display:block;content:\"\";border-block-end:0;flex-grow:1;border-block-start:var(--divider-border-width) var(--divider-border-style) var(--divider-color)}.elementor-widget-divider--element-align-left .elementor-divider .elementor-divider-separator>.elementor-divider__svg:first-of-type{flex-grow:0;flex-shrink:100}.elementor-widget-divider--element-align-left .elementor-divider-separator:before{content:none}.elementor-widget-divider--element-align-left .elementor-divider__element{margin-left:0}.elementor-widget-divider--element-align-right .elementor-divider .elementor-divider-separator>.elementor-divider__svg:last-of-type{flex-grow:0;flex-shrink:100}.elementor-widget-divider--element-align-right .elementor-divider-separator:after{content:none}.elementor-widget-divider--element-align-right .elementor-divider__element{margin-right:0}.elementor-widget-divider--element-align-start .elementor-divider .elementor-divider-separator>.elementor-divider__svg:first-of-type{flex-grow:0;flex-shrink:100}.elementor-widget-divider--element-align-start .elementor-divider-separator:before{content:none}.elementor-widget-divider--element-align-start .elementor-divider__element{margin-inline-start:0}.elementor-widget-divider--element-align-end .elementor-divider .elementor-divider-separator>.elementor-divider__svg:last-of-type{flex-grow:0;flex-shrink:100}.elementor-widget-divider--element-align-end .elementor-divider-separator:after{content:none}.elementor-widget-divider--element-align-end .elementor-divider__element{margin-inline-end:0}.elementor-widget-divider:not(.elementor-widget-divider--view-line_text):not(.elementor-widget-divider--view-line_icon) .elementor-divider-separator{border-block-start:var(--divider-border-width) var(--divider-border-style) var(--divider-color)}.elementor-widget-divider--separator-type-pattern{--divider-border-style:none}.elementor-widget-divider--separator-type-pattern.elementor-widget-divider--view-line .elementor-divider-separator,.elementor-widget-divider--separator-type-pattern:not(.elementor-widget-divider--view-line) .elementor-divider-separator:after,.elementor-widget-divider--separator-type-pattern:not(.elementor-widget-divider--view-line) .elementor-divider-separator:before,.elementor-widget-divider--separator-type-pattern:not([class*=elementor-widget-divider--view]) .elementor-divider-separator{width:100%;min-height:var(--divider-pattern-height);-webkit-mask-size:var(--divider-pattern-size) 100%;mask-size:var(--divider-pattern-size) 100%;-webkit-mask-repeat:var(--divider-pattern-repeat);mask-repeat:var(--divider-pattern-repeat);background-color:var(--divider-color);-webkit-mask-image:var(--divider-pattern-url);mask-image:var(--divider-pattern-url)}.elementor-widget-divider--no-spacing{--divider-pattern-size:auto}.elementor-widget-divider--bg-round{--divider-pattern-repeat:round}.rtl .elementor-widget-divider .elementor-divider__text{direction:rtl}.e-con-inner>.elementor-widget-divider,.e-con>.elementor-widget-divider{width:var(--container-widget-width,100%);--flex-grow:var(--container-widget-flex-grow)}<\/style>\t\t<div class=\"elementor-divider\">\n\t\t\t<span class=\"elementor-divider-separator\">\n\t\t\t\t\t\t<\/span>\n\t\t<\/div>\n\t\t\t\t<\/div>\n\t\t\t\t<\/div>\n\t\t\t\t\t<\/div>\n\t\t\t\t<\/div>\n\t\t<div class=\"elementor-element elementor-element-268ce90 e-flex e-con-boxed e-con e-parent\" data-id=\"268ce90\" data-element_type=\"container\" data-core-v316-plus=\"true\">\n\t\t\t\t\t<div class=\"e-con-inner\">\n\t\t\t\t<div class=\"elementor-element elementor-element-f6aacc0 elementor-widget elementor-widget-heading\" data-id=\"f6aacc0\" data-element_type=\"widget\" data-widget_type=\"heading.default\">\n\t\t\t\t<div class=\"elementor-widget-container\">\n\t\t\t<h2 class=\"elementor-heading-title elementor-size-default\"><a href=\"http:\/\/hybridenergy.upg-ploiesti.ro\/\">Project EEA 107379\/2019 \u2013 Hybrid system for energetic efficiency using geothermal energy applied in UPG Ploiesti campus<\/a><\/h2>\t\t<\/div>\n\t\t\t\t<\/div>\n\t\t\t\t\t<\/div>\n\t\t\t\t<\/div>\n\t\t<div class=\"elementor-element elementor-element-42e3d61 e-flex e-con-boxed e-con e-parent\" data-id=\"42e3d61\" data-element_type=\"container\" data-core-v316-plus=\"true\">\n\t\t\t\t\t<div class=\"e-con-inner\">\n\t\t\t\t<div class=\"elementor-element elementor-element-1dabeba elementor-widget elementor-widget-text-editor\" data-id=\"1dabeba\" data-element_type=\"widget\" data-widget_type=\"text-editor.default\">\n\t\t\t\t<div class=\"elementor-widget-container\">\n\t\t\t<style>\/*! elementor - v3.20.0 - 10-04-2024 *\/\n.elementor-widget-text-editor.elementor-drop-cap-view-stacked .elementor-drop-cap{background-color:#69727d;color:#fff}.elementor-widget-text-editor.elementor-drop-cap-view-framed .elementor-drop-cap{color:#69727d;border:3px solid;background-color:transparent}.elementor-widget-text-editor:not(.elementor-drop-cap-view-default) .elementor-drop-cap{margin-top:8px}.elementor-widget-text-editor:not(.elementor-drop-cap-view-default) .elementor-drop-cap-letter{width:1em;height:1em}.elementor-widget-text-editor .elementor-drop-cap{float:left;text-align:center;line-height:1;font-size:50px}.elementor-widget-text-editor .elementor-drop-cap-letter{display:inline-block}<\/style>\t\t\t\t<div class=\"wp-block-kadence-rowlayout alignnone\"><div id=\"kt-layout-id_987614-84\" class=\"kt-row-layout-inner kt-layout-id_987614-84\"><div class=\"kt-row-column-wrap kt-has-3-columns kt-gutter-default kt-v-gutter-default kt-row-valign-top kt-row-layout-center-half kt-tab-layout-inherit kt-m-colapse-left-to-right kt-mobile-layout-row\"><div class=\"wp-block-kadence-column inner-column-2 kadence-column_595837-5a\"><div class=\"kt-inside-inner-col\"><p class=\"has-text-align-left\">The programme objective is to achieve less carbon intensive energy and increased security of supply.<\/p><p class=\"has-text-align-left\">The Programme seeks to stimulate and develop long\u2010term cooperation between Iceland, Liechtenstein, Norway (\u201cthe Donor States\u201d) and Romania (\u201cBeneficiary State\u201d) and is encouraging bilateral Donor Partnership Projects.<\/p><\/div><\/div><div class=\"wp-block-kadence-column inner-column-3 kadence-column_adab04-1f\"><div class=\"kt-inside-inner-col\"><div class=\"kb-lottie-container kb-lottie-container_04f3c2-76\"><lottie-player loop=\"loop\" speed=\"1\" autoplay=\"autoplay\" mode=\"normal\" id=\"kb-lottie-player_04f3c2-76\" src=\"https:\/\/assets5.lottiefiles.com\/packages\/lf20_lf6sg88x.json\"><\/lottie-player><\/div><div class=\"kb-lottie-container kb-lottie-container_04f3c2-76\"><dotlottie-player loop=\"loop\" speed=\"1\" autoplay=\"autoplay\" mode=\"normal\" src=\"https:\/\/assets5.lottiefiles.com\/packages\/lf20_lf6sg88x.json\" id=\"kb-lottie-player_04f3c2-76\" background=\"transparent\"><\/dotlottie-player><\/div><\/div><\/div><\/div><\/div><\/div><div class=\"wp-block-kadence-rowlayout alignnone\"><div id=\"kt-layout-id_9903e8-49\" class=\"kt-row-layout-inner kt-layout-id_9903e8-49\"><div class=\"kt-row-column-wrap kt-has-3-columns kt-gutter-default kt-v-gutter-default kt-row-valign-top kt-row-layout-center-half kt-tab-layout-inherit kt-m-colapse-left-to-right kt-mobile-layout-row  kt-custom-first-width-25  kt-custom-second-width-50  kt-custom-third-width-25\"><div class=\"wp-block-kadence-column inner-column-1 kadence-column_40e551-21\"><div class=\"kt-inside-inner-col\"><\/div><\/div><div class=\"wp-block-kadence-column inner-column-2 kadence-column_ae1ef9-0e\"><div class=\"kt-inside-inner-col\"><ul><li>Programmes targeting greenhouse gas reductions and\/or avoidance through energy efficiency measures shall deliver considerable reductions at a reasonable cost;<\/li><li>a maximum\u00a0of 150 EUR grant per tonne CO<sub>2<\/sub>\u00a0equivalent per year reduced\/\u00a0avoided should be aimed for;<\/li><li>Priority shall be given to bilateral partnerships offering added value<\/li><li><strong>Fund Operator:<\/strong> Innovation Norway<\/li><\/ul><\/div><\/div><\/div><\/div><\/div>\t\t\t\t\t\t<\/div>\n\t\t\t\t<\/div>\n\t\t\t\t\t<\/div>\n\t\t\t\t<\/div>\n\t\t<div class=\"elementor-element elementor-element-6dd3e0c e-flex e-con-boxed e-con e-parent\" data-id=\"6dd3e0c\" data-element_type=\"container\" data-core-v316-plus=\"true\">\n\t\t\t\t\t<div class=\"e-con-inner\">\n\t\t\t\t<div class=\"elementor-element elementor-element-1f1314f elementor-widget-divider--view-line elementor-widget elementor-widget-divider\" data-id=\"1f1314f\" data-element_type=\"widget\" data-widget_type=\"divider.default\">\n\t\t\t\t<div class=\"elementor-widget-container\">\n\t\t\t\t\t<div class=\"elementor-divider\">\n\t\t\t<span class=\"elementor-divider-separator\">\n\t\t\t\t\t\t<\/span>\n\t\t<\/div>\n\t\t\t\t<\/div>\n\t\t\t\t<\/div>\n\t\t\t\t\t<\/div>\n\t\t\t\t<\/div>\n\t\t<div class=\"elementor-element elementor-element-7461882 e-flex e-con-boxed e-con e-parent\" data-id=\"7461882\" data-element_type=\"container\" data-core-v316-plus=\"true\">\n\t\t\t\t\t<div class=\"e-con-inner\">\n\t\t\t\t<div class=\"elementor-element elementor-element-f2f6201 elementor-widget elementor-widget-heading\" data-id=\"f2f6201\" data-element_type=\"widget\" data-widget_type=\"heading.default\">\n\t\t\t\t<div class=\"elementor-widget-container\">\n\t\t\t<h2 class=\"elementor-heading-title elementor-size-default\"><a href=\"https:\/\/wallachiaehub.ro\/ro\/acasa\/\">PROIECTUL WALLACHIA eHUB<\/a><\/h2>\t\t<\/div>\n\t\t\t\t<\/div>\n\t\t\t\t\t<\/div>\n\t\t\t\t<\/div>\n\t\t<div class=\"elementor-element elementor-element-89621f9 e-flex e-con-boxed e-con e-parent\" data-id=\"89621f9\" data-element_type=\"container\" data-core-v316-plus=\"true\">\n\t\t\t\t\t<div class=\"e-con-inner\">\n\t\t\t\t<div class=\"elementor-element elementor-element-1c8f878 elementor-widget elementor-widget-text-editor\" data-id=\"1c8f878\" data-element_type=\"widget\" data-widget_type=\"text-editor.default\">\n\t\t\t\t<div class=\"elementor-widget-container\">\n\t\t\t\t\t\t\t<p><span><a href=\"https:\/\/wallachiaehub.ro\/\">Wallachia eHUB (WEH)<\/a> implementeaz\u0103\u00a0<strong>proiectul WEH finan\u021bat din fonduri nerambursabile, 50% prin Programul Europa Digital\u0103 (Digital Europe Programme &#8211; DEP) &#8211; EC\/101083410 \u2013 WeH \u0219i 50% prin POCIDIF\/1147\/2\/1\/161799.<\/strong>\u00a0Proiectul vizeaz\u0103 furnizarea de servicii de digitalizare \u0219i inovare a IMM-urilor\/ APL-urilor (prim\u0103rii \u0219i consilii locale), \u00een vederea eficientiz\u0103rii proceselor desf\u0103\u0219urate prin transformarea digital\u0103 impus\u0103 de evolu\u021bia tehnologiilor informa\u021bionale, multimedia \u0219i de comunica\u021bie.<\/span><\/p><p><span>Valoare total\u0103 a finan\u021b\u0103rii:\u00a0<strong>3.172.262,50 Euro<\/strong><\/span><\/p><p><span>Perioad\u0103 de implementare a proiectului:\u00a0<strong>1 ianuarie 2023 \u2013 31 decembrie 2025<\/strong><\/span><\/p><p><span><strong>Regiunile de dezvoltare din Rom\u00e2nia \u00een care se implementeaz\u0103 proiectul:<\/strong><\/span><\/p><ul><li><span>Regiunea Sud Muntenia (RSB)<\/span><\/li><li><span>Regiunea Bucure\u0219ti-Ilfov (RBI)<\/span><\/li><\/ul>\t\t\t\t\t\t<\/div>\n\t\t\t\t<\/div>\n\t\t\t\t\t<\/div>\n\t\t\t\t<\/div>\n\t\t\t\t<\/div>\n\t\t","protected":false},"excerpt":{"rendered":"<p>FDI &#8211; INTERNATIONALIZARE Project EEA 107379\/2019 \u2013 Hybrid system for energetic efficiency using geothermal energy applied in UPG Ploiesti campus The programme objective is to achieve less carbon intensive energy and increased security of supply. The Programme seeks to stimulate and develop long\u2010term cooperation between Iceland, Liechtenstein, Norway (\u201cthe Donor States\u201d) and Romania (\u201cBeneficiary State\u201d) <\/p>\n","protected":false},"author":1,"featured_media":0,"parent":0,"menu_order":0,"comment_status":"closed","ping_status":"closed","template":"","meta":{"footnotes":""},"class_list":["post-1628","page","type-page","status-publish","hentry"],"acf":[],"_links":{"self":[{"href":"https:\/\/internationalizare.upg-ploiesti.ro\/index.php\/wp-json\/wp\/v2\/pages\/1628","targetHints":{"allow":["GET"]}}],"collection":[{"href":"https:\/\/internationalizare.upg-ploiesti.ro\/index.php\/wp-json\/wp\/v2\/pages"}],"about":[{"href":"https:\/\/internationalizare.upg-ploiesti.ro\/index.php\/wp-json\/wp\/v2\/types\/page"}],"author":[{"embeddable":true,"href":"https:\/\/internationalizare.upg-ploiesti.ro\/index.php\/wp-json\/wp\/v2\/users\/1"}],"replies":[{"embeddable":true,"href":"https:\/\/internationalizare.upg-ploiesti.ro\/index.php\/wp-json\/wp\/v2\/comments?post=1628"}],"version-history":[{"count":13,"href":"https:\/\/internationalizare.upg-ploiesti.ro\/index.php\/wp-json\/wp\/v2\/pages\/1628\/revisions"}],"predecessor-version":[{"id":2985,"href":"https:\/\/internationalizare.upg-ploiesti.ro\/index.php\/wp-json\/wp\/v2\/pages\/1628\/revisions\/2985"}],"wp:attachment":[{"href":"https:\/\/internationalizare.upg-ploiesti.ro\/index.php\/wp-json\/wp\/v2\/media?parent=1628"}],"curies":[{"name":"wp","href":"https:\/\/api.w.org\/{rel}","templated":true}]}}