{"id":1519,"date":"2022-04-21T05:37:17","date_gmt":"2022-04-21T05:37:17","guid":{"rendered":"https:\/\/internationalizare.upg-ploiesti.ro\/?page_id=1519"},"modified":"2025-03-04T13:30:50","modified_gmt":"2025-03-04T13:30:50","slug":"int","status":"publish","type":"page","link":"https:\/\/internationalizare.upg-ploiesti.ro\/index.php\/en\/int\/","title":{"rendered":"International"},"content":{"rendered":"\t\t<div data-elementor-type=\"wp-page\" data-elementor-id=\"1519\" class=\"elementor elementor-1519\">\n\t\t\t\t\t\t<section class=\"elementor-section elementor-top-section elementor-element elementor-element-a82f1d0 elementor-section-full_width elementor-section-height-default elementor-section-height-default\" data-id=\"a82f1d0\" data-element_type=\"section\">\n\t\t\t\t\t\t<div class=\"elementor-container elementor-column-gap-default\">\n\t\t\t\t\t<div class=\"elementor-column elementor-col-100 elementor-top-column elementor-element elementor-element-bea6bf1\" data-id=\"bea6bf1\" data-element_type=\"column\">\n\t\t\t<div class=\"elementor-widget-wrap elementor-element-populated\">\n\t\t\t\t\t\t<div class=\"elementor-element elementor-element-7414280 elementor-widget elementor-widget-Ellen_Banner_One\" data-id=\"7414280\" data-element_type=\"widget\" data-widget_type=\"Ellen_Banner_One.default\">\n\t\t\t\t<div class=\"elementor-widget-container\">\n\t\t\t            <div class=\"main-banner-area\">\r\n                <div class=\"container-fluid\">\r\n                    <div class=\"row align-items-center\">\r\n                        <div class=\"col-lg-6 col-md-12\">\r\n                            <div class=\"main-banner-content\">\r\n                                <h1  class=\"title\">\r\n                                    INTERNATIONAL RELATIONS                                 <\/h1>\r\n                                <p ><a href=\"https:\/\/www.upg-ploiesti.ro\/\">PETROLEUM-GAS UNIVERSITY OF PLOIE\u015eTI <\/a>\n<\/p>\r\n\r\n                                                                    <form class=\"search-box\" method=\"get\" action=\"https:\/\/internationalizare.upg-ploiesti.ro\/\">\r\n                                        <input type=\"text\" name=\"s\" class=\"input-search\" placeholder=\"What do you want to learn today?\">\r\n                                        <input type=\"hidden\" value=\"course\" name=\"ref\" \/>\r\n                                        <input type=\"hidden\" name=\"post_type\" value=\"courses\">\r\n\r\n                                                                                    <button type=\"submit\">\r\n                                                                                                Search Now                                            <\/button>\r\n                                                                            <\/form>\r\n                                \r\n                                <div class=\"support-box\">\r\n                                    <div class=\"d-flex align-items-center\">\r\n                                        <div class=\"images d-flex align-items-center\">\r\n                                                                                            <img decoding=\"async\" src=\"https:\/\/internationalizare.upg-ploiesti.ro\/wp-content\/uploads\/2025\/03\/logo-study-1-e1741094941303.jpg\" alt=\"INTERNATIONAL RELATIONS \">\r\n                                                                                    <\/div>\r\n                                        <div class=\"text\">\r\n                                            <h5 class=\"bigTitle\"><a href=\"https:\/\/studyinromania.gov.ro\/upg\"><strong>STUDY IN ROMANIA<\/strong><\/a><\/h5>                                        <\/div>\r\n                                    <\/div>\r\n                                <\/div>\r\n\r\n                                                                    <a href=\"https:\/\/www.facebook.com\/p\/Erasmus-UPG-Ploiesti-100071687070987\/\" class=\"link-btn\"><i class=\"fa fa-facebook\"><\/i> Erasmus+ UPG Ploiesti<\/a>\r\n                                                            <\/div>\r\n                        <\/div>\r\n                        <div class=\"col-lg-6 col-md-12\">\r\n                            <div class=\"main-banner-image\">\r\n                                <div class=\"row align-items-center\">\r\n                                    <div class=\"col-lg-6 col-md-6\">\r\n                                        <div class=\"image\">\r\n                                                                                            <img decoding=\"async\" src=\"https:\/\/internationalizare.upg-ploiesti.ro\/wp-content\/uploads\/2022\/01\/about-img1.png\" data-aos=\"flip-left\" data-aos-easing=\"ease\" data-aos-delay=\"300\" alt=\"INTERNATIONAL RELATIONS \">\r\n                                                                                    <\/div>\r\n                                    <\/div>\r\n                                    <div class=\"col-lg-6 col-md-6\">\r\n                                        <div class=\"image\">\r\n                                                                                            <img decoding=\"async\" src=\"https:\/\/internationalizare.upg-ploiesti.ro\/wp-content\/uploads\/2021\/11\/courses-img12.jpg\" data-aos=\"fade-up\" data-aos-easing=\"ease\" data-aos-delay=\"300\" alt=\"INTERNATIONAL RELATIONS \">\r\n                                                                                    <\/div>\r\n                                        <div class=\"image\">\r\n                                                                                            <img decoding=\"async\" src=\"https:\/\/internationalizare.upg-ploiesti.ro\/wp-content\/uploads\/2022\/04\/upg1.png\" data-aos=\"fade-down\" data-aos-easing=\"ease\" data-aos-delay=\"300\" alt=\"INTERNATIONAL RELATIONS \">\r\n                                                                                    <\/div>\r\n                                    <\/div>\r\n                                <\/div>\r\n                            <\/div>\r\n                        <\/div>\r\n                    <\/div>\r\n                <\/div>\r\n\r\n                                    <div class=\"shape1\">\r\n                        <img decoding=\"async\" src=\"https:\/\/internationalizare.upg-ploiesti.ro\/wp-content\/uploads\/2022\/01\/left-shape-image.png\" alt=\"INTERNATIONAL RELATIONS \">\r\n                    <\/div>\r\n                                                    <div class=\"shape2\" data-speed=\"0.10\" data-revert=\"true\">\r\n                        <img decoding=\"async\" src=\"https:\/\/internationalizare.upg-ploiesti.ro\/wp-content\/uploads\/2022\/04\/s1-e1650525699473.png\" alt=\"INTERNATIONAL RELATIONS \">\r\n                    <\/div>\r\n                                                    <div class=\"shape3\" data-speed=\"0.10\" data-revert=\"true\">\r\n                        <img decoding=\"async\" src=\"https:\/\/internationalizare.upg-ploiesti.ro\/wp-content\/uploads\/2022\/04\/9468588.png\" alt=\"INTERNATIONAL RELATIONS \">\r\n                    <\/div>\r\n                            <\/div>\r\n        \t\t<\/div>\n\t\t\t\t<\/div>\n\t\t\t\t\t<\/div>\n\t\t<\/div>\n\t\t\t\t\t<\/div>\n\t\t<\/section>\n\t\t<div class=\"elementor-element elementor-element-93d270f e-flex e-con-boxed e-con e-parent\" data-id=\"93d270f\" data-element_type=\"container\" data-core-v316-plus=\"true\">\n\t\t\t\t\t<div class=\"e-con-inner\">\n\t\t\t\t<div class=\"elementor-element elementor-element-6593317 elementor-arrows-position-inside elementor-pagination-position-outside elementor-widget elementor-widget-image-carousel\" data-id=\"6593317\" data-element_type=\"widget\" data-settings=\"{&quot;navigation&quot;:&quot;both&quot;,&quot;autoplay&quot;:&quot;yes&quot;,&quot;pause_on_hover&quot;:&quot;yes&quot;,&quot;pause_on_interaction&quot;:&quot;yes&quot;,&quot;autoplay_speed&quot;:5000,&quot;infinite&quot;:&quot;yes&quot;,&quot;speed&quot;:500}\" data-widget_type=\"image-carousel.default\">\n\t\t\t\t<div class=\"elementor-widget-container\">\n\t\t\t<style>\/*! elementor - v3.20.0 - 10-04-2024 *\/\n.elementor-widget-image-carousel .swiper,.elementor-widget-image-carousel .swiper-container{position:static}.elementor-widget-image-carousel .swiper-container .swiper-slide figure,.elementor-widget-image-carousel .swiper .swiper-slide figure{line-height:inherit}.elementor-widget-image-carousel .swiper-slide{text-align:center}.elementor-image-carousel-wrapper:not(.swiper-container-initialized):not(.swiper-initialized) .swiper-slide{max-width:calc(100% \/ var(--e-image-carousel-slides-to-show, 3))}<\/style>\t\t<div class=\"elementor-image-carousel-wrapper swiper\" dir=\"ltr\">\n\t\t\t<div class=\"elementor-image-carousel swiper-wrapper\" aria-live=\"off\">\n\t\t\t\t\t\t\t\t<div class=\"swiper-slide\" role=\"group\" aria-roledescription=\"slide\" aria-label=\"1 of 6\"><figure class=\"swiper-slide-inner\"><img decoding=\"async\" class=\"swiper-slide-image\" src=\"https:\/\/internationalizare.upg-ploiesti.ro\/wp-content\/uploads\/2022\/04\/cropped-sigla-150x150.png\" alt=\"Universitatea Petrol - Gaze din Ploie\u015fti\" \/><\/figure><\/div><div class=\"swiper-slide\" role=\"group\" aria-roledescription=\"slide\" aria-label=\"2 of 6\"><figure class=\"swiper-slide-inner\"><img decoding=\"async\" class=\"swiper-slide-image\" src=\"https:\/\/internationalizare.upg-ploiesti.ro\/wp-content\/uploads\/2022\/04\/ipg.png\" alt=\"FACULTATEA DE INGINERIA PETROLULUI \u015eI GAZELOR\" \/><\/figure><\/div><div class=\"swiper-slide\" role=\"group\" aria-roledescription=\"slide\" aria-label=\"3 of 6\"><figure class=\"swiper-slide-inner\"><img decoding=\"async\" class=\"swiper-slide-image\" src=\"https:\/\/internationalizare.upg-ploiesti.ro\/wp-content\/uploads\/2022\/04\/ime.png\" alt=\"FACULTATEA DE INGINERIE MECANIC\u0102 \u015eI ELECTRIC\u0102\" \/><\/figure><\/div><div class=\"swiper-slide\" role=\"group\" aria-roledescription=\"slide\" aria-label=\"4 of 6\"><figure class=\"swiper-slide-inner\"><img decoding=\"async\" class=\"swiper-slide-image\" src=\"https:\/\/internationalizare.upg-ploiesti.ro\/wp-content\/uploads\/2022\/04\/tpp.png\" alt=\"FACULTATEA DE TEHNOLOGIA PETROLULUI \u0218I PETROCHIMIE\" \/><\/figure><\/div><div class=\"swiper-slide\" role=\"group\" aria-roledescription=\"slide\" aria-label=\"5 of 6\"><figure class=\"swiper-slide-inner\"><img decoding=\"async\" class=\"swiper-slide-image\" src=\"https:\/\/internationalizare.upg-ploiesti.ro\/wp-content\/uploads\/2022\/04\/ls.png\" alt=\"FACULTATEA DE LITERE \u0218I \u0218TIIN\u021aE\" \/><\/figure><\/div><div class=\"swiper-slide\" role=\"group\" aria-roledescription=\"slide\" aria-label=\"6 of 6\"><figure class=\"swiper-slide-inner\"><img decoding=\"async\" class=\"swiper-slide-image\" src=\"https:\/\/internationalizare.upg-ploiesti.ro\/wp-content\/uploads\/2022\/04\/se.png\" alt=\"FACULTATEA DE \u015eTIIN\u0162E ECONOMICE\" \/><\/figure><\/div>\t\t\t<\/div>\n\t\t\t\t\t\t\t\t\t\t\t\t<div class=\"elementor-swiper-button elementor-swiper-button-prev\" role=\"button\" tabindex=\"0\">\n\t\t\t\t\t\t<i aria-hidden=\"true\" class=\"eicon-chevron-left\"><\/i>\t\t\t\t\t<\/div>\n\t\t\t\t\t<div class=\"elementor-swiper-button elementor-swiper-button-next\" role=\"button\" tabindex=\"0\">\n\t\t\t\t\t\t<i aria-hidden=\"true\" class=\"eicon-chevron-right\"><\/i>\t\t\t\t\t<\/div>\n\t\t\t\t\n\t\t\t\t\t\t\t\t\t<div class=\"swiper-pagination\"><\/div>\n\t\t\t\t\t\t\t\t\t<\/div>\n\t\t\t\t<\/div>\n\t\t\t\t<\/div>\n\t\t\t\t\t<\/div>\n\t\t\t\t<\/div>\n\t\t<div class=\"elementor-element elementor-element-7947393 e-flex e-con-boxed e-con e-parent\" data-id=\"7947393\" data-element_type=\"container\" data-core-v316-plus=\"true\">\n\t\t\t\t\t<div class=\"e-con-inner\">\n\t\t\t\t<div class=\"elementor-element elementor-element-7a3881f elementor-widget elementor-widget-Ellen_Funfacts\" data-id=\"7a3881f\" data-element_type=\"widget\" data-widget_type=\"Ellen_Funfacts.default\">\n\t\t\t\t<div class=\"elementor-widget-container\">\n\t\t\t\t\t\t<div class=\"funfacts-area bg-color\">\r\n\t\t\t\t<div class=\"funfacts-inner\" style=\"background-image:url(https:\/\/internationalizare.upg-ploiesti.ro\/wp-content\/uploads\/2021\/11\/border-shape1.png);\">\r\n\t\t\t\t\t<div class=\"container\">\r\n\t\t\t\t\t\t<div class=\"row\">\r\n\t\t\t\t\t\t\t\t\t\t\t\t\t\t\t<div class=\"col-lg-3 col-md-4 col-6 col-sm-4\">\r\n\t\t\t\t\t\t\t\t\t<div class=\"single-funfacts-box white-color\">\r\n\t\t\t\t\t\t\t\t\t\t<i class=\"fa fa-university\"><\/i>\r\n\t\t\t\t\t\t\t\t\t\t<h3><span class=\"odometer\" data-count=\"5\">00<\/span><span class=\"sign\"><\/span><\/h3>\r\n\t\t\t\t\t\t\t\t\t\t<p>Faculties<\/p>\r\n\t\t\t\t\t\t\t\t\t<\/div>\r\n\t\t\t\t\t\t\t\t<\/div>\r\n\t\t\t\t\t\t\t\t\t\t\t\t\t\t\t<div class=\"col-lg-3 col-md-4 col-6 col-sm-4\">\r\n\t\t\t\t\t\t\t\t\t<div class=\"single-funfacts-box white-color\">\r\n\t\t\t\t\t\t\t\t\t\t<i class=\"fa fa-bandcamp\"><\/i>\r\n\t\t\t\t\t\t\t\t\t\t<h3><span class=\"odometer\" data-count=\"18\">00<\/span><span class=\"sign\"><\/span><\/h3>\r\n\t\t\t\t\t\t\t\t\t\t<p>Domains<\/p>\r\n\t\t\t\t\t\t\t\t\t<\/div>\r\n\t\t\t\t\t\t\t\t<\/div>\r\n\t\t\t\t\t\t\t\t\t\t\t\t\t\t\t<div class=\"col-lg-3 col-md-4 col-6 col-sm-4\">\r\n\t\t\t\t\t\t\t\t\t<div class=\"single-funfacts-box white-color\">\r\n\t\t\t\t\t\t\t\t\t\t<i class=\"bx bx-layer\"><\/i>\r\n\t\t\t\t\t\t\t\t\t\t<h3><span class=\"odometer\" data-count=\"26\">00<\/span><span class=\"sign\"><\/span><\/h3>\r\n\t\t\t\t\t\t\t\t\t\t<p>Study programmes<\/p>\r\n\t\t\t\t\t\t\t\t\t<\/div>\r\n\t\t\t\t\t\t\t\t<\/div>\r\n\t\t\t\t\t\t\t\t\t\t\t\t\t<\/div>\r\n\t\t\t\t\t<\/div>\r\n\t\t\t\t<\/div>\r\n\t\t\t<\/div>\r\n\t\t        \t\t<\/div>\n\t\t\t\t<\/div>\n\t\t\t\t\t<\/div>\n\t\t\t\t<\/div>\n\t\t\t\t<section class=\"elementor-section elementor-top-section elementor-element elementor-element-c146ac8 elementor-section-full_width elementor-section-height-default elementor-section-height-default\" data-id=\"c146ac8\" data-element_type=\"section\">\n\t\t\t\t\t\t<div class=\"elementor-container elementor-column-gap-default\">\n\t\t\t\t\t<div class=\"elementor-column elementor-col-100 elementor-top-column elementor-element elementor-element-53fab51\" data-id=\"53fab51\" data-element_type=\"column\">\n\t\t\t<div class=\"elementor-widget-wrap elementor-element-populated\">\n\t\t\t\t\t\t<div class=\"elementor-element elementor-element-ca054a3 elementor-widget elementor-widget-EllenBlogPost\" data-id=\"ca054a3\" data-element_type=\"widget\" data-widget_type=\"EllenBlogPost.default\">\n\t\t\t\t<div class=\"elementor-widget-container\">\n\t\t\t            <div class=\"container\">\r\n                <div class=\"row justify-content-center\">\r\n                                            <div class=\"col-lg-4 col-md-6\">\r\n                            <div class=\"el-single-blog-post\">\r\n                                <div class=\"image\">\r\n                                    <a href=\"https:\/\/internationalizare.upg-ploiesti.ro\/index.php\/en\/news\/erasmus-week-international-dimension-april-12-17-2024-2\/\"class=\"d-block\"><img decoding=\"async\" src=\"https:\/\/internationalizare.upg-ploiesti.ro\/wp-content\/uploads\/2024\/04\/eras.png\" alt=\"\"><\/a>\r\n                                <\/div>\r\n\r\n                                <div class=\"content\">\r\n                                    <ul class=\"meta\">\r\n                                        <li>international<\/li>\r\n                                        <li>April 13, 2024<\/li>\r\n                                    <\/ul>\r\n\r\n                                    <h3><a href=\"https:\/\/internationalizare.upg-ploiesti.ro\/index.php\/en\/news\/erasmus-week-international-dimension-april-12-17-2024-2\/\">Erasmus+ WEEK International Dimension, April, 12 &#8211; 17, 2024<\/a><\/h3>\r\n                                    <p><\/p>\r\n                                <\/div>\r\n                            <\/div>\r\n                        <\/div>\r\n                                            <div class=\"col-lg-4 col-md-6\">\r\n                            <div class=\"el-single-blog-post\">\r\n                                <div class=\"image\">\r\n                                    <a href=\"https:\/\/internationalizare.upg-ploiesti.ro\/index.php\/en\/news\/eu-funding-opportunities\/\"class=\"d-block\"><img decoding=\"async\" src=\"https:\/\/internationalizare.upg-ploiesti.ro\/wp-content\/uploads\/2024\/03\/eu.png\" alt=\"\"><\/a>\r\n                                <\/div>\r\n\r\n                                <div class=\"content\">\r\n                                    <ul class=\"meta\">\r\n                                        <li>international<\/li>\r\n                                        <li>April 13, 2024<\/li>\r\n                                    <\/ul>\r\n\r\n                                    <h3><a href=\"https:\/\/internationalizare.upg-ploiesti.ro\/index.php\/en\/news\/eu-funding-opportunities\/\">EU Funding Opportunities<\/a><\/h3>\r\n                                    <p><p>Alternative Fuels Infrastructure Facility &#8211; Co-funding Rate CEF-T-2024-AFIFCOEN-COSTS&nbsp;|&nbsp;Call for proposalOpening date:&nbsp;29 February 2024&nbsp;|&nbsp;Next deadline:&nbsp;24 September 2024&nbsp; Alternative Fuels Infrastructure Facility &#8211; Unit Contributions CEF-T-2024-AFIFCOEN-UNITS&nbsp;|&nbsp;Call for proposal Opening date:&nbsp;29 February 2024&nbsp;|&nbsp;Next deadline:&nbsp;24 September 2024 DACCS and BECCS for CO2 removal\/negative emissions HORIZON-CL5-2024-D3-02-12&nbsp;|&nbsp;Call for proposal Opening date:&nbsp;17 September 2024&nbsp;|&nbsp;Next deadline:&nbsp;21 January 2025 Minimisation of environmental, and optimisation <\/p>\n<\/p>\r\n                                <\/div>\r\n                            <\/div>\r\n                        <\/div>\r\n                                            <div class=\"col-lg-4 col-md-6\">\r\n                            <div class=\"el-single-blog-post\">\r\n                                <div class=\"image\">\r\n                                    <a href=\"https:\/\/internationalizare.upg-ploiesti.ro\/index.php\/en\/news\/summer-2024-admissions-in-person-remote-2\/\"class=\"d-block\"><img decoding=\"async\" src=\"https:\/\/internationalizare.upg-ploiesti.ro\/wp-content\/uploads\/2024\/03\/ci-860x648.png\" alt=\"\"><\/a>\r\n                                <\/div>\r\n\r\n                                <div class=\"content\">\r\n                                    <ul class=\"meta\">\r\n                                        <li>international<\/li>\r\n                                        <li>April 13, 2024<\/li>\r\n                                    <\/ul>\r\n\r\n                                    <h3><a href=\"https:\/\/internationalizare.upg-ploiesti.ro\/index.php\/en\/news\/summer-2024-admissions-in-person-remote-2\/\">Summer 2024 admissions (in-person &amp; Remote)<\/a><\/h3>\r\n                                    <p><p>Places on our core programs &#8211; New York, London &amp; Los Angeles &#8211; remain open. Students may now join&nbsp;early-summer&nbsp;(mid-May to early-July),&nbsp;summer&nbsp;(mid-June to early-August) and&nbsp;late-summer&nbsp;(mid-July to early Sept) sessions in the following locations: &gt;&nbsp;New York,&nbsp;London &amp; Los Angeles &gt; Remote options also available&nbsp; Interested students are encouraged to apply&nbsp;ASAP&nbsp;via:&nbsp;www.city-internships.com\/apply Availability&nbsp;in the following locations is now limited <\/p>\n<\/p>\r\n                                <\/div>\r\n                            <\/div>\r\n                        <\/div>\r\n                                                        <\/div>\r\n            <\/div>\r\n\r\n                            \t\t<\/div>\n\t\t\t\t<\/div>\n\t\t\t\t\t<\/div>\n\t\t<\/div>\n\t\t\t\t\t<\/div>\n\t\t<\/section>\n\t\t\t\t<\/div>\n\t\t","protected":false},"excerpt":{"rendered":"<p>INTERNATIONAL RELATIONS PETROLEUM-GAS UNIVERSITY OF PLOIE\u015eTI Search Now STUDY IN ROMANIA Erasmus+ UPG Ploiesti 00 Faculties 00 Domains 00 Study programmes<\/p>\n","protected":false},"author":1,"featured_media":0,"parent":0,"menu_order":0,"comment_status":"closed","ping_status":"closed","template":"","meta":{"footnotes":""},"class_list":["post-1519","page","type-page","status-publish","hentry"],"acf":[],"_links":{"self":[{"href":"https:\/\/internationalizare.upg-ploiesti.ro\/index.php\/wp-json\/wp\/v2\/pages\/1519","targetHints":{"allow":["GET"]}}],"collection":[{"href":"https:\/\/internationalizare.upg-ploiesti.ro\/index.php\/wp-json\/wp\/v2\/pages"}],"about":[{"href":"https:\/\/internationalizare.upg-ploiesti.ro\/index.php\/wp-json\/wp\/v2\/types\/page"}],"author":[{"embeddable":true,"href":"https:\/\/internationalizare.upg-ploiesti.ro\/index.php\/wp-json\/wp\/v2\/users\/1"}],"replies":[{"embeddable":true,"href":"https:\/\/internationalizare.upg-ploiesti.ro\/index.php\/wp-json\/wp\/v2\/comments?post=1519"}],"version-history":[{"count":40,"href":"https:\/\/internationalizare.upg-ploiesti.ro\/index.php\/wp-json\/wp\/v2\/pages\/1519\/revisions"}],"predecessor-version":[{"id":2829,"href":"https:\/\/internationalizare.upg-ploiesti.ro\/index.php\/wp-json\/wp\/v2\/pages\/1519\/revisions\/2829"}],"wp:attachment":[{"href":"https:\/\/internationalizare.upg-ploiesti.ro\/index.php\/wp-json\/wp\/v2\/media?parent=1519"}],"curies":[{"name":"wp","href":"https:\/\/api.w.org\/{rel}","templated":true}]}}