{"id":1517,"date":"2022-04-21T05:34:03","date_gmt":"2022-04-21T05:34:03","guid":{"rendered":"https:\/\/internationalizare.upg-ploiesti.ro\/?page_id=1517"},"modified":"2025-03-04T15:01:08","modified_gmt":"2025-03-04T15:01:08","slug":"home","status":"publish","type":"page","link":"https:\/\/internationalizare.upg-ploiesti.ro\/","title":{"rendered":"Acasa"},"content":{"rendered":"\t\t<div data-elementor-type=\"wp-page\" data-elementor-id=\"1517\" class=\"elementor elementor-1517\">\n\t\t\t\t\t\t<section class=\"elementor-section elementor-top-section elementor-element elementor-element-469c68d elementor-section-full_width elementor-section-height-default elementor-section-height-default\" data-id=\"469c68d\" data-element_type=\"section\">\n\t\t\t\t\t\t<div class=\"elementor-container elementor-column-gap-default\">\n\t\t\t\t\t<div class=\"elementor-column elementor-col-100 elementor-top-column elementor-element elementor-element-77c7dab\" data-id=\"77c7dab\" data-element_type=\"column\">\n\t\t\t<div class=\"elementor-widget-wrap\">\n\t\t\t\t\t\t\t<\/div>\n\t\t<\/div>\n\t\t\t\t\t<\/div>\n\t\t<\/section>\n\t\t\t\t<section class=\"elementor-section elementor-top-section elementor-element elementor-element-d204f9f elementor-section-full_width elementor-section-height-default elementor-section-height-default\" data-id=\"d204f9f\" data-element_type=\"section\">\n\t\t\t\t\t\t<div class=\"elementor-container elementor-column-gap-default\">\n\t\t\t\t\t<div class=\"elementor-column elementor-col-100 elementor-top-column elementor-element elementor-element-771252c\" data-id=\"771252c\" data-element_type=\"column\">\n\t\t\t<div class=\"elementor-widget-wrap elementor-element-populated\">\n\t\t\t\t\t\t<div class=\"elementor-element elementor-element-eb1218e elementor-widget__width-inherit elementor-widget elementor-widget-Ellen_Banner_One\" data-id=\"eb1218e\" data-element_type=\"widget\" data-widget_type=\"Ellen_Banner_One.default\">\n\t\t\t\t<div class=\"elementor-widget-container\">\n\t\t\t            <div class=\"main-banner-area\">\r\n                <div class=\"container-fluid\">\r\n                    <div class=\"row align-items-center\">\r\n                        <div class=\"col-lg-6 col-md-12\">\r\n                            <div class=\"main-banner-content\">\r\n                                <h1  class=\"title\">\r\n                                    Interna\u021bionalizare                                <\/h1>\r\n                                <p ><a href=\"https:\/\/www.upg-ploiesti.ro\/\">Universitatea Petrol - Gaze din Ploie\u015fti <\/a><\/p>\r\n\r\n                                                                    <form class=\"search-box\" method=\"get\" action=\"https:\/\/internationalizare.upg-ploiesti.ro\/\">\r\n                                        <input type=\"text\" name=\"s\" class=\"input-search\" placeholder=\"What do you want to learn today?\">\r\n                                        <input type=\"hidden\" value=\"course\" name=\"ref\" \/>\r\n                                        <input type=\"hidden\" name=\"post_type\" value=\"courses\">\r\n\r\n                                                                                    <button type=\"submit\">\r\n                                                                                                Caut\u0103                                            <\/button>\r\n                                                                            <\/form>\r\n                                \r\n                                <div class=\"support-box\">\r\n                                    <div class=\"d-flex align-items-center\">\r\n                                        <div class=\"images d-flex align-items-center\">\r\n                                                                                            <img decoding=\"async\" src=\"https:\/\/internationalizare.upg-ploiesti.ro\/wp-content\/uploads\/2025\/03\/logo-study-e1741094133209.jpg\" alt=\"Interna\u021bionalizare\">\r\n                                                                                    <\/div>\r\n                                        <div class=\"text\">\r\n                                            <h5 class=\"bigTitle\"><a href=\"https:\/\/studyinromania.gov.ro\/upg\"><strong>STUDY IN ROMANIA<\/strong><\/a><\/h5>                                        <\/div>\r\n                                    <\/div>\r\n                                <\/div>\r\n\r\n                                                                    <a href=\"https:\/\/www.facebook.com\/p\/Erasmus-UPG-Ploiesti-100071687070987\/\" class=\"link-btn\"><i class=\"fa fa-facebook\"><\/i> Erasmus+ UPG Ploiesti<\/a>\r\n                                                            <\/div>\r\n                        <\/div>\r\n                        <div class=\"col-lg-6 col-md-12\">\r\n                            <div class=\"main-banner-image\">\r\n                                <div class=\"row align-items-center\">\r\n                                    <div class=\"col-lg-6 col-md-6\">\r\n                                        <div class=\"image\">\r\n                                                                                            <img decoding=\"async\" src=\"https:\/\/internationalizare.upg-ploiesti.ro\/wp-content\/uploads\/2022\/01\/about-img1.png\" data-aos=\"flip-left\" data-aos-easing=\"ease\" data-aos-delay=\"300\" alt=\"Interna\u021bionalizare\">\r\n                                                                                    <\/div>\r\n                                    <\/div>\r\n                                    <div class=\"col-lg-6 col-md-6\">\r\n                                        <div class=\"image\">\r\n                                                                                            <img decoding=\"async\" src=\"https:\/\/internationalizare.upg-ploiesti.ro\/wp-content\/uploads\/2021\/11\/courses-img12.jpg\" data-aos=\"fade-up\" data-aos-easing=\"ease\" data-aos-delay=\"300\" alt=\"Interna\u021bionalizare\">\r\n                                                                                    <\/div>\r\n                                        <div class=\"image\">\r\n                                                                                            <img decoding=\"async\" src=\"https:\/\/internationalizare.upg-ploiesti.ro\/wp-content\/uploads\/2022\/04\/upg1.png\" data-aos=\"fade-down\" data-aos-easing=\"ease\" data-aos-delay=\"300\" alt=\"Interna\u021bionalizare\">\r\n                                                                                    <\/div>\r\n                                    <\/div>\r\n                                <\/div>\r\n                            <\/div>\r\n                        <\/div>\r\n                    <\/div>\r\n                <\/div>\r\n\r\n                                                                    <div class=\"shape3\" data-speed=\"0.10\" data-revert=\"true\">\r\n                        <img decoding=\"async\" src=\"https:\/\/internationalizare.upg-ploiesti.ro\/wp-content\/uploads\/2022\/04\/9468588.png\" alt=\"Interna\u021bionalizare\">\r\n                    <\/div>\r\n                            <\/div>\r\n        \t\t<\/div>\n\t\t\t\t<\/div>\n\t\t\t\t\t<\/div>\n\t\t<\/div>\n\t\t\t\t\t<\/div>\n\t\t<\/section>\n\t\t\t\t<section class=\"elementor-section elementor-top-section elementor-element elementor-element-cff9790 elementor-section-full_width elementor-section-height-default elementor-section-height-default\" data-id=\"cff9790\" data-element_type=\"section\">\n\t\t\t\t\t\t<div class=\"elementor-container elementor-column-gap-default\">\n\t\t\t\t\t<div class=\"elementor-column elementor-col-100 elementor-top-column elementor-element elementor-element-d3dd15c\" data-id=\"d3dd15c\" data-element_type=\"column\">\n\t\t\t<div class=\"elementor-widget-wrap elementor-element-populated\">\n\t\t\t\t\t\t<div class=\"elementor-element elementor-element-767d50d elementor-arrows-position-inside elementor-pagination-position-outside elementor-widget elementor-widget-image-carousel\" data-id=\"767d50d\" data-element_type=\"widget\" data-settings=\"{&quot;navigation&quot;:&quot;both&quot;,&quot;autoplay&quot;:&quot;yes&quot;,&quot;pause_on_hover&quot;:&quot;yes&quot;,&quot;pause_on_interaction&quot;:&quot;yes&quot;,&quot;autoplay_speed&quot;:5000,&quot;infinite&quot;:&quot;yes&quot;,&quot;speed&quot;:500}\" data-widget_type=\"image-carousel.default\">\n\t\t\t\t<div class=\"elementor-widget-container\">\n\t\t\t<style>\/*! elementor - v3.20.0 - 10-04-2024 *\/\n.elementor-widget-image-carousel .swiper,.elementor-widget-image-carousel .swiper-container{position:static}.elementor-widget-image-carousel .swiper-container .swiper-slide figure,.elementor-widget-image-carousel .swiper .swiper-slide figure{line-height:inherit}.elementor-widget-image-carousel .swiper-slide{text-align:center}.elementor-image-carousel-wrapper:not(.swiper-container-initialized):not(.swiper-initialized) .swiper-slide{max-width:calc(100% \/ var(--e-image-carousel-slides-to-show, 3))}<\/style>\t\t<div class=\"elementor-image-carousel-wrapper swiper\" dir=\"ltr\">\n\t\t\t<div class=\"elementor-image-carousel swiper-wrapper\" aria-live=\"off\">\n\t\t\t\t\t\t\t\t<div class=\"swiper-slide\" role=\"group\" aria-roledescription=\"slide\" aria-label=\"1 of 6\"><figure class=\"swiper-slide-inner\"><img decoding=\"async\" class=\"swiper-slide-image\" src=\"https:\/\/internationalizare.upg-ploiesti.ro\/wp-content\/uploads\/2022\/04\/cropped-sigla-150x150.png\" alt=\"Universitatea Petrol - Gaze din Ploie\u015fti\" \/><\/figure><\/div><div class=\"swiper-slide\" role=\"group\" aria-roledescription=\"slide\" aria-label=\"2 of 6\"><figure class=\"swiper-slide-inner\"><img decoding=\"async\" class=\"swiper-slide-image\" src=\"https:\/\/internationalizare.upg-ploiesti.ro\/wp-content\/uploads\/2022\/04\/ipg.png\" alt=\"FACULTATEA DE INGINERIA PETROLULUI \u015eI GAZELOR\" \/><\/figure><\/div><div class=\"swiper-slide\" role=\"group\" aria-roledescription=\"slide\" aria-label=\"3 of 6\"><figure class=\"swiper-slide-inner\"><img decoding=\"async\" class=\"swiper-slide-image\" src=\"https:\/\/internationalizare.upg-ploiesti.ro\/wp-content\/uploads\/2022\/04\/ime.png\" alt=\"FACULTATEA DE INGINERIE MECANIC\u0102 \u015eI ELECTRIC\u0102\" \/><\/figure><\/div><div class=\"swiper-slide\" role=\"group\" aria-roledescription=\"slide\" aria-label=\"4 of 6\"><figure class=\"swiper-slide-inner\"><img decoding=\"async\" class=\"swiper-slide-image\" src=\"https:\/\/internationalizare.upg-ploiesti.ro\/wp-content\/uploads\/2022\/04\/tpp.png\" alt=\"FACULTATEA DE TEHNOLOGIA PETROLULUI \u0218I PETROCHIMIE\" \/><\/figure><\/div><div class=\"swiper-slide\" role=\"group\" aria-roledescription=\"slide\" aria-label=\"5 of 6\"><figure class=\"swiper-slide-inner\"><img decoding=\"async\" class=\"swiper-slide-image\" src=\"https:\/\/internationalizare.upg-ploiesti.ro\/wp-content\/uploads\/2022\/04\/ls.png\" alt=\"FACULTATEA DE LITERE \u0218I \u0218TIIN\u021aE\" \/><\/figure><\/div><div class=\"swiper-slide\" role=\"group\" aria-roledescription=\"slide\" aria-label=\"6 of 6\"><figure class=\"swiper-slide-inner\"><img decoding=\"async\" class=\"swiper-slide-image\" src=\"https:\/\/internationalizare.upg-ploiesti.ro\/wp-content\/uploads\/2022\/04\/se.png\" alt=\"FACULTATEA DE \u015eTIIN\u0162E ECONOMICE\" \/><\/figure><\/div>\t\t\t<\/div>\n\t\t\t\t\t\t\t\t\t\t\t\t<div class=\"elementor-swiper-button elementor-swiper-button-prev\" role=\"button\" tabindex=\"0\">\n\t\t\t\t\t\t<i aria-hidden=\"true\" class=\"eicon-chevron-left\"><\/i>\t\t\t\t\t<\/div>\n\t\t\t\t\t<div class=\"elementor-swiper-button elementor-swiper-button-next\" role=\"button\" tabindex=\"0\">\n\t\t\t\t\t\t<i aria-hidden=\"true\" class=\"eicon-chevron-right\"><\/i>\t\t\t\t\t<\/div>\n\t\t\t\t\n\t\t\t\t\t\t\t\t\t<div class=\"swiper-pagination\"><\/div>\n\t\t\t\t\t\t\t\t\t<\/div>\n\t\t\t\t<\/div>\n\t\t\t\t<\/div>\n\t\t\t\t\t<\/div>\n\t\t<\/div>\n\t\t\t\t\t<\/div>\n\t\t<\/section>\n\t\t<div class=\"elementor-element elementor-element-0b44268 e-flex e-con-boxed e-con e-parent\" data-id=\"0b44268\" data-element_type=\"container\" data-core-v316-plus=\"true\">\n\t\t\t\t\t<div class=\"e-con-inner\">\n\t\t\t\t<div class=\"elementor-element elementor-element-dc11cfa elementor-widget elementor-widget-Ellen_Funfacts\" data-id=\"dc11cfa\" data-element_type=\"widget\" data-widget_type=\"Ellen_Funfacts.default\">\n\t\t\t\t<div class=\"elementor-widget-container\">\n\t\t\t\t\t\t<div class=\"funfacts-area bg-color\">\r\n\t\t\t\t<div class=\"funfacts-inner\" style=\"background-image:url(https:\/\/internationalizare.upg-ploiesti.ro\/wp-content\/uploads\/2021\/11\/border-shape1.png);\">\r\n\t\t\t\t\t<div class=\"container\">\r\n\t\t\t\t\t\t<div class=\"row\">\r\n\t\t\t\t\t\t\t\t\t\t\t\t\t\t\t<div class=\"col-lg-3 col-md-4 col-6 col-sm-4\">\r\n\t\t\t\t\t\t\t\t\t<div class=\"single-funfacts-box white-color\">\r\n\t\t\t\t\t\t\t\t\t\t<i class=\"fa fa-university\"><\/i>\r\n\t\t\t\t\t\t\t\t\t\t<h3><span class=\"odometer\" data-count=\"5\">00<\/span><span class=\"sign\"><\/span><\/h3>\r\n\t\t\t\t\t\t\t\t\t\t<p>Facult\u0103\u021bi<\/p>\r\n\t\t\t\t\t\t\t\t\t<\/div>\r\n\t\t\t\t\t\t\t\t<\/div>\r\n\t\t\t\t\t\t\t\t\t\t\t\t\t\t\t<div class=\"col-lg-3 col-md-4 col-6 col-sm-4\">\r\n\t\t\t\t\t\t\t\t\t<div class=\"single-funfacts-box white-color\">\r\n\t\t\t\t\t\t\t\t\t\t<i class=\"fa fa-bandcamp\"><\/i>\r\n\t\t\t\t\t\t\t\t\t\t<h3><span class=\"odometer\" data-count=\"18\">00<\/span><span class=\"sign\"><\/span><\/h3>\r\n\t\t\t\t\t\t\t\t\t\t<p>Domenii<\/p>\r\n\t\t\t\t\t\t\t\t\t<\/div>\r\n\t\t\t\t\t\t\t\t<\/div>\r\n\t\t\t\t\t\t\t\t\t\t\t\t\t\t\t<div class=\"col-lg-3 col-md-4 col-6 col-sm-4\">\r\n\t\t\t\t\t\t\t\t\t<div class=\"single-funfacts-box white-color\">\r\n\t\t\t\t\t\t\t\t\t\t<i class=\"bx bx-layer\"><\/i>\r\n\t\t\t\t\t\t\t\t\t\t<h3><span class=\"odometer\" data-count=\"26\">00<\/span><span class=\"sign\"><\/span><\/h3>\r\n\t\t\t\t\t\t\t\t\t\t<p>Specializ\u0103ri<\/p>\r\n\t\t\t\t\t\t\t\t\t<\/div>\r\n\t\t\t\t\t\t\t\t<\/div>\r\n\t\t\t\t\t\t\t\t\t\t\t\t\t<\/div>\r\n\t\t\t\t\t<\/div>\r\n\t\t\t\t<\/div>\r\n\t\t\t<\/div>\r\n\t\t        \t\t<\/div>\n\t\t\t\t<\/div>\n\t\t\t\t\t<\/div>\n\t\t\t\t<\/div>\n\t\t\t\t<section class=\"elementor-section elementor-top-section elementor-element elementor-element-7692510 elementor-section-full_width elementor-section-height-default elementor-section-height-default\" data-id=\"7692510\" data-element_type=\"section\">\n\t\t\t\t\t\t<div class=\"elementor-container elementor-column-gap-default\">\n\t\t\t\t\t<div class=\"elementor-column elementor-col-100 elementor-top-column elementor-element elementor-element-02d4c6f\" data-id=\"02d4c6f\" data-element_type=\"column\">\n\t\t\t<div class=\"elementor-widget-wrap elementor-element-populated\">\n\t\t\t\t\t\t<div class=\"elementor-element elementor-element-64e9257 elementor-widget elementor-widget-EllenBlogPost\" data-id=\"64e9257\" data-element_type=\"widget\" data-widget_type=\"EllenBlogPost.default\">\n\t\t\t\t<div class=\"elementor-widget-container\">\n\t\t\t            <div class=\"container\">\r\n                <div class=\"row justify-content-center\">\r\n                                            <div class=\"col-lg-4 col-md-6\">\r\n                            <div class=\"el-single-blog-post\">\r\n                                <div class=\"image\">\r\n                                    <a href=\"https:\/\/internationalizare.upg-ploiesti.ro\/index.php\/stiri\/anunt-mobilitati-erasmus-training\/\"class=\"d-block\"><img decoding=\"async\" src=\"https:\/\/internationalizare.upg-ploiesti.ro\/wp-content\/uploads\/2026\/03\/em-e1773147793289-860x648.png\" alt=\"\"><\/a>\r\n                                <\/div>\r\n\r\n                                <div class=\"content\">\r\n                                    <ul class=\"meta\">\r\n                                        <li>international<\/li>\r\n                                        <li>March 10, 2026<\/li>\r\n                                    <\/ul>\r\n\r\n                                    <h3><a href=\"https:\/\/internationalizare.upg-ploiesti.ro\/index.php\/stiri\/anunt-mobilitati-erasmus-training\/\">ANUN\u021a \u2013 MOBILIT\u0102\u021aI ERASMUS+ (TRAINING)<\/a><\/h3>\r\n                                    <p><p>\u0218coala Doctoral\u0103 anun\u021b\u0103 disponibilitatea a 4 locuri r\u0103mase pentru mobilit\u0103\u021bi Erasmus+ de tip Training in anul universitar 2025\/2026. \ud83d\udcc5 Perioada de \u00eenscriere:p\u00e2n\u0103 la 31 martie \ud83c\udf93 Cine poate aplica:Cadrele didactice membrii ai Scolilor doctorale si studen\u021bii doctoranzi interesa\u021bi de participarea la activit\u0103\u021bi de formare, schimb de experien\u021b\u0103 \u0219i dezvoltare profesional\u0103 \u00een cadrul institu\u021biilor partenere din <\/p>\n<\/p>\r\n                                <\/div>\r\n                            <\/div>\r\n                        <\/div>\r\n                                            <div class=\"col-lg-4 col-md-6\">\r\n                            <div class=\"el-single-blog-post\">\r\n                                <div class=\"image\">\r\n                                    <a href=\"https:\/\/internationalizare.upg-ploiesti.ro\/index.php\/stiri\/erasmus-week-international-dimension-a-sasea-editie\/\"class=\"d-block\"><img decoding=\"async\" src=\"https:\/\/internationalizare.upg-ploiesti.ro\/wp-content\/uploads\/2025\/04\/WhatsApp-Image-2025-04-03-at-11.48.11-582x648.jpeg\" alt=\"\"><\/a>\r\n                                <\/div>\r\n\r\n                                <div class=\"content\">\r\n                                    <ul class=\"meta\">\r\n                                        <li>international<\/li>\r\n                                        <li>April 4, 2025<\/li>\r\n                                    <\/ul>\r\n\r\n                                    <h3><a href=\"https:\/\/internationalizare.upg-ploiesti.ro\/index.php\/stiri\/erasmus-week-international-dimension-a-sasea-editie\/\">Erasmus WEEK International Dimension (a sasea editie<\/a><\/h3>\r\n                                    <p><p>In perioada 7-11 aprilie 2025 in UPG Ploiesti va avea loc evenimentul international Erasmus WEEK International Dimension (a sasea editie).Va invitam sa participati la deschiderea oficiala a evenimentului care va avea loc Luni &#8211; 7 aprilie 2025, orele 11,00 sala AP9.Prin participarea invitatiilor de la alte universitati din strainatate si initierea discutiilor de colaborareintre acestia <\/p>\n<\/p>\r\n                                <\/div>\r\n                            <\/div>\r\n                        <\/div>\r\n                                            <div class=\"col-lg-4 col-md-6\">\r\n                            <div class=\"el-single-blog-post\">\r\n                                <div class=\"image\">\r\n                                    <a href=\"https:\/\/internationalizare.upg-ploiesti.ro\/index.php\/stiri\/erasmus-staff-week_05-09-05-2025-in-alexandroupolis-greece\/\"class=\"d-block\"><img decoding=\"async\" src=\"https:\/\/internationalizare.upg-ploiesti.ro\/wp-content\/uploads\/2025\/03\/erasmusweek1.png\" alt=\"\"><\/a>\r\n                                <\/div>\r\n\r\n                                <div class=\"content\">\r\n                                    <ul class=\"meta\">\r\n                                        <li>international<\/li>\r\n                                        <li>March 28, 2025<\/li>\r\n                                    <\/ul>\r\n\r\n                                    <h3><a href=\"https:\/\/internationalizare.upg-ploiesti.ro\/index.php\/stiri\/erasmus-staff-week_05-09-05-2025-in-alexandroupolis-greece\/\">Erasmus+ staff week_05\/-09\/05\/2025 in Alexandroupolis, Greece<\/a><\/h3>\r\n                                    <p><p>We are pleased to announce that our annual Staff Week &#8211; Blended Intensive Programme (BIP) in the framework of Erasmus+ will be taking place this&nbsp;May 5 &#8211; 9, 2025&nbsp;at Alexandroupolis, Greece.This event will offer a great opportunity to connect with colleagues, engage in professional development, and enjoy a series of insightful activities and workshops. We <\/p>\n<\/p>\r\n                                <\/div>\r\n                            <\/div>\r\n                        <\/div>\r\n                                                        <\/div>\r\n            <\/div>\r\n\r\n                            \t\t<\/div>\n\t\t\t\t<\/div>\n\t\t\t\t\t<\/div>\n\t\t<\/div>\n\t\t\t\t\t<\/div>\n\t\t<\/section>\n\t\t\t\t<section class=\"elementor-section elementor-top-section elementor-element elementor-element-c29a3c6 elementor-section-boxed elementor-section-height-default elementor-section-height-default\" data-id=\"c29a3c6\" data-element_type=\"section\">\n\t\t\t\t\t\t<div class=\"elementor-container elementor-column-gap-default\">\n\t\t\t\t\t<div class=\"elementor-column elementor-col-100 elementor-top-column elementor-element elementor-element-9312fe1\" data-id=\"9312fe1\" data-element_type=\"column\">\n\t\t\t<div class=\"elementor-widget-wrap\">\n\t\t\t\t\t\t\t<\/div>\n\t\t<\/div>\n\t\t\t\t\t<\/div>\n\t\t<\/section>\n\t\t\t\t<\/div>\n\t\t","protected":false},"excerpt":{"rendered":"<p>Interna\u021bionalizare Universitatea Petrol &#8211; Gaze din Ploie\u015fti Caut\u0103 STUDY IN ROMANIA Erasmus+ UPG Ploiesti 00 Facult\u0103\u021bi 00 Domenii 00 Specializ\u0103ri international March 4, 2025 VIZITA DELEGA\u021aIEI DE LA UNIVERSITATEA TEHNIC\u0102 A MOLDOVEI \u00ceN PERIOADA 10-14 MARTIE 2025 VA AVEA LOC VIZITA DELEGA\u021aIEI DE LA UNIVERSITATEA TEHNIC\u0102 A MOLDOVEI, \u00ceN CADRUL PROGRAMULUI ERASMUS+, CONDUS\u0102 DE PROF.UNIV.HABIL <\/p>\n","protected":false},"author":1,"featured_media":0,"parent":0,"menu_order":0,"comment_status":"closed","ping_status":"closed","template":"","meta":{"footnotes":""},"class_list":["post-1517","page","type-page","status-publish","hentry"],"acf":[],"_links":{"self":[{"href":"https:\/\/internationalizare.upg-ploiesti.ro\/index.php\/wp-json\/wp\/v2\/pages\/1517","targetHints":{"allow":["GET"]}}],"collection":[{"href":"https:\/\/internationalizare.upg-ploiesti.ro\/index.php\/wp-json\/wp\/v2\/pages"}],"about":[{"href":"https:\/\/internationalizare.upg-ploiesti.ro\/index.php\/wp-json\/wp\/v2\/types\/page"}],"author":[{"embeddable":true,"href":"https:\/\/internationalizare.upg-ploiesti.ro\/index.php\/wp-json\/wp\/v2\/users\/1"}],"replies":[{"embeddable":true,"href":"https:\/\/internationalizare.upg-ploiesti.ro\/index.php\/wp-json\/wp\/v2\/comments?post=1517"}],"version-history":[{"count":176,"href":"https:\/\/internationalizare.upg-ploiesti.ro\/index.php\/wp-json\/wp\/v2\/pages\/1517\/revisions"}],"predecessor-version":[{"id":2970,"href":"https:\/\/internationalizare.upg-ploiesti.ro\/index.php\/wp-json\/wp\/v2\/pages\/1517\/revisions\/2970"}],"wp:attachment":[{"href":"https:\/\/internationalizare.upg-ploiesti.ro\/index.php\/wp-json\/wp\/v2\/media?parent=1517"}],"curies":[{"name":"wp","href":"https:\/\/api.w.org\/{rel}","templated":true}]}}